{"id":1431,"date":"2026-03-08T14:05:10","date_gmt":"2026-03-08T14:05:10","guid":{"rendered":"https:\/\/easytopspot.com\/o-nas-cs\/"},"modified":"2026-03-08T14:05:10","modified_gmt":"2026-03-08T14:05:10","slug":"o-nas-cs","status":"publish","type":"page","link":"https:\/\/easytopspot.com\/cs\/o-nas-cs\/","title":{"rendered":"O N\u00e1s"},"content":{"rendered":"<div class=\"fp\">\n<h1>O EasyTopSpot<\/h1>\n<p>EasyTopSpot je nez\u00e1visl\u00fd web s recenzemi a srovn\u00e1n\u00edmi produkt\u016f. Testujeme skute\u010dn\u00e9 produkty v re\u00e1ln\u00fdch podm\u00ednk\u00e1ch a publikujeme \u010destn\u00e9, nestrann\u00e9 recenze.<\/p>\n<h2>Jak vyd\u011bl\u00e1v\u00e1me<\/h2>\n<p>Dost\u00e1v\u00e1me affiliate provize, kdy\u017e nakoup\u00edte produkty p\u0159es na\u0161e odkazy. To nikdy neovliv\u0148uje na\u0161e recenze.<\/p>\n<h2>Kontakt<\/h2>\n<p>Ot\u00e1zky? Napi\u0161te n\u00e1m: <strong>contact@easytopspot.com<\/strong><\/p>\n<\/div>\n","protected":false},"excerpt":{"rendered":"<p>O EasyTopSpot EasyTopSpot je nez\u00e1visl\u00fd web s recenzemi a srovn\u00e1n\u00edmi produkt\u016f. Testujeme skute\u010dn\u00e9 produkty v re\u00e1ln\u00fdch podm\u00ednk\u00e1ch a publikujeme \u010destn\u00e9, nestrann\u00e9 recenze. Jak vyd\u011bl\u00e1v\u00e1me Dost\u00e1v\u00e1me affiliate provize, kdy\u017e nakoup\u00edte produkty &#8230; <a title=\"O N\u00e1s\" class=\"read-more\" href=\"https:\/\/easytopspot.com\/cs\/o-nas-cs\/\" aria-label=\"Read more about O N\u00e1s\">Read More \u2192<\/a><\/p>\n","protected":false},"author":3,"featured_media":0,"parent":0,"menu_order":0,"comment_status":"closed","ping_status":"closed","template":"","meta":{"footnotes":""},"class_list":["post-1431","page","type-page","status-publish"],"_links":{"self":[{"href":"https:\/\/easytopspot.com\/cs\/wp-json\/wp\/v2\/pages\/1431","targetHints":{"allow":["GET"]}}],"collection":[{"href":"https:\/\/easytopspot.com\/cs\/wp-json\/wp\/v2\/pages"}],"about":[{"href":"https:\/\/easytopspot.com\/cs\/wp-json\/wp\/v2\/types\/page"}],"author":[{"embeddable":true,"href":"https:\/\/easytopspot.com\/cs\/wp-json\/wp\/v2\/users\/3"}],"replies":[{"embeddable":true,"href":"https:\/\/easytopspot.com\/cs\/wp-json\/wp\/v2\/comments?post=1431"}],"version-history":[{"count":0,"href":"https:\/\/easytopspot.com\/cs\/wp-json\/wp\/v2\/pages\/1431\/revisions"}],"wp:attachment":[{"href":"https:\/\/easytopspot.com\/cs\/wp-json\/wp\/v2\/media?parent=1431"}],"curies":[{"name":"wp","href":"https:\/\/api.w.org\/{rel}","templated":true}]}}