{"id":1455,"date":"2026-03-08T14:05:17","date_gmt":"2026-03-08T14:05:17","guid":{"rendered":"https:\/\/easytopspot.com\/ochrana-soukromi\/"},"modified":"2026-03-08T14:05:17","modified_gmt":"2026-03-08T14:05:17","slug":"ochrana-soukromi","status":"publish","type":"page","link":"https:\/\/easytopspot.com\/cs\/ochrana-soukromi\/","title":{"rendered":"Ochrana Soukrom\u00ed"},"content":{"rendered":"<div class=\"fp\">\n<h1>Ochrana Soukrom\u00ed<\/h1>\n<p><em>Posledn\u00ed aktualizace: B\u0159ezen 2026<\/em><\/p>\n<p>Shroma\u017e\u010fujeme anonymn\u00ed \u00fadaje o pou\u017e\u00edv\u00e1n\u00ed prost\u0159ednictv\u00edm soubor\u016f cookie a analytick\u00fdch n\u00e1stroj\u016f. Neshroma\u017e\u010fujeme osobn\u00ed \u00fadaje, pokud je dobrovoln\u011b neposkytnete. M\u016f\u017eete po\u017e\u00e1dat o p\u0159\u00edstup, opravu nebo vymaz\u00e1n\u00ed sv\u00fdch osobn\u00edch \u00fadaj\u016f. Kontakt: contact@easytopspot.com.<\/p>\n<\/div>\n","protected":false},"excerpt":{"rendered":"<p>Ochrana Soukrom\u00ed Posledn\u00ed aktualizace: B\u0159ezen 2026 Shroma\u017e\u010fujeme anonymn\u00ed \u00fadaje o pou\u017e\u00edv\u00e1n\u00ed prost\u0159ednictv\u00edm soubor\u016f cookie a analytick\u00fdch n\u00e1stroj\u016f. Neshroma\u017e\u010fujeme osobn\u00ed \u00fadaje, pokud je dobrovoln\u011b neposkytnete. M\u016f\u017eete po\u017e\u00e1dat o p\u0159\u00edstup, opravu nebo &#8230; <a title=\"Ochrana Soukrom\u00ed\" class=\"read-more\" href=\"https:\/\/easytopspot.com\/cs\/ochrana-soukromi\/\" aria-label=\"Read more about Ochrana Soukrom\u00ed\">Read More \u2192<\/a><\/p>\n","protected":false},"author":3,"featured_media":0,"parent":0,"menu_order":0,"comment_status":"closed","ping_status":"closed","template":"","meta":{"footnotes":""},"class_list":["post-1455","page","type-page","status-publish"],"_links":{"self":[{"href":"https:\/\/easytopspot.com\/cs\/wp-json\/wp\/v2\/pages\/1455","targetHints":{"allow":["GET"]}}],"collection":[{"href":"https:\/\/easytopspot.com\/cs\/wp-json\/wp\/v2\/pages"}],"about":[{"href":"https:\/\/easytopspot.com\/cs\/wp-json\/wp\/v2\/types\/page"}],"author":[{"embeddable":true,"href":"https:\/\/easytopspot.com\/cs\/wp-json\/wp\/v2\/users\/3"}],"replies":[{"embeddable":true,"href":"https:\/\/easytopspot.com\/cs\/wp-json\/wp\/v2\/comments?post=1455"}],"version-history":[{"count":0,"href":"https:\/\/easytopspot.com\/cs\/wp-json\/wp\/v2\/pages\/1455\/revisions"}],"wp:attachment":[{"href":"https:\/\/easytopspot.com\/cs\/wp-json\/wp\/v2\/media?parent=1455"}],"curies":[{"name":"wp","href":"https:\/\/api.w.org\/{rel}","templated":true}]}}