{"id":1479,"date":"2026-03-08T14:05:24","date_gmt":"2026-03-08T14:05:24","guid":{"rendered":"https:\/\/easytopspot.com\/kontakt-cs\/"},"modified":"2026-03-08T14:05:24","modified_gmt":"2026-03-08T14:05:24","slug":"kontakt-cs","status":"publish","type":"page","link":"https:\/\/easytopspot.com\/cs\/kontakt-cs\/","title":{"rendered":"Kontakt"},"content":{"rendered":"<div class=\"fp\">\n<h1>Kontakt<\/h1>\n<p>M\u00e1te dotaz k recenzi, n\u00e1vrh produktu nebo obchodn\u00ed popt\u00e1vku? R\u00e1di se ozveme.<\/p>\n<p><strong>Email:<\/strong> contact@easytopspot.com<\/p>\n<p><strong>Doba odezvy:<\/strong> Obvykle odpov\u00edd\u00e1me do 48 hodin.<\/p>\n<\/div>\n","protected":false},"excerpt":{"rendered":"<p>Kontakt M\u00e1te dotaz k recenzi, n\u00e1vrh produktu nebo obchodn\u00ed popt\u00e1vku? R\u00e1di se ozveme. Email: contact@easytopspot.com Doba odezvy: Obvykle odpov\u00edd\u00e1me do 48 hodin.<\/p>\n","protected":false},"author":3,"featured_media":0,"parent":0,"menu_order":0,"comment_status":"closed","ping_status":"closed","template":"","meta":{"footnotes":""},"class_list":["post-1479","page","type-page","status-publish"],"_links":{"self":[{"href":"https:\/\/easytopspot.com\/cs\/wp-json\/wp\/v2\/pages\/1479","targetHints":{"allow":["GET"]}}],"collection":[{"href":"https:\/\/easytopspot.com\/cs\/wp-json\/wp\/v2\/pages"}],"about":[{"href":"https:\/\/easytopspot.com\/cs\/wp-json\/wp\/v2\/types\/page"}],"author":[{"embeddable":true,"href":"https:\/\/easytopspot.com\/cs\/wp-json\/wp\/v2\/users\/3"}],"replies":[{"embeddable":true,"href":"https:\/\/easytopspot.com\/cs\/wp-json\/wp\/v2\/comments?post=1479"}],"version-history":[{"count":0,"href":"https:\/\/easytopspot.com\/cs\/wp-json\/wp\/v2\/pages\/1479\/revisions"}],"wp:attachment":[{"href":"https:\/\/easytopspot.com\/cs\/wp-json\/wp\/v2\/media?parent=1479"}],"curies":[{"name":"wp","href":"https:\/\/api.w.org\/{rel}","templated":true}]}}