{"id":1503,"date":"2026-03-08T14:05:36","date_gmt":"2026-03-08T14:05:36","guid":{"rendered":"https:\/\/easytopspot.com\/podminky-pouziti\/"},"modified":"2026-03-08T14:05:36","modified_gmt":"2026-03-08T14:05:36","slug":"podminky-pouziti","status":"publish","type":"page","link":"https:\/\/easytopspot.com\/cs\/podminky-pouziti\/","title":{"rendered":"Podm\u00ednky Pou\u017eit\u00ed"},"content":{"rendered":"<div class=\"fp\">\n<h1>Podm\u00ednky Pou\u017eit\u00ed<\/h1>\n<p><em>Posledn\u00ed aktualizace: B\u0159ezen 2026<\/em><\/p>\n<p>Obsah EasyTopSpot je pouze informativn\u00ed. \u00da\u010dastn\u00edme se partnersk\u00fdch program\u016f. Ve\u0161ker\u00fd obsah a design je majetkem EasyTopSpot.<\/p>\n<\/div>\n","protected":false},"excerpt":{"rendered":"<p>Podm\u00ednky Pou\u017eit\u00ed Posledn\u00ed aktualizace: B\u0159ezen 2026 Obsah EasyTopSpot je pouze informativn\u00ed. \u00da\u010dastn\u00edme se partnersk\u00fdch program\u016f. Ve\u0161ker\u00fd obsah a design je majetkem EasyTopSpot.<\/p>\n","protected":false},"author":3,"featured_media":0,"parent":0,"menu_order":0,"comment_status":"closed","ping_status":"closed","template":"","meta":{"footnotes":""},"class_list":["post-1503","page","type-page","status-publish"],"_links":{"self":[{"href":"https:\/\/easytopspot.com\/cs\/wp-json\/wp\/v2\/pages\/1503","targetHints":{"allow":["GET"]}}],"collection":[{"href":"https:\/\/easytopspot.com\/cs\/wp-json\/wp\/v2\/pages"}],"about":[{"href":"https:\/\/easytopspot.com\/cs\/wp-json\/wp\/v2\/types\/page"}],"author":[{"embeddable":true,"href":"https:\/\/easytopspot.com\/cs\/wp-json\/wp\/v2\/users\/3"}],"replies":[{"embeddable":true,"href":"https:\/\/easytopspot.com\/cs\/wp-json\/wp\/v2\/comments?post=1503"}],"version-history":[{"count":0,"href":"https:\/\/easytopspot.com\/cs\/wp-json\/wp\/v2\/pages\/1503\/revisions"}],"wp:attachment":[{"href":"https:\/\/easytopspot.com\/cs\/wp-json\/wp\/v2\/media?parent=1503"}],"curies":[{"name":"wp","href":"https:\/\/api.w.org\/{rel}","templated":true}]}}