{"id":41,"date":"2026-03-06T16:59:44","date_gmt":"2026-03-06T16:59:44","guid":{"rendered":"https:\/\/easytopspot.com\/home-cs\/"},"modified":"2026-03-07T23:47:14","modified_gmt":"2026-03-07T23:47:14","slug":"hlavni-stranka","status":"publish","type":"page","link":"https:\/\/easytopspot.com\/cs\/hlavni-stranka\/","title":{"rendered":"EasyTopSpot \u2014 Expertn\u00ed Recenze a Srovn\u00e1n\u00ed"},"content":{"rendered":"<div class=\"ets-hp\">\n<div class=\"ets-hp-hero\">\n<h1>Nez\u00e1visl\u00e9 recenze, kter\u00fdm m\u016f\u017eete v\u011b\u0159it<\/h1>\n<p>Testujeme, porovn\u00e1v\u00e1me a hodnot\u00edme produkty.<\/p>\n<\/div>\n<div class=\"ets-hp-section\">\n<h2>Proch\u00e1zet podle kategorie<\/h2>\n<div class=\"ets-hp-cats\"><a href=\"\/cs\/category\/tech\/\" class=\"ets-hp-cat\"><svg xmlns=\"http:\/\/www.w3.org\/2000\/svg\" width=\"28\" height=\"28\" viewBox=\"0 0 24 24\" fill=\"none\" stroke=\"#2563eb\" stroke-width=\"2\" stroke-linecap=\"round\" stroke-linejoin=\"round\"><rect x=\"2\" y=\"3\" width=\"20\" height=\"14\" rx=\"2\" ry=\"2\"\/><line x1=\"8\" y1=\"21\" x2=\"16\" y2=\"21\"\/><line x1=\"12\" y1=\"17\" x2=\"12\" y2=\"21\"\/><\/svg><span>Technologie<\/span><\/a><a href=\"\/cs\/category\/finance\/\" class=\"ets-hp-cat\"><svg xmlns=\"http:\/\/www.w3.org\/2000\/svg\" width=\"28\" height=\"28\" viewBox=\"0 0 24 24\" fill=\"none\" stroke=\"#2563eb\" stroke-width=\"2\" stroke-linecap=\"round\" stroke-linejoin=\"round\"><line x1=\"12\" y1=\"1\" x2=\"12\" y2=\"23\"\/><path d=\"M17 5H9.5a3.5 3.5 0 0 0 0 7h5a3.5 3.5 0 0 1 0 7H6\"\/><\/svg><span>Finance<\/span><\/a><a href=\"\/cs\/category\/marketing\/\" class=\"ets-hp-cat\"><svg xmlns=\"http:\/\/www.w3.org\/2000\/svg\" width=\"28\" height=\"28\" viewBox=\"0 0 24 24\" fill=\"none\" stroke=\"#2563eb\" stroke-width=\"2\" stroke-linecap=\"round\" stroke-linejoin=\"round\"><polyline points=\"22 12 18 12 15 21 9 3 6 12 2 12\"\/><\/svg><span>Marketing<\/span><\/a><a href=\"\/cs\/category\/health\/\" class=\"ets-hp-cat\"><svg xmlns=\"http:\/\/www.w3.org\/2000\/svg\" width=\"28\" height=\"28\" viewBox=\"0 0 24 24\" fill=\"none\" stroke=\"#2563eb\" stroke-width=\"2\" stroke-linecap=\"round\" stroke-linejoin=\"round\"><path d=\"M20.84 4.61a5.5 5.5 0 0 0-7.78 0L12 5.67l-1.06-1.06a5.5 5.5 0 0 0-7.78 7.78l1.06 1.06L12 21.23l7.78-7.78 1.06-1.06a5.5 5.5 0 0 0 0-7.78z\"\/><\/svg><span>Zdrav\u00ed<\/span><\/a><a href=\"\/cs\/category\/vpn-security\/\" class=\"ets-hp-cat\"><svg xmlns=\"http:\/\/www.w3.org\/2000\/svg\" width=\"28\" height=\"28\" viewBox=\"0 0 24 24\" fill=\"none\" stroke=\"#2563eb\" stroke-width=\"2\" stroke-linecap=\"round\" stroke-linejoin=\"round\"><path d=\"M12 22s8-4 8-10V5l-8-3-8 3v7c0 6 8 10 8 10z\"\/><\/svg><span>VPN a Bezpe\u010dnost<\/span><\/a><\/div>\n<\/div>\n<div class=\"ets-hp-section\">\n<h2>Nejnov\u011bj\u0161\u00ed \u010dl\u00e1nky<\/h2>\n<div class=\"ets-article-grid\"><a href=\"https:\/\/easytopspot.com\/cs\/hostinger-vs-siteground-srovnani\/\" class=\"ets-article-card\"><div class=\"ets-card-img\"><img decoding=\"async\" src=\"https:\/\/easytopspot.com\/wp-content\/uploads\/2026\/03\/hero-hostinger-vs-siteground-300x168.jpg\" alt=\"Hostinger vs SiteGround 2026: Kter\u00fd webhosting se opravdu vyplat\u00ed?\" loading=\"lazy\" width=\"400\" height=\"225\" \/><\/div><span class=\"ets-card-cat\">Tech<\/span><h3 class=\"ets-card-title\">Hostinger vs SiteGround 2026: Kter\u00fd webhosting se opravdu vyplat\u00ed?<\/h3><p class=\"ets-card-excerpt\">Dom\u016f &rsaquo; Technologie &rsaquo; Hostinger vs SiteGround Hostinger vs SiteGround 2026: Kter\u00fd webhosting se opravdu vyplat\u00ed? Oba poskytovatele hostingu jsme&hellip;<\/p><\/a><a href=\"https:\/\/easytopspot.com\/cs\/nejlepsi-cloudove-uloziste-2026\/\" class=\"ets-article-card\"><div class=\"ets-card-img\"><img decoding=\"async\" src=\"https:\/\/easytopspot.com\/wp-content\/uploads\/2026\/03\/hero-cloud-storage-300x169.jpg\" alt=\"Nejlep\u0161\u00ed cloudov\u00e9 \u00falo\u017ei\u0161t\u011b 2026: 7 slu\u017eeb otestovan\u00fdch z hlediska rychlosti, zabezpe\u010den\u00ed a hodnoty\" loading=\"lazy\" width=\"400\" height=\"225\" \/><\/div><span class=\"ets-card-cat\">Tech<\/span><h3 class=\"ets-card-title\">Nejlep\u0161\u00ed cloudov\u00e9 \u00falo\u017ei\u0161t\u011b 2026: 7 slu\u017eeb otestovan\u00fdch z hlediska rychlosti, zabezpe\u010den\u00ed a hodnoty<\/h3><p class=\"ets-card-excerpt\">Dom\u016f &rsaquo; Technologie &rsaquo; Cloudov\u00e9 \u00falo\u017ei\u0161t\u011b Nejlep\u0161\u00ed cloudov\u00e9 \u00falo\u017ei\u0161t\u011b 2026: 7 slu\u017eeb otestovan\u00fdch z hlediska rychlosti, zabezpe\u010den\u00ed a hodnoty Nahr\u00e1li&hellip;<\/p><\/a><a href=\"https:\/\/easytopspot.com\/cs\/jak-nastavit-vpn\/\" class=\"ets-article-card\"><div class=\"ets-card-img\"><img decoding=\"async\" src=\"https:\/\/easytopspot.com\/wp-content\/uploads\/2026\/03\/hero-vpn-v2-300x168.jpg\" alt=\"Jak nastavit VPN na jak\u00e9mkoli za\u0159\u00edzen\u00ed v roce 2026: Pr\u016fvodce krok za krokem\" loading=\"lazy\" width=\"400\" height=\"225\" \/><\/div><span class=\"ets-card-cat\">VPN a Bezpecnost<\/span><h3 class=\"ets-card-title\">Jak nastavit VPN na jak\u00e9mkoli za\u0159\u00edzen\u00ed v roce 2026: Pr\u016fvodce krok za krokem<\/h3><p class=\"ets-card-excerpt\">Dom\u016f &rsaquo; VPN a bezpe\u010dnost &rsaquo; Jak nastavit VPN Jak nastavit VPN na jak\u00e9mkoli za\u0159\u00edzen\u00ed v roce 2026: Pr\u016fvodce krok&hellip;<\/p><\/a><a href=\"https:\/\/easytopspot.com\/cs\/nordvpn-vs-surfshark-srovnani\/\" class=\"ets-article-card\"><div class=\"ets-card-img\"><img decoding=\"async\" src=\"https:\/\/easytopspot.com\/wp-content\/uploads\/2026\/03\/hero-nordvpn-vs-surfshark-300x169.jpg\" alt=\"NordVPN vs Surfshark 2026: Kter\u00e1 VPN je skute\u010dn\u011b lep\u0161\u00ed?\" loading=\"lazy\" width=\"400\" height=\"225\" \/><\/div><span class=\"ets-card-cat\">VPN a Bezpecnost<\/span><h3 class=\"ets-card-title\">NordVPN vs Surfshark 2026: Kter\u00e1 VPN je skute\u010dn\u011b lep\u0161\u00ed?<\/h3><p class=\"ets-card-excerpt\">Dom\u016f &rsaquo; VPN a Bezpe\u010dnost &rsaquo; NordVPN vs Surfshark NordVPN vs Surfshark 2026: Kter\u00e1 VPN je skute\u010dn\u011b lep\u0161\u00ed? Otestovali jsme&hellip;<\/p><\/a><a href=\"https:\/\/easytopspot.com\/cs\/nejlepsi-platformy-emailoveho-marketingu\/\" class=\"ets-article-card\"><div class=\"ets-card-img\"><img decoding=\"async\" src=\"https:\/\/easytopspot.com\/wp-content\/uploads\/2026\/03\/hero-email-marketing-v2-300x168.jpg\" alt=\"Nejlep\u0161\u00ed platformy pro e-mailov\u00fd marketing 2026: 7 slu\u017eeb otestovan\u00fdch z hlediska funkc\u00ed, doru\u010ditelnosti a ceny\" loading=\"lazy\" width=\"400\" height=\"225\" \/><\/div><span class=\"ets-card-cat\">Marketing<\/span><h3 class=\"ets-card-title\">Nejlep\u0161\u00ed platformy pro e-mailov\u00fd marketing 2026: 7 slu\u017eeb otestovan\u00fdch z hlediska funkc\u00ed, doru\u010ditelnosti a ceny<\/h3><p class=\"ets-card-excerpt\">Dom\u016f &rsaquo; E-mailov\u00fd marketing &rsaquo; Platformy Nejlep\u0161\u00ed platformy pro e-mailov\u00fd marketing 2026: 7 slu\u017eeb otestovan\u00fdch z hlediska funkc\u00ed, doru\u010ditelnosti a&hellip;<\/p><\/a><a href=\"https:\/\/easytopspot.com\/cs\/nejlepsi-sluzby-vpn\/\" class=\"ets-article-card\"><div class=\"ets-card-img\"><img decoding=\"async\" src=\"https:\/\/easytopspot.com\/wp-content\/uploads\/2026\/03\/hero-vpn-v2-300x168.jpg\" alt=\"Nejlep\u0161\u00ed slu\u017eby VPN 2026: 7 poskytovatel\u016f testov\u00e1no na rychlost, soukrom\u00ed a streamov\u00e1n\u00ed\" loading=\"lazy\" width=\"400\" height=\"225\" \/><\/div><span class=\"ets-card-cat\">VPN a Bezpecnost<\/span><h3 class=\"ets-card-title\">Nejlep\u0161\u00ed slu\u017eby VPN 2026: 7 poskytovatel\u016f testov\u00e1no na rychlost, soukrom\u00ed a streamov\u00e1n\u00ed<\/h3><p class=\"ets-card-excerpt\">Dom\u016f &rsaquo; VPN &amp; Zabezpe\u010den\u00ed &rsaquo; Slu\u017eby VPN Nejlep\u0161\u00ed slu\u017eby VPN 2026: 7 poskytovatel\u016f testov\u00e1no na rychlost, soukrom\u00ed a streamov\u00e1n\u00ed&hellip;<\/p><\/a><\/div><\/div>\n<\/div>\n","protected":false},"excerpt":{"rendered":"<p>Nez\u00e1visl\u00e9 recenze, kter\u00fdm m\u016f\u017eete v\u011b\u0159it Testujeme, porovn\u00e1v\u00e1me a hodnot\u00edme produkty. Proch\u00e1zet podle kategorie TechnologieFinanceMarketingZdrav\u00edVPN a Bezpe\u010dnost Nejnov\u011bj\u0161\u00ed \u010dl\u00e1nky<\/p>\n","protected":false},"author":0,"featured_media":0,"parent":0,"menu_order":0,"comment_status":"closed","ping_status":"closed","template":"","meta":{"footnotes":""},"class_list":["post-41","page","type-page","status-publish","hentry"],"_links":{"self":[{"href":"https:\/\/easytopspot.com\/cs\/wp-json\/wp\/v2\/pages\/41","targetHints":{"allow":["GET"]}}],"collection":[{"href":"https:\/\/easytopspot.com\/cs\/wp-json\/wp\/v2\/pages"}],"about":[{"href":"https:\/\/easytopspot.com\/cs\/wp-json\/wp\/v2\/types\/page"}],"replies":[{"embeddable":true,"href":"https:\/\/easytopspot.com\/cs\/wp-json\/wp\/v2\/comments?post=41"}],"version-history":[{"count":5,"href":"https:\/\/easytopspot.com\/cs\/wp-json\/wp\/v2\/pages\/41\/revisions"}],"predecessor-version":[{"id":873,"href":"https:\/\/easytopspot.com\/cs\/wp-json\/wp\/v2\/pages\/41\/revisions\/873"}],"wp:attachment":[{"href":"https:\/\/easytopspot.com\/cs\/wp-json\/wp\/v2\/media?parent=41"}],"curies":[{"name":"wp","href":"https:\/\/api.w.org\/{rel}","templated":true}]}}