{"id":1425,"date":"2026-03-08T14:05:09","date_gmt":"2026-03-08T14:05:09","guid":{"rendered":"https:\/\/easytopspot.com\/om-os\/"},"modified":"2026-03-08T14:05:09","modified_gmt":"2026-03-08T14:05:09","slug":"om-os","status":"publish","type":"page","link":"https:\/\/easytopspot.com\/da\/om-os\/","title":{"rendered":"Om Os"},"content":{"rendered":"<div class=\"fp\">\n<h1>Om EasyTopSpot<\/h1>\n<p>EasyTopSpot er en uafh\u00e6ngig hjemmeside for produktanmeldelser og sammenligninger. Vi tester \u00e6gte produkter under virkelige forhold og udgiver \u00e6rlige, upartiske anmeldelser.<\/p>\n<h2>Hvordan vi tjener penge<\/h2>\n<p>Vi modtager affiliate-kommissioner, n\u00e5r du k\u00f8ber produkter via vores links. Dette p\u00e5virker aldrig vores anmeldelser.<\/p>\n<h2>Kontakt<\/h2>\n<p>Sp\u00f8rgsm\u00e5l? Mail os p\u00e5 <strong>contact@easytopspot.com<\/strong><\/p>\n<\/div>\n","protected":false},"excerpt":{"rendered":"<p>Om EasyTopSpot EasyTopSpot er en uafh\u00e6ngig hjemmeside for produktanmeldelser og sammenligninger. Vi tester \u00e6gte produkter under virkelige forhold og udgiver \u00e6rlige, upartiske anmeldelser. Hvordan vi tjener penge Vi modtager affiliate-kommissioner, &#8230; <a title=\"Om Os\" class=\"read-more\" href=\"https:\/\/easytopspot.com\/da\/om-os\/\" aria-label=\"Read more about Om Os\">Read More \u2192<\/a><\/p>\n","protected":false},"author":3,"featured_media":0,"parent":0,"menu_order":0,"comment_status":"closed","ping_status":"closed","template":"","meta":{"footnotes":""},"class_list":["post-1425","page","type-page","status-publish"],"_links":{"self":[{"href":"https:\/\/easytopspot.com\/da\/wp-json\/wp\/v2\/pages\/1425","targetHints":{"allow":["GET"]}}],"collection":[{"href":"https:\/\/easytopspot.com\/da\/wp-json\/wp\/v2\/pages"}],"about":[{"href":"https:\/\/easytopspot.com\/da\/wp-json\/wp\/v2\/types\/page"}],"author":[{"embeddable":true,"href":"https:\/\/easytopspot.com\/da\/wp-json\/wp\/v2\/users\/3"}],"replies":[{"embeddable":true,"href":"https:\/\/easytopspot.com\/da\/wp-json\/wp\/v2\/comments?post=1425"}],"version-history":[{"count":0,"href":"https:\/\/easytopspot.com\/da\/wp-json\/wp\/v2\/pages\/1425\/revisions"}],"wp:attachment":[{"href":"https:\/\/easytopspot.com\/da\/wp-json\/wp\/v2\/media?parent=1425"}],"curies":[{"name":"wp","href":"https:\/\/api.w.org\/{rel}","templated":true}]}}