{"id":1473,"date":"2026-03-08T14:05:22","date_gmt":"2026-03-08T14:05:22","guid":{"rendered":"https:\/\/easytopspot.com\/kontakt-da\/"},"modified":"2026-03-08T14:05:22","modified_gmt":"2026-03-08T14:05:22","slug":"kontakt-da","status":"publish","type":"page","link":"https:\/\/easytopspot.com\/da\/kontakt-da\/","title":{"rendered":"Kontakt"},"content":{"rendered":"<div class=\"fp\">\n<h1>Kontakt<\/h1>\n<p>Har du et sp\u00f8rgsm\u00e5l om en anmeldelse, produktforslag eller forretningsforesp\u00f8rgsel? Vi vil gerne h\u00f8re fra dig.<\/p>\n<p><strong>E-mail:<\/strong> contact@easytopspot.com<\/p>\n<p><strong>Svartid:<\/strong> Vi svarer normalt inden for 48 timer.<\/p>\n<\/div>\n","protected":false},"excerpt":{"rendered":"<p>Kontakt Har du et sp\u00f8rgsm\u00e5l om en anmeldelse, produktforslag eller forretningsforesp\u00f8rgsel? Vi vil gerne h\u00f8re fra dig. E-mail: contact@easytopspot.com Svartid: Vi svarer normalt inden for 48 timer.<\/p>\n","protected":false},"author":3,"featured_media":0,"parent":0,"menu_order":0,"comment_status":"closed","ping_status":"closed","template":"","meta":{"footnotes":""},"class_list":["post-1473","page","type-page","status-publish"],"_links":{"self":[{"href":"https:\/\/easytopspot.com\/da\/wp-json\/wp\/v2\/pages\/1473","targetHints":{"allow":["GET"]}}],"collection":[{"href":"https:\/\/easytopspot.com\/da\/wp-json\/wp\/v2\/pages"}],"about":[{"href":"https:\/\/easytopspot.com\/da\/wp-json\/wp\/v2\/types\/page"}],"author":[{"embeddable":true,"href":"https:\/\/easytopspot.com\/da\/wp-json\/wp\/v2\/users\/3"}],"replies":[{"embeddable":true,"href":"https:\/\/easytopspot.com\/da\/wp-json\/wp\/v2\/comments?post=1473"}],"version-history":[{"count":0,"href":"https:\/\/easytopspot.com\/da\/wp-json\/wp\/v2\/pages\/1473\/revisions"}],"wp:attachment":[{"href":"https:\/\/easytopspot.com\/da\/wp-json\/wp\/v2\/media?parent=1473"}],"curies":[{"name":"wp","href":"https:\/\/api.w.org\/{rel}","templated":true}]}}