{"id":35,"date":"2026-03-06T16:59:44","date_gmt":"2026-03-06T16:59:44","guid":{"rendered":"https:\/\/easytopspot.com\/home-da\/"},"modified":"2026-03-07T23:47:09","modified_gmt":"2026-03-07T23:47:09","slug":"hjem-da","status":"publish","type":"page","link":"https:\/\/easytopspot.com\/da\/hjem-da\/","title":{"rendered":"EasyTopSpot \u2014 Ekspertanmeldelser og Sammenligninger"},"content":{"rendered":"<div class=\"ets-hp\">\n<div class=\"ets-hp-hero\">\n<h1>Uafh\u00e6ngige anmeldelser du kan stole p\u00e5<\/h1>\n<p>Vi tester, sammenligner og rangerer produkter.<\/p>\n<\/div>\n<div class=\"ets-hp-section\">\n<h2>Udforsk efter kategori<\/h2>\n<div class=\"ets-hp-cats\"><a href=\"\/da\/category\/tech\/\" class=\"ets-hp-cat\"><svg xmlns=\"http:\/\/www.w3.org\/2000\/svg\" width=\"28\" height=\"28\" viewBox=\"0 0 24 24\" fill=\"none\" stroke=\"#2563eb\" stroke-width=\"2\" stroke-linecap=\"round\" stroke-linejoin=\"round\"><rect x=\"2\" y=\"3\" width=\"20\" height=\"14\" rx=\"2\" ry=\"2\"\/><line x1=\"8\" y1=\"21\" x2=\"16\" y2=\"21\"\/><line x1=\"12\" y1=\"17\" x2=\"12\" y2=\"21\"\/><\/svg><span>Tech<\/span><\/a><a href=\"\/da\/category\/finance\/\" class=\"ets-hp-cat\"><svg xmlns=\"http:\/\/www.w3.org\/2000\/svg\" width=\"28\" height=\"28\" viewBox=\"0 0 24 24\" fill=\"none\" stroke=\"#2563eb\" stroke-width=\"2\" stroke-linecap=\"round\" stroke-linejoin=\"round\"><line x1=\"12\" y1=\"1\" x2=\"12\" y2=\"23\"\/><path d=\"M17 5H9.5a3.5 3.5 0 0 0 0 7h5a3.5 3.5 0 0 1 0 7H6\"\/><\/svg><span>Finans<\/span><\/a><a href=\"\/da\/category\/marketing\/\" class=\"ets-hp-cat\"><svg xmlns=\"http:\/\/www.w3.org\/2000\/svg\" width=\"28\" height=\"28\" viewBox=\"0 0 24 24\" fill=\"none\" stroke=\"#2563eb\" stroke-width=\"2\" stroke-linecap=\"round\" stroke-linejoin=\"round\"><polyline points=\"22 12 18 12 15 21 9 3 6 12 2 12\"\/><\/svg><span>Marketing<\/span><\/a><a href=\"\/da\/category\/health\/\" class=\"ets-hp-cat\"><svg xmlns=\"http:\/\/www.w3.org\/2000\/svg\" width=\"28\" height=\"28\" viewBox=\"0 0 24 24\" fill=\"none\" stroke=\"#2563eb\" stroke-width=\"2\" stroke-linecap=\"round\" stroke-linejoin=\"round\"><path d=\"M20.84 4.61a5.5 5.5 0 0 0-7.78 0L12 5.67l-1.06-1.06a5.5 5.5 0 0 0-7.78 7.78l1.06 1.06L12 21.23l7.78-7.78 1.06-1.06a5.5 5.5 0 0 0 0-7.78z\"\/><\/svg><span>Sundhed<\/span><\/a><a href=\"\/da\/category\/vpn-security\/\" class=\"ets-hp-cat\"><svg xmlns=\"http:\/\/www.w3.org\/2000\/svg\" width=\"28\" height=\"28\" viewBox=\"0 0 24 24\" fill=\"none\" stroke=\"#2563eb\" stroke-width=\"2\" stroke-linecap=\"round\" stroke-linejoin=\"round\"><path d=\"M12 22s8-4 8-10V5l-8-3-8 3v7c0 6 8 10 8 10z\"\/><\/svg><span>VPN og Sikkerhed<\/span><\/a><\/div>\n<\/div>\n<div class=\"ets-hp-section\">\n<h2>Seneste artikler<\/h2>\n<div class=\"ets-article-grid\"><a href=\"https:\/\/easytopspot.com\/da\/hostinger-vs-siteground-sammenligning\/\" class=\"ets-article-card\"><div class=\"ets-card-img\"><img decoding=\"async\" src=\"https:\/\/easytopspot.com\/wp-content\/uploads\/2026\/03\/hero-hostinger-vs-siteground-300x168.jpg\" alt=\"Hostinger vs SiteGround 2026: Hvilket Webhotel Er Faktisk Pengene V\u00e6rd?\" loading=\"lazy\" width=\"400\" height=\"225\" \/><\/div><span class=\"ets-card-cat\">Tech<\/span><h3 class=\"ets-card-title\">Hostinger vs SiteGround 2026: Hvilket Webhotel Er Faktisk Pengene V\u00e6rd?<\/h3><p class=\"ets-card-excerpt\">Hjem &rsaquo; Teknologi &rsaquo; Hostinger vs SiteGround Hostinger vs SiteGround 2026: Hvilket Webhotel Er Faktisk Pengene V\u00e6rd? Vi testede begge&hellip;<\/p><\/a><a href=\"https:\/\/easytopspot.com\/da\/bedste-cloudlagring-2026\/\" class=\"ets-article-card\"><div class=\"ets-card-img\"><img decoding=\"async\" src=\"https:\/\/easytopspot.com\/wp-content\/uploads\/2026\/03\/hero-cloud-storage-300x169.jpg\" alt=\"Bedste cloudlagring 2026: 7 tjenester testet for hastighed, sikkerhed og v\u00e6rdi\" loading=\"lazy\" width=\"400\" height=\"225\" \/><\/div><span class=\"ets-card-cat\">Tech<\/span><h3 class=\"ets-card-title\">Bedste cloudlagring 2026: 7 tjenester testet for hastighed, sikkerhed og v\u00e6rdi<\/h3><p class=\"ets-card-excerpt\">Hjem &rsaquo; Teknologi &rsaquo; Cloud-lagring Bedste cloudlagring 2026: 7 tjenester testet for hastighed, sikkerhed og v\u00e6rdi Vi uploadede over 50.000&hellip;<\/p><\/a><a href=\"https:\/\/easytopspot.com\/da\/opsaet-vpn\/\" class=\"ets-article-card\"><div class=\"ets-card-img\"><img decoding=\"async\" src=\"https:\/\/easytopspot.com\/wp-content\/uploads\/2026\/03\/hero-vpn-v2-300x168.jpg\" alt=\"Ops\u00e6t VPN p\u00e5 alle enheder i 2026: trin-for-trin-guide\" loading=\"lazy\" width=\"400\" height=\"225\" \/><\/div><span class=\"ets-card-cat\">VPN &amp; Sikkerhed<\/span><h3 class=\"ets-card-title\">Ops\u00e6t VPN p\u00e5 alle enheder i 2026: trin-for-trin-guide<\/h3><p class=\"ets-card-excerpt\">Hjem &rsaquo; VPN &amp; Sikkerhed &rsaquo; Ops\u00e6t VPN Ops\u00e6t VPN p\u00e5 alle enheder i 2026: trin-for-trin-guide Windows, Mac, iPhone, Android,&hellip;<\/p><\/a><a href=\"https:\/\/easytopspot.com\/da\/nordvpn-vs-surfshark-sammenligning\/\" class=\"ets-article-card\"><div class=\"ets-card-img\"><img decoding=\"async\" src=\"https:\/\/easytopspot.com\/wp-content\/uploads\/2026\/03\/hero-nordvpn-vs-surfshark-300x169.jpg\" alt=\"NordVPN vs Surfshark 2026: Hvilken VPN Er Faktisk Bedst?\" loading=\"lazy\" width=\"400\" height=\"225\" \/><\/div><span class=\"ets-card-cat\">VPN &amp; Sikkerhed<\/span><h3 class=\"ets-card-title\">NordVPN vs Surfshark 2026: Hvilken VPN Er Faktisk Bedst?<\/h3><p class=\"ets-card-excerpt\">Hjem &rsaquo; VPN &amp; Sikkerhed &rsaquo; NordVPN vs Surfshark NordVPN vs Surfshark 2026: Hvilken VPN Er Faktisk Bedst? Vi testede&hellip;<\/p><\/a><a href=\"https:\/\/easytopspot.com\/da\/bedste-email-marketing-platforme\/\" class=\"ets-article-card\"><div class=\"ets-card-img\"><img decoding=\"async\" src=\"https:\/\/easytopspot.com\/wp-content\/uploads\/2026\/03\/hero-email-marketing-v2-300x168.jpg\" alt=\"Bedste Email Marketing Platforme 2026: 7 Tjenester Testet for Funktioner, Leveringsevne &amp; V\u00e6rdi\" loading=\"lazy\" width=\"400\" height=\"225\" \/><\/div><span class=\"ets-card-cat\">Marketing<\/span><h3 class=\"ets-card-title\">Bedste Email Marketing Platforme 2026: 7 Tjenester Testet for Funktioner, Leveringsevne &amp; V\u00e6rdi<\/h3><p class=\"ets-card-excerpt\">Hjem &rsaquo; E-mail Marketing &rsaquo; Platforme Bedste Email Marketing Platforme 2026: 7 Tjenester Testet for Funktioner, Leveringsevne &amp; V\u00e6rdi Vi&hellip;<\/p><\/a><a href=\"https:\/\/easytopspot.com\/da\/bedste-vpn-tjenester\/\" class=\"ets-article-card\"><div class=\"ets-card-img\"><img decoding=\"async\" src=\"https:\/\/easytopspot.com\/wp-content\/uploads\/2026\/03\/hero-vpn-v2-300x168.jpg\" alt=\"Bedste VPN-tjenester 2026: 7 udbydere testet for hastighed, privatliv og streaming\" loading=\"lazy\" width=\"400\" height=\"225\" \/><\/div><span class=\"ets-card-cat\">VPN &amp; Sikkerhed<\/span><h3 class=\"ets-card-title\">Bedste VPN-tjenester 2026: 7 udbydere testet for hastighed, privatliv og streaming<\/h3><p class=\"ets-card-excerpt\">Hjem &rsaquo; VPN &amp; Sikkerhed &rsaquo; VPN-tjenester Bedste VPN-tjenester 2026: 7 udbydere testet for hastighed, privatliv og streaming Vi testede&hellip;<\/p><\/a><\/div><\/div>\n<\/div>\n","protected":false},"excerpt":{"rendered":"<p>Uafh\u00e6ngige anmeldelser du kan stole p\u00e5 Vi tester, sammenligner og rangerer produkter. Udforsk efter kategori TechFinansMarketingSundhedVPN og Sikkerhed Seneste artikler<\/p>\n","protected":false},"author":0,"featured_media":0,"parent":0,"menu_order":0,"comment_status":"closed","ping_status":"closed","template":"","meta":{"footnotes":""},"class_list":["post-35","page","type-page","status-publish","hentry"],"_links":{"self":[{"href":"https:\/\/easytopspot.com\/da\/wp-json\/wp\/v2\/pages\/35","targetHints":{"allow":["GET"]}}],"collection":[{"href":"https:\/\/easytopspot.com\/da\/wp-json\/wp\/v2\/pages"}],"about":[{"href":"https:\/\/easytopspot.com\/da\/wp-json\/wp\/v2\/types\/page"}],"replies":[{"embeddable":true,"href":"https:\/\/easytopspot.com\/da\/wp-json\/wp\/v2\/comments?post=35"}],"version-history":[{"count":5,"href":"https:\/\/easytopspot.com\/da\/wp-json\/wp\/v2\/pages\/35\/revisions"}],"predecessor-version":[{"id":867,"href":"https:\/\/easytopspot.com\/da\/wp-json\/wp\/v2\/pages\/35\/revisions\/867"}],"wp:attachment":[{"href":"https:\/\/easytopspot.com\/da\/wp-json\/wp\/v2\/media?parent=35"}],"curies":[{"name":"wp","href":"https:\/\/api.w.org\/{rel}","templated":true}]}}