{"id":1419,"date":"2026-03-08T14:05:07","date_gmt":"2026-03-08T14:05:07","guid":{"rendered":"https:\/\/easytopspot.com\/ueber-uns-2\/"},"modified":"2026-03-08T14:05:07","modified_gmt":"2026-03-08T14:05:07","slug":"ueber-uns","status":"publish","type":"page","link":"https:\/\/easytopspot.com\/de\/ueber-uns\/","title":{"rendered":"\u00dcber uns"},"content":{"rendered":"<div class=\"fp\">\n<h1>\u00dcber EasyTopSpot<\/h1>\n<p>EasyTopSpot ist eine unabh\u00e4ngige Produkt-Test- und Vergleichswebsite. Wir testen echte Produkte unter realen Bedingungen und ver\u00f6ffentlichen ehrliche, unvoreingenommene Bewertungen, um Ihnen bei besseren Kaufentscheidungen zu helfen.<\/p>\n<p>Unser Redaktionsteam verwendet standardisierte Testprotokolle f\u00fcr jede Produktkategorie. Wir bewerten Leistung, Preis-Leistungs-Verh\u00e4ltnis, Benutzerfreundlichkeit und Zuverl\u00e4ssigkeit.<\/p>\n<h2>Wie wir Geld verdienen<\/h2>\n<p>Wir erhalten Affiliate-Provisionen, wenn Sie Produkte \u00fcber unsere Links kaufen. Dies beeinflusst niemals unsere Bewertungen oder Rankings.<\/p>\n<h2>Kontakt<\/h2>\n<p>Fragen? Schreiben Sie uns an <strong>contact@easytopspot.com<\/strong><\/p>\n<\/div>\n","protected":false},"excerpt":{"rendered":"<p>\u00dcber EasyTopSpot EasyTopSpot ist eine unabh\u00e4ngige Produkt-Test- und Vergleichswebsite. Wir testen echte Produkte unter realen Bedingungen und ver\u00f6ffentlichen ehrliche, unvoreingenommene Bewertungen, um Ihnen bei besseren Kaufentscheidungen zu helfen. Unser Redaktionsteam &#8230; <a title=\"\u00dcber uns\" class=\"read-more\" href=\"https:\/\/easytopspot.com\/de\/ueber-uns\/\" aria-label=\"Read more about \u00dcber uns\">Read More \u2192<\/a><\/p>\n","protected":false},"author":3,"featured_media":0,"parent":0,"menu_order":0,"comment_status":"closed","ping_status":"closed","template":"","meta":{"footnotes":""},"class_list":["post-1419","page","type-page","status-publish"],"_links":{"self":[{"href":"https:\/\/easytopspot.com\/de\/wp-json\/wp\/v2\/pages\/1419","targetHints":{"allow":["GET"]}}],"collection":[{"href":"https:\/\/easytopspot.com\/de\/wp-json\/wp\/v2\/pages"}],"about":[{"href":"https:\/\/easytopspot.com\/de\/wp-json\/wp\/v2\/types\/page"}],"author":[{"embeddable":true,"href":"https:\/\/easytopspot.com\/de\/wp-json\/wp\/v2\/users\/3"}],"replies":[{"embeddable":true,"href":"https:\/\/easytopspot.com\/de\/wp-json\/wp\/v2\/comments?post=1419"}],"version-history":[{"count":0,"href":"https:\/\/easytopspot.com\/de\/wp-json\/wp\/v2\/pages\/1419\/revisions"}],"wp:attachment":[{"href":"https:\/\/easytopspot.com\/de\/wp-json\/wp\/v2\/media?parent=1419"}],"curies":[{"name":"wp","href":"https:\/\/api.w.org\/{rel}","templated":true}]}}