{"id":1491,"date":"2026-03-08T14:05:28","date_gmt":"2026-03-08T14:05:28","guid":{"rendered":"https:\/\/easytopspot.com\/nutzungsbedingungen-2\/"},"modified":"2026-03-08T14:05:28","modified_gmt":"2026-03-08T14:05:28","slug":"nutzungsbedingungen","status":"publish","type":"page","link":"https:\/\/easytopspot.com\/de\/nutzungsbedingungen\/","title":{"rendered":"Nutzungsbedingungen"},"content":{"rendered":"<div class=\"fp\">\n<h1>Nutzungsbedingungen<\/h1>\n<p><em>Letzte Aktualisierung: M\u00e4rz 2026<\/em><\/p>\n<h2>Haftungsausschluss<\/h2>\n<p>Die Inhalte von EasyTopSpot dienen nur zu Informationszwecken. Wir garantieren nicht die Vollst\u00e4ndigkeit oder Zuverl\u00e4ssigkeit der Informationen.<\/p>\n<h2>Affiliate-Offenlegung<\/h2>\n<p>EasyTopSpot nimmt an Partnerprogrammen teil. Wir erhalten Provisionen f\u00fcr K\u00e4ufe \u00fcber unsere Links.<\/p>\n<h2>Geistiges Eigentum<\/h2>\n<p>Alle Inhalte und das Design sind Eigentum von EasyTopSpot. Vervielf\u00e4ltigung ohne Genehmigung ist untersagt.<\/p>\n<\/div>\n","protected":false},"excerpt":{"rendered":"<p>Nutzungsbedingungen Letzte Aktualisierung: M\u00e4rz 2026 Haftungsausschluss Die Inhalte von EasyTopSpot dienen nur zu Informationszwecken. Wir garantieren nicht die Vollst\u00e4ndigkeit oder Zuverl\u00e4ssigkeit der Informationen. Affiliate-Offenlegung EasyTopSpot nimmt an Partnerprogrammen teil. Wir &#8230; <a title=\"Nutzungsbedingungen\" class=\"read-more\" href=\"https:\/\/easytopspot.com\/de\/nutzungsbedingungen\/\" aria-label=\"Read more about Nutzungsbedingungen\">Read More \u2192<\/a><\/p>\n","protected":false},"author":3,"featured_media":0,"parent":0,"menu_order":0,"comment_status":"closed","ping_status":"closed","template":"","meta":{"footnotes":""},"class_list":["post-1491","page","type-page","status-publish"],"_links":{"self":[{"href":"https:\/\/easytopspot.com\/de\/wp-json\/wp\/v2\/pages\/1491","targetHints":{"allow":["GET"]}}],"collection":[{"href":"https:\/\/easytopspot.com\/de\/wp-json\/wp\/v2\/pages"}],"about":[{"href":"https:\/\/easytopspot.com\/de\/wp-json\/wp\/v2\/types\/page"}],"author":[{"embeddable":true,"href":"https:\/\/easytopspot.com\/de\/wp-json\/wp\/v2\/users\/3"}],"replies":[{"embeddable":true,"href":"https:\/\/easytopspot.com\/de\/wp-json\/wp\/v2\/comments?post=1491"}],"version-history":[{"count":0,"href":"https:\/\/easytopspot.com\/de\/wp-json\/wp\/v2\/pages\/1491\/revisions"}],"wp:attachment":[{"href":"https:\/\/easytopspot.com\/de\/wp-json\/wp\/v2\/media?parent=1491"}],"curies":[{"name":"wp","href":"https:\/\/api.w.org\/{rel}","templated":true}]}}