{"id":1442,"date":"2026-03-08T14:05:13","date_gmt":"2026-03-08T14:05:13","guid":{"rendered":"https:\/\/easytopspot.com\/politica-de-privacidad-2\/"},"modified":"2026-03-08T14:05:13","modified_gmt":"2026-03-08T14:05:13","slug":"politica-de-privacidad","status":"publish","type":"page","link":"https:\/\/easytopspot.com\/es\/politica-de-privacidad\/","title":{"rendered":"Pol\u00edtica de Privacidad"},"content":{"rendered":"<div class=\"fp\">\n<h1>Pol\u00edtica de Privacidad<\/h1>\n<p><em>\u00daltima actualizaci\u00f3n: Marzo 2026<\/em><\/p>\n<h2>Datos recopilados<\/h2>\n<p>Recopilamos datos an\u00f3nimos mediante cookies y herramientas de an\u00e1lisis para mejorar nuestro sitio. No recopilamos informaci\u00f3n personal a menos que la proporciones voluntariamente.<\/p>\n<h2>Cookies<\/h2>\n<p>Utilizamos cookies esenciales y anal\u00edticas (Google Analytics). Puedes desactivar las cookies en la configuraci\u00f3n de tu navegador.<\/p>\n<h2>Enlaces de afiliados<\/h2>\n<p>Nuestro sitio contiene enlaces de afiliados regidos por las pol\u00edticas de privacidad de los comerciantes.<\/p>\n<h2>Tus derechos<\/h2>\n<p>Puedes solicitar acceso, correcci\u00f3n o eliminaci\u00f3n de tus datos personales. Cont\u00e1ctanos en contact@easytopspot.com.<\/p>\n<\/div>\n","protected":false},"excerpt":{"rendered":"<p>Pol\u00edtica de Privacidad \u00daltima actualizaci\u00f3n: Marzo 2026 Datos recopilados Recopilamos datos an\u00f3nimos mediante cookies y herramientas de an\u00e1lisis para mejorar nuestro sitio. No recopilamos informaci\u00f3n personal a menos que la &#8230; <a title=\"Pol\u00edtica de Privacidad\" class=\"read-more\" href=\"https:\/\/easytopspot.com\/es\/politica-de-privacidad\/\" aria-label=\"Read more about Pol\u00edtica de Privacidad\">Read More \u2192<\/a><\/p>\n","protected":false},"author":3,"featured_media":0,"parent":0,"menu_order":0,"comment_status":"closed","ping_status":"closed","template":"","meta":{"footnotes":""},"class_list":["post-1442","page","type-page","status-publish"],"_links":{"self":[{"href":"https:\/\/easytopspot.com\/es\/wp-json\/wp\/v2\/pages\/1442","targetHints":{"allow":["GET"]}}],"collection":[{"href":"https:\/\/easytopspot.com\/es\/wp-json\/wp\/v2\/pages"}],"about":[{"href":"https:\/\/easytopspot.com\/es\/wp-json\/wp\/v2\/types\/page"}],"author":[{"embeddable":true,"href":"https:\/\/easytopspot.com\/es\/wp-json\/wp\/v2\/users\/3"}],"replies":[{"embeddable":true,"href":"https:\/\/easytopspot.com\/es\/wp-json\/wp\/v2\/comments?post=1442"}],"version-history":[{"count":0,"href":"https:\/\/easytopspot.com\/es\/wp-json\/wp\/v2\/pages\/1442\/revisions"}],"wp:attachment":[{"href":"https:\/\/easytopspot.com\/es\/wp-json\/wp\/v2\/media?parent=1442"}],"curies":[{"name":"wp","href":"https:\/\/api.w.org\/{rel}","templated":true}]}}