{"id":1490,"date":"2026-03-08T14:05:27","date_gmt":"2026-03-08T14:05:27","guid":{"rendered":"https:\/\/easytopspot.com\/terminos-de-uso-2\/"},"modified":"2026-03-08T14:05:27","modified_gmt":"2026-03-08T14:05:27","slug":"terminos-de-uso","status":"publish","type":"page","link":"https:\/\/easytopspot.com\/es\/terminos-de-uso\/","title":{"rendered":"T\u00e9rminos de Uso"},"content":{"rendered":"<div class=\"fp\">\n<h1>T\u00e9rminos de Uso<\/h1>\n<p><em>\u00daltima actualizaci\u00f3n: Marzo 2026<\/em><\/p>\n<h2>Descargo de responsabilidad<\/h2>\n<p>El contenido de EasyTopSpot es solo informativo. No garantizamos la exactitud o fiabilidad de la informaci\u00f3n.<\/p>\n<h2>Divulgaci\u00f3n de afiliados<\/h2>\n<p>EasyTopSpot participa en programas de afiliados. Ganamos comisiones por compras realizadas a trav\u00e9s de nuestros enlaces.<\/p>\n<h2>Propiedad intelectual<\/h2>\n<p>Todo el contenido y dise\u00f1o es propiedad de EasyTopSpot. La reproducci\u00f3n sin permiso est\u00e1 prohibida.<\/p>\n<\/div>\n","protected":false},"excerpt":{"rendered":"<p>T\u00e9rminos de Uso \u00daltima actualizaci\u00f3n: Marzo 2026 Descargo de responsabilidad El contenido de EasyTopSpot es solo informativo. No garantizamos la exactitud o fiabilidad de la informaci\u00f3n. Divulgaci\u00f3n de afiliados EasyTopSpot &#8230; <a title=\"T\u00e9rminos de Uso\" class=\"read-more\" href=\"https:\/\/easytopspot.com\/es\/terminos-de-uso\/\" aria-label=\"Read more about T\u00e9rminos de Uso\">Read More \u2192<\/a><\/p>\n","protected":false},"author":3,"featured_media":0,"parent":0,"menu_order":0,"comment_status":"closed","ping_status":"closed","template":"","meta":{"footnotes":""},"class_list":["post-1490","page","type-page","status-publish"],"_links":{"self":[{"href":"https:\/\/easytopspot.com\/es\/wp-json\/wp\/v2\/pages\/1490","targetHints":{"allow":["GET"]}}],"collection":[{"href":"https:\/\/easytopspot.com\/es\/wp-json\/wp\/v2\/pages"}],"about":[{"href":"https:\/\/easytopspot.com\/es\/wp-json\/wp\/v2\/types\/page"}],"author":[{"embeddable":true,"href":"https:\/\/easytopspot.com\/es\/wp-json\/wp\/v2\/users\/3"}],"replies":[{"embeddable":true,"href":"https:\/\/easytopspot.com\/es\/wp-json\/wp\/v2\/comments?post=1490"}],"version-history":[{"count":0,"href":"https:\/\/easytopspot.com\/es\/wp-json\/wp\/v2\/pages\/1490\/revisions"}],"wp:attachment":[{"href":"https:\/\/easytopspot.com\/es\/wp-json\/wp\/v2\/media?parent=1490"}],"curies":[{"name":"wp","href":"https:\/\/api.w.org\/{rel}","templated":true}]}}