{"id":28,"date":"2026-03-06T16:59:44","date_gmt":"2026-03-06T16:59:44","guid":{"rendered":"https:\/\/easytopspot.com\/home-es\/"},"modified":"2026-03-07T23:47:04","modified_gmt":"2026-03-07T23:47:04","slug":"inicio","status":"publish","type":"page","link":"https:\/\/easytopspot.com\/es\/inicio\/","title":{"rendered":"EasyTopSpot \u2014 An\u00e1lisis Expertos y Comparativas"},"content":{"rendered":"<div class=\"ets-hp\">\n<div class=\"ets-hp-hero\">\n<h1>An\u00e1lisis independientes y confiables<\/h1>\n<p>Probamos, comparamos y clasificamos productos para ayudarte a tomar mejores decisiones.<\/p>\n<\/div>\n<div class=\"ets-hp-section\">\n<h2>Explorar por categor\u00eda<\/h2>\n<div class=\"ets-hp-cats\"><a href=\"\/es\/category\/tech\/\" class=\"ets-hp-cat\"><svg xmlns=\"http:\/\/www.w3.org\/2000\/svg\" width=\"28\" height=\"28\" viewBox=\"0 0 24 24\" fill=\"none\" stroke=\"#2563eb\" stroke-width=\"2\" stroke-linecap=\"round\" stroke-linejoin=\"round\"><rect x=\"2\" y=\"3\" width=\"20\" height=\"14\" rx=\"2\" ry=\"2\"\/><line x1=\"8\" y1=\"21\" x2=\"16\" y2=\"21\"\/><line x1=\"12\" y1=\"17\" x2=\"12\" y2=\"21\"\/><\/svg><span>Tecnolog\u00eda<\/span><\/a><a href=\"\/es\/category\/finance\/\" class=\"ets-hp-cat\"><svg xmlns=\"http:\/\/www.w3.org\/2000\/svg\" width=\"28\" height=\"28\" viewBox=\"0 0 24 24\" fill=\"none\" stroke=\"#2563eb\" stroke-width=\"2\" stroke-linecap=\"round\" stroke-linejoin=\"round\"><line x1=\"12\" y1=\"1\" x2=\"12\" y2=\"23\"\/><path d=\"M17 5H9.5a3.5 3.5 0 0 0 0 7h5a3.5 3.5 0 0 1 0 7H6\"\/><\/svg><span>Finanzas<\/span><\/a><a href=\"\/es\/category\/marketing\/\" class=\"ets-hp-cat\"><svg xmlns=\"http:\/\/www.w3.org\/2000\/svg\" width=\"28\" height=\"28\" viewBox=\"0 0 24 24\" fill=\"none\" stroke=\"#2563eb\" stroke-width=\"2\" stroke-linecap=\"round\" stroke-linejoin=\"round\"><polyline points=\"22 12 18 12 15 21 9 3 6 12 2 12\"\/><\/svg><span>Marketing<\/span><\/a><a href=\"\/es\/category\/health\/\" class=\"ets-hp-cat\"><svg xmlns=\"http:\/\/www.w3.org\/2000\/svg\" width=\"28\" height=\"28\" viewBox=\"0 0 24 24\" fill=\"none\" stroke=\"#2563eb\" stroke-width=\"2\" stroke-linecap=\"round\" stroke-linejoin=\"round\"><path d=\"M20.84 4.61a5.5 5.5 0 0 0-7.78 0L12 5.67l-1.06-1.06a5.5 5.5 0 0 0-7.78 7.78l1.06 1.06L12 21.23l7.78-7.78 1.06-1.06a5.5 5.5 0 0 0 0-7.78z\"\/><\/svg><span>Salud<\/span><\/a><a href=\"\/es\/category\/vpn-security\/\" class=\"ets-hp-cat\"><svg xmlns=\"http:\/\/www.w3.org\/2000\/svg\" width=\"28\" height=\"28\" viewBox=\"0 0 24 24\" fill=\"none\" stroke=\"#2563eb\" stroke-width=\"2\" stroke-linecap=\"round\" stroke-linejoin=\"round\"><path d=\"M12 22s8-4 8-10V5l-8-3-8 3v7c0 6 8 10 8 10z\"\/><\/svg><span>VPN y Seguridad<\/span><\/a><\/div>\n<\/div>\n<div class=\"ets-hp-section\">\n<h2>\u00daltimos art\u00edculos<\/h2>\n<div class=\"ets-article-grid\"><a href=\"https:\/\/easytopspot.com\/es\/hostinger-vs-siteground-comparacion\/\" class=\"ets-article-card\"><div class=\"ets-card-img\"><img decoding=\"async\" src=\"https:\/\/easytopspot.com\/wp-content\/uploads\/2026\/03\/hero-hostinger-vs-siteground-300x168.jpg\" alt=\"Hostinger vs SiteGround 2026: \u00bfCu\u00e1l merece realmente tu dinero?\" loading=\"lazy\" width=\"400\" height=\"225\" \/><\/div><span class=\"ets-card-cat\">Tecnologia<\/span><h3 class=\"ets-card-title\">Hostinger vs SiteGround 2026: \u00bfCu\u00e1l merece realmente tu dinero?<\/h3><p class=\"ets-card-excerpt\">Inicio &rsaquo; Tech &rsaquo; Hostinger vs SiteGround Hostinger vs SiteGround 2026: \u00bfCu\u00e1l merece realmente tu dinero? Probamos ambos proveedores de&hellip;<\/p><\/a><a href=\"https:\/\/easytopspot.com\/es\/mejor-almacenamiento-nube-2026\/\" class=\"ets-article-card\"><div class=\"ets-card-img\"><img decoding=\"async\" src=\"https:\/\/easytopspot.com\/wp-content\/uploads\/2026\/03\/hero-cloud-storage-300x169.jpg\" alt=\"Mejor Almacenamiento en la Nube 2026: 7 Servicios Probados en Velocidad, Seguridad y Precio\" loading=\"lazy\" width=\"400\" height=\"225\" \/><\/div><span class=\"ets-card-cat\">Tecnologia<\/span><h3 class=\"ets-card-title\">Mejor Almacenamiento en la Nube 2026: 7 Servicios Probados en Velocidad, Seguridad y Precio<\/h3><p class=\"ets-card-excerpt\">Inicio &rsaquo; Tecnolog\u00eda &rsaquo; Almacenamiento en la Nube Mejor Almacenamiento en la Nube 2026: 7 Servicios Probados en Velocidad, Seguridad&hellip;<\/p><\/a><a href=\"https:\/\/easytopspot.com\/es\/como-configurar-vpn\/\" class=\"ets-article-card\"><div class=\"ets-card-img\"><img decoding=\"async\" src=\"https:\/\/easytopspot.com\/wp-content\/uploads\/2026\/03\/hero-vpn-v2-300x168.jpg\" alt=\"C\u00f3mo configurar un VPN en cualquier dispositivo en 2026: gu\u00eda paso a paso\" loading=\"lazy\" width=\"400\" height=\"225\" \/><\/div><span class=\"ets-card-cat\">VPN y Seguridad<\/span><h3 class=\"ets-card-title\">C\u00f3mo configurar un VPN en cualquier dispositivo en 2026: gu\u00eda paso a paso<\/h3><p class=\"ets-card-excerpt\">Inicio &rsaquo; VPN &amp; Seguridad &rsaquo; C\u00f3mo configurar un VPN C\u00f3mo configurar un VPN en cualquier dispositivo en 2026: gu\u00eda&hellip;<\/p><\/a><a href=\"https:\/\/easytopspot.com\/es\/nordvpn-vs-surfshark-comparacion\/\" class=\"ets-article-card\"><div class=\"ets-card-img\"><img decoding=\"async\" src=\"https:\/\/easytopspot.com\/wp-content\/uploads\/2026\/03\/hero-nordvpn-vs-surfshark-300x169.jpg\" alt=\"NordVPN vs Surfshark 2026: \u00bfCu\u00e1l VPN es realmente mejor?\" loading=\"lazy\" width=\"400\" height=\"225\" \/><\/div><span class=\"ets-card-cat\">VPN y Seguridad<\/span><h3 class=\"ets-card-title\">NordVPN vs Surfshark 2026: \u00bfCu\u00e1l VPN es realmente mejor?<\/h3><p class=\"ets-card-excerpt\">Inicio &rsaquo; VPN &amp; Seguridad &rsaquo; NordVPN vs Surfshark NordVPN vs Surfshark 2026: \u00bfCu\u00e1l VPN es realmente mejor? Probamos ambas&hellip;<\/p><\/a><a href=\"https:\/\/easytopspot.com\/es\/mejores-plataformas-email-marketing\/\" class=\"ets-article-card\"><div class=\"ets-card-img\"><img decoding=\"async\" src=\"https:\/\/easytopspot.com\/wp-content\/uploads\/2026\/03\/hero-email-marketing-v2-300x168.jpg\" alt=\"Mejores Plataformas de Email Marketing 2026: 7 Servicios Probados en Funciones, Entregabilidad y Precio\" loading=\"lazy\" width=\"400\" height=\"225\" \/><\/div><span class=\"ets-card-cat\">Marketing<\/span><h3 class=\"ets-card-title\">Mejores Plataformas de Email Marketing 2026: 7 Servicios Probados en Funciones, Entregabilidad y Precio<\/h3><p class=\"ets-card-excerpt\">Inicio &rsaquo; Email Marketing &rsaquo; Plataformas Mejores Plataformas de Email Marketing 2026: 7 Servicios Probados en Funciones, Entregabilidad y Precio&hellip;<\/p><\/a><a href=\"https:\/\/easytopspot.com\/es\/mejores-servicios-vpn\/\" class=\"ets-article-card\"><div class=\"ets-card-img\"><img decoding=\"async\" src=\"https:\/\/easytopspot.com\/wp-content\/uploads\/2026\/03\/hero-vpn-v2-300x168.jpg\" alt=\"Los mejores servicios VPN 2026: 7 proveedores probados en velocidad, privacidad y streaming\" loading=\"lazy\" width=\"400\" height=\"225\" \/><\/div><span class=\"ets-card-cat\">VPN y Seguridad<\/span><h3 class=\"ets-card-title\">Los mejores servicios VPN 2026: 7 proveedores probados en velocidad, privacidad y streaming<\/h3><p class=\"ets-card-excerpt\">Inicio &rsaquo; VPN y seguridad &rsaquo; Servicios VPN Los mejores servicios VPN 2026: 7 proveedores probados en velocidad, privacidad y&hellip;<\/p><\/a><\/div><\/div>\n<\/div>\n","protected":false},"excerpt":{"rendered":"<p>An\u00e1lisis independientes y confiables Probamos, comparamos y clasificamos productos para ayudarte a tomar mejores decisiones. Explorar por categor\u00eda Tecnolog\u00edaFinanzasMarketingSaludVPN y Seguridad \u00daltimos art\u00edculos<\/p>\n","protected":false},"author":0,"featured_media":0,"parent":0,"menu_order":0,"comment_status":"closed","ping_status":"closed","template":"","meta":{"footnotes":""},"class_list":["post-28","page","type-page","status-publish","hentry"],"_links":{"self":[{"href":"https:\/\/easytopspot.com\/es\/wp-json\/wp\/v2\/pages\/28","targetHints":{"allow":["GET"]}}],"collection":[{"href":"https:\/\/easytopspot.com\/es\/wp-json\/wp\/v2\/pages"}],"about":[{"href":"https:\/\/easytopspot.com\/es\/wp-json\/wp\/v2\/types\/page"}],"replies":[{"embeddable":true,"href":"https:\/\/easytopspot.com\/es\/wp-json\/wp\/v2\/comments?post=28"}],"version-history":[{"count":5,"href":"https:\/\/easytopspot.com\/es\/wp-json\/wp\/v2\/pages\/28\/revisions"}],"predecessor-version":[{"id":860,"href":"https:\/\/easytopspot.com\/es\/wp-json\/wp\/v2\/pages\/28\/revisions\/860"}],"wp:attachment":[{"href":"https:\/\/easytopspot.com\/es\/wp-json\/wp\/v2\/media?parent=28"}],"curies":[{"name":"wp","href":"https:\/\/api.w.org\/{rel}","templated":true}]}}