{"id":1426,"date":"2026-03-08T14:05:09","date_gmt":"2026-03-08T14:05:09","guid":{"rendered":"https:\/\/easytopspot.com\/tietoa\/"},"modified":"2026-03-08T14:05:09","modified_gmt":"2026-03-08T14:05:09","slug":"tietoa","status":"publish","type":"page","link":"https:\/\/easytopspot.com\/fi\/tietoa\/","title":{"rendered":"Tietoa Meist\u00e4"},"content":{"rendered":"<div class=\"fp\">\n<h1>Tietoa EasyTopSpotista<\/h1>\n<p>EasyTopSpot on riippumaton tuotearvostelu- ja vertailusivusto. Testaamme oikeita tuotteita todellisissa olosuhteissa ja julkaisemme rehellisi\u00e4, puolueettomia arvosteluja.<\/p>\n<h2>Miten ansaitsemme rahaa<\/h2>\n<p>Saamme affiliate-palkkioita, kun ostat tuotteita linkkiemme kautta. T\u00e4m\u00e4 ei koskaan vaikuta arvosteluihimme.<\/p>\n<h2>Yhteystiedot<\/h2>\n<p>Kysymyksi\u00e4? L\u00e4het\u00e4 s\u00e4hk\u00f6postia: <strong>contact@easytopspot.com<\/strong><\/p>\n<\/div>\n","protected":false},"excerpt":{"rendered":"<p>Tietoa EasyTopSpotista EasyTopSpot on riippumaton tuotearvostelu- ja vertailusivusto. Testaamme oikeita tuotteita todellisissa olosuhteissa ja julkaisemme rehellisi\u00e4, puolueettomia arvosteluja. Miten ansaitsemme rahaa Saamme affiliate-palkkioita, kun ostat tuotteita linkkiemme kautta. T\u00e4m\u00e4 ei &#8230; <a title=\"Tietoa Meist\u00e4\" class=\"read-more\" href=\"https:\/\/easytopspot.com\/fi\/tietoa\/\" aria-label=\"Read more about Tietoa Meist\u00e4\">Read More \u2192<\/a><\/p>\n","protected":false},"author":3,"featured_media":0,"parent":0,"menu_order":0,"comment_status":"closed","ping_status":"closed","template":"","meta":{"footnotes":""},"class_list":["post-1426","page","type-page","status-publish"],"_links":{"self":[{"href":"https:\/\/easytopspot.com\/fi\/wp-json\/wp\/v2\/pages\/1426","targetHints":{"allow":["GET"]}}],"collection":[{"href":"https:\/\/easytopspot.com\/fi\/wp-json\/wp\/v2\/pages"}],"about":[{"href":"https:\/\/easytopspot.com\/fi\/wp-json\/wp\/v2\/types\/page"}],"author":[{"embeddable":true,"href":"https:\/\/easytopspot.com\/fi\/wp-json\/wp\/v2\/users\/3"}],"replies":[{"embeddable":true,"href":"https:\/\/easytopspot.com\/fi\/wp-json\/wp\/v2\/comments?post=1426"}],"version-history":[{"count":0,"href":"https:\/\/easytopspot.com\/fi\/wp-json\/wp\/v2\/pages\/1426\/revisions"}],"wp:attachment":[{"href":"https:\/\/easytopspot.com\/fi\/wp-json\/wp\/v2\/media?parent=1426"}],"curies":[{"name":"wp","href":"https:\/\/api.w.org\/{rel}","templated":true}]}}