{"id":1450,"date":"2026-03-08T14:05:16","date_gmt":"2026-03-08T14:05:16","guid":{"rendered":"https:\/\/easytopspot.com\/tietosuojakaytanto\/"},"modified":"2026-03-08T14:05:16","modified_gmt":"2026-03-08T14:05:16","slug":"tietosuojakaytanto","status":"publish","type":"page","link":"https:\/\/easytopspot.com\/fi\/tietosuojakaytanto\/","title":{"rendered":"Tietosuojak\u00e4yt\u00e4nt\u00f6"},"content":{"rendered":"<div class=\"fp\">\n<h1>Tietosuojak\u00e4yt\u00e4nt\u00f6<\/h1>\n<p><em>P\u00e4ivitetty viimeksi: Maaliskuu 2026<\/em><\/p>\n<p>Ker\u00e4\u00e4mme anonyymi\u00e4 k\u00e4ytt\u00f6tietoa ev\u00e4steiden ja analytiikkaty\u00f6kalujen avulla. Emme ker\u00e4\u00e4 henkil\u00f6tietoja, ellei niit\u00e4 anneta vapaaehtoisesti. Voit pyyt\u00e4\u00e4 p\u00e4\u00e4sy\u00e4, oikaisua tai tietojesi poistamista. Yhteystiedot: contact@easytopspot.com.<\/p>\n<\/div>\n","protected":false},"excerpt":{"rendered":"<p>Tietosuojak\u00e4yt\u00e4nt\u00f6 P\u00e4ivitetty viimeksi: Maaliskuu 2026 Ker\u00e4\u00e4mme anonyymi\u00e4 k\u00e4ytt\u00f6tietoa ev\u00e4steiden ja analytiikkaty\u00f6kalujen avulla. Emme ker\u00e4\u00e4 henkil\u00f6tietoja, ellei niit\u00e4 anneta vapaaehtoisesti. Voit pyyt\u00e4\u00e4 p\u00e4\u00e4sy\u00e4, oikaisua tai tietojesi poistamista. Yhteystiedot: contact@easytopspot.com.<\/p>\n","protected":false},"author":3,"featured_media":0,"parent":0,"menu_order":0,"comment_status":"closed","ping_status":"closed","template":"","meta":{"footnotes":""},"class_list":["post-1450","page","type-page","status-publish"],"_links":{"self":[{"href":"https:\/\/easytopspot.com\/fi\/wp-json\/wp\/v2\/pages\/1450","targetHints":{"allow":["GET"]}}],"collection":[{"href":"https:\/\/easytopspot.com\/fi\/wp-json\/wp\/v2\/pages"}],"about":[{"href":"https:\/\/easytopspot.com\/fi\/wp-json\/wp\/v2\/types\/page"}],"author":[{"embeddable":true,"href":"https:\/\/easytopspot.com\/fi\/wp-json\/wp\/v2\/users\/3"}],"replies":[{"embeddable":true,"href":"https:\/\/easytopspot.com\/fi\/wp-json\/wp\/v2\/comments?post=1450"}],"version-history":[{"count":0,"href":"https:\/\/easytopspot.com\/fi\/wp-json\/wp\/v2\/pages\/1450\/revisions"}],"wp:attachment":[{"href":"https:\/\/easytopspot.com\/fi\/wp-json\/wp\/v2\/media?parent=1450"}],"curies":[{"name":"wp","href":"https:\/\/api.w.org\/{rel}","templated":true}]}}