{"id":1498,"date":"2026-03-08T14:05:34","date_gmt":"2026-03-08T14:05:34","guid":{"rendered":"https:\/\/easytopspot.com\/kayttoehdot\/"},"modified":"2026-03-08T14:05:34","modified_gmt":"2026-03-08T14:05:34","slug":"kayttoehdot","status":"publish","type":"page","link":"https:\/\/easytopspot.com\/fi\/kayttoehdot\/","title":{"rendered":"K\u00e4ytt\u00f6ehdot"},"content":{"rendered":"<div class=\"fp\">\n<h1>K\u00e4ytt\u00f6ehdot<\/h1>\n<p><em>P\u00e4ivitetty viimeksi: Maaliskuu 2026<\/em><\/p>\n<p>EasyTopSpotin sis\u00e4lt\u00f6 on vain tiedoksi. Osallistumme kumppanuusohjelmiin. Kaikki sis\u00e4lt\u00f6 ja suunnittelu on EasyTopSpotin omaisuutta.<\/p>\n<\/div>\n","protected":false},"excerpt":{"rendered":"<p>K\u00e4ytt\u00f6ehdot P\u00e4ivitetty viimeksi: Maaliskuu 2026 EasyTopSpotin sis\u00e4lt\u00f6 on vain tiedoksi. Osallistumme kumppanuusohjelmiin. Kaikki sis\u00e4lt\u00f6 ja suunnittelu on EasyTopSpotin omaisuutta.<\/p>\n","protected":false},"author":3,"featured_media":0,"parent":0,"menu_order":0,"comment_status":"closed","ping_status":"closed","template":"","meta":{"footnotes":""},"class_list":["post-1498","page","type-page","status-publish"],"_links":{"self":[{"href":"https:\/\/easytopspot.com\/fi\/wp-json\/wp\/v2\/pages\/1498","targetHints":{"allow":["GET"]}}],"collection":[{"href":"https:\/\/easytopspot.com\/fi\/wp-json\/wp\/v2\/pages"}],"about":[{"href":"https:\/\/easytopspot.com\/fi\/wp-json\/wp\/v2\/types\/page"}],"author":[{"embeddable":true,"href":"https:\/\/easytopspot.com\/fi\/wp-json\/wp\/v2\/users\/3"}],"replies":[{"embeddable":true,"href":"https:\/\/easytopspot.com\/fi\/wp-json\/wp\/v2\/comments?post=1498"}],"version-history":[{"count":0,"href":"https:\/\/easytopspot.com\/fi\/wp-json\/wp\/v2\/pages\/1498\/revisions"}],"wp:attachment":[{"href":"https:\/\/easytopspot.com\/fi\/wp-json\/wp\/v2\/media?parent=1498"}],"curies":[{"name":"wp","href":"https:\/\/api.w.org\/{rel}","templated":true}]}}