{"id":36,"date":"2026-03-06T16:59:44","date_gmt":"2026-03-06T16:59:44","guid":{"rendered":"https:\/\/easytopspot.com\/home-fi\/"},"modified":"2026-03-07T23:47:10","modified_gmt":"2026-03-07T23:47:10","slug":"etusivu","status":"publish","type":"page","link":"https:\/\/easytopspot.com\/fi\/etusivu\/","title":{"rendered":"EasyTopSpot \u2014 Asiantuntija-arvostelut ja Vertailut"},"content":{"rendered":"<div class=\"ets-hp\">\n<div class=\"ets-hp-hero\">\n<h1>Luotettavat riippumattomat arvostelut<\/h1>\n<p>Testaamme, vertailemme ja arvostelemme tuotteita.<\/p>\n<\/div>\n<div class=\"ets-hp-section\">\n<h2>Selaa kategorioittain<\/h2>\n<div class=\"ets-hp-cats\"><a href=\"\/fi\/category\/tech\/\" class=\"ets-hp-cat\"><svg xmlns=\"http:\/\/www.w3.org\/2000\/svg\" width=\"28\" height=\"28\" viewBox=\"0 0 24 24\" fill=\"none\" stroke=\"#2563eb\" stroke-width=\"2\" stroke-linecap=\"round\" stroke-linejoin=\"round\"><rect x=\"2\" y=\"3\" width=\"20\" height=\"14\" rx=\"2\" ry=\"2\"\/><line x1=\"8\" y1=\"21\" x2=\"16\" y2=\"21\"\/><line x1=\"12\" y1=\"17\" x2=\"12\" y2=\"21\"\/><\/svg><span>Tekniikka<\/span><\/a><a href=\"\/fi\/category\/finance\/\" class=\"ets-hp-cat\"><svg xmlns=\"http:\/\/www.w3.org\/2000\/svg\" width=\"28\" height=\"28\" viewBox=\"0 0 24 24\" fill=\"none\" stroke=\"#2563eb\" stroke-width=\"2\" stroke-linecap=\"round\" stroke-linejoin=\"round\"><line x1=\"12\" y1=\"1\" x2=\"12\" y2=\"23\"\/><path d=\"M17 5H9.5a3.5 3.5 0 0 0 0 7h5a3.5 3.5 0 0 1 0 7H6\"\/><\/svg><span>Talous<\/span><\/a><a href=\"\/fi\/category\/marketing\/\" class=\"ets-hp-cat\"><svg xmlns=\"http:\/\/www.w3.org\/2000\/svg\" width=\"28\" height=\"28\" viewBox=\"0 0 24 24\" fill=\"none\" stroke=\"#2563eb\" stroke-width=\"2\" stroke-linecap=\"round\" stroke-linejoin=\"round\"><polyline points=\"22 12 18 12 15 21 9 3 6 12 2 12\"\/><\/svg><span>Markkinointi<\/span><\/a><a href=\"\/fi\/category\/health\/\" class=\"ets-hp-cat\"><svg xmlns=\"http:\/\/www.w3.org\/2000\/svg\" width=\"28\" height=\"28\" viewBox=\"0 0 24 24\" fill=\"none\" stroke=\"#2563eb\" stroke-width=\"2\" stroke-linecap=\"round\" stroke-linejoin=\"round\"><path d=\"M20.84 4.61a5.5 5.5 0 0 0-7.78 0L12 5.67l-1.06-1.06a5.5 5.5 0 0 0-7.78 7.78l1.06 1.06L12 21.23l7.78-7.78 1.06-1.06a5.5 5.5 0 0 0 0-7.78z\"\/><\/svg><span>Terveys<\/span><\/a><a href=\"\/fi\/category\/vpn-security\/\" class=\"ets-hp-cat\"><svg xmlns=\"http:\/\/www.w3.org\/2000\/svg\" width=\"28\" height=\"28\" viewBox=\"0 0 24 24\" fill=\"none\" stroke=\"#2563eb\" stroke-width=\"2\" stroke-linecap=\"round\" stroke-linejoin=\"round\"><path d=\"M12 22s8-4 8-10V5l-8-3-8 3v7c0 6 8 10 8 10z\"\/><\/svg><span>VPN ja Turvallisuus<\/span><\/a><\/div>\n<\/div>\n<div class=\"ets-hp-section\">\n<h2>Uusimmat artikkelit<\/h2>\n<div class=\"ets-article-grid\"><a href=\"https:\/\/easytopspot.com\/fi\/hostinger-vs-siteground-vertailu\/\" class=\"ets-article-card\"><div class=\"ets-card-img\"><img decoding=\"async\" src=\"https:\/\/easytopspot.com\/wp-content\/uploads\/2026\/03\/hero-hostinger-vs-siteground-300x168.jpg\" alt=\"Hostinger vs SiteGround 2026: Kumpi webhotelli on oikeasti rahojesi arvoinen?\" loading=\"lazy\" width=\"400\" height=\"225\" \/><\/div><span class=\"ets-card-cat\">Tech<\/span><h3 class=\"ets-card-title\">Hostinger vs SiteGround 2026: Kumpi webhotelli on oikeasti rahojesi arvoinen?<\/h3><p class=\"ets-card-excerpt\">Etusivu &rsaquo; Teknologia &rsaquo; Hostinger vs SiteGround Hostinger vs SiteGround 2026: Kumpi webhotelli on oikeasti rahojesi arvoinen? Testasimme molemmat hosting-palveluntarjoajat&hellip;<\/p><\/a><a href=\"https:\/\/easytopspot.com\/fi\/paras-pilvitallennustila-2026\/\" class=\"ets-article-card\"><div class=\"ets-card-img\"><img decoding=\"async\" src=\"https:\/\/easytopspot.com\/wp-content\/uploads\/2026\/03\/hero-cloud-storage-300x169.jpg\" alt=\"Paras pilvitallennustila 2026: 7 palvelua testattu nopeuden, turvallisuuden ja hinta-laatusuhteen osalta\" loading=\"lazy\" width=\"400\" height=\"225\" \/><\/div><span class=\"ets-card-cat\">Tech<\/span><h3 class=\"ets-card-title\">Paras pilvitallennustila 2026: 7 palvelua testattu nopeuden, turvallisuuden ja hinta-laatusuhteen osalta<\/h3><p class=\"ets-card-excerpt\">Etusivu &rsaquo; Teknologia &rsaquo; Pilvitallennustila Paras pilvitallennustila 2026: 7 palvelua testattu nopeuden, turvallisuuden ja hinta-laatusuhteen osalta Latausimme yli 50 000&hellip;<\/p><\/a><a href=\"https:\/\/easytopspot.com\/fi\/vpn-asennus-opas\/\" class=\"ets-article-card\"><div class=\"ets-card-img\"><img decoding=\"async\" src=\"https:\/\/easytopspot.com\/wp-content\/uploads\/2026\/03\/hero-vpn-v2-300x168.jpg\" alt=\"VPN:n asentaminen mille tahansa laitteelle vuonna 2026: Vaiheittainen opas\" loading=\"lazy\" width=\"400\" height=\"225\" \/><\/div><span class=\"ets-card-cat\">VPN ja Tietoturva<\/span><h3 class=\"ets-card-title\">VPN:n asentaminen mille tahansa laitteelle vuonna 2026: Vaiheittainen opas<\/h3><p class=\"ets-card-excerpt\">Etusivu &rsaquo; VPN ja tietoturva &rsaquo; VPN:n asennus VPN:n asentaminen mille tahansa laitteelle vuonna 2026: Vaiheittainen opas Windows, Mac, iPhone,&hellip;<\/p><\/a><a href=\"https:\/\/easytopspot.com\/fi\/nordvpn-vs-surfshark-vertailu\/\" class=\"ets-article-card\"><div class=\"ets-card-img\"><img decoding=\"async\" src=\"https:\/\/easytopspot.com\/wp-content\/uploads\/2026\/03\/hero-nordvpn-vs-surfshark-300x169.jpg\" alt=\"NordVPN vs Surfshark 2026: Kumpi VPN on oikeasti parempi?\" loading=\"lazy\" width=\"400\" height=\"225\" \/><\/div><span class=\"ets-card-cat\">VPN ja Tietoturva<\/span><h3 class=\"ets-card-title\">NordVPN vs Surfshark 2026: Kumpi VPN on oikeasti parempi?<\/h3><p class=\"ets-card-excerpt\">Etusivu &rsaquo; VPN &amp; Tietoturva &rsaquo; NordVPN vs Surfshark NordVPN vs Surfshark 2026: Kumpi VPN on oikeasti parempi? Testasimme molemmat&hellip;<\/p><\/a><a href=\"https:\/\/easytopspot.com\/fi\/parhaat-sahkopostimarkkinointialustat\/\" class=\"ets-article-card\"><div class=\"ets-card-img\"><img decoding=\"async\" src=\"https:\/\/easytopspot.com\/wp-content\/uploads\/2026\/03\/hero-email-marketing-v2-300x168.jpg\" alt=\"Parhaat s\u00e4hk\u00f6postimarkkinointialustat 2026: 7 palvelua testattu ominaisuuksien, toimitettavuuden ja hinnan osalta\" loading=\"lazy\" width=\"400\" height=\"225\" \/><\/div><span class=\"ets-card-cat\">Marketing<\/span><h3 class=\"ets-card-title\">Parhaat s\u00e4hk\u00f6postimarkkinointialustat 2026: 7 palvelua testattu ominaisuuksien, toimitettavuuden ja hinnan osalta<\/h3><p class=\"ets-card-excerpt\">Etusivu &rsaquo; S\u00e4hk\u00f6postimarkkinointi &rsaquo; Alustat Parhaat s\u00e4hk\u00f6postimarkkinointialustat 2026: 7 palvelua testattu ominaisuuksien, toimitettavuuden ja hinnan osalta Testasimme 7 s\u00e4hk\u00f6postimarkkinointialustaa toimitettavuuden,&hellip;<\/p><\/a><a href=\"https:\/\/easytopspot.com\/fi\/parhaat-vpn-palvelut\/\" class=\"ets-article-card\"><div class=\"ets-card-img\"><img decoding=\"async\" src=\"https:\/\/easytopspot.com\/wp-content\/uploads\/2026\/03\/hero-vpn-v2-300x168.jpg\" alt=\"Parhaat VPN-palvelut 2026: 7 palveluntarjoajaa testattu nopeuden, yksityisyyden ja suoratoiston osalta\" loading=\"lazy\" width=\"400\" height=\"225\" \/><\/div><span class=\"ets-card-cat\">VPN ja Tietoturva<\/span><h3 class=\"ets-card-title\">Parhaat VPN-palvelut 2026: 7 palveluntarjoajaa testattu nopeuden, yksityisyyden ja suoratoiston osalta<\/h3><p class=\"ets-card-excerpt\">Etusivu &rsaquo; VPN &amp; Turvallisuus &rsaquo; VPN-palvelut Parhaat VPN-palvelut 2026: 7 palveluntarjoajaa testattu nopeuden, yksityisyyden ja suoratoiston osalta Testasimme 7&hellip;<\/p><\/a><\/div><\/div>\n<\/div>\n","protected":false},"excerpt":{"rendered":"<p>Luotettavat riippumattomat arvostelut Testaamme, vertailemme ja arvostelemme tuotteita. Selaa kategorioittain TekniikkaTalousMarkkinointiTerveysVPN ja Turvallisuus Uusimmat artikkelit<\/p>\n","protected":false},"author":0,"featured_media":0,"parent":0,"menu_order":0,"comment_status":"closed","ping_status":"closed","template":"","meta":{"footnotes":""},"class_list":["post-36","page","type-page","status-publish","hentry"],"_links":{"self":[{"href":"https:\/\/easytopspot.com\/fi\/wp-json\/wp\/v2\/pages\/36","targetHints":{"allow":["GET"]}}],"collection":[{"href":"https:\/\/easytopspot.com\/fi\/wp-json\/wp\/v2\/pages"}],"about":[{"href":"https:\/\/easytopspot.com\/fi\/wp-json\/wp\/v2\/types\/page"}],"replies":[{"embeddable":true,"href":"https:\/\/easytopspot.com\/fi\/wp-json\/wp\/v2\/comments?post=36"}],"version-history":[{"count":5,"href":"https:\/\/easytopspot.com\/fi\/wp-json\/wp\/v2\/pages\/36\/revisions"}],"predecessor-version":[{"id":868,"href":"https:\/\/easytopspot.com\/fi\/wp-json\/wp\/v2\/pages\/36\/revisions\/868"}],"wp:attachment":[{"href":"https:\/\/easytopspot.com\/fi\/wp-json\/wp\/v2\/media?parent=36"}],"curies":[{"name":"wp","href":"https:\/\/api.w.org\/{rel}","templated":true}]}}