{"id":1417,"date":"2026-03-08T14:05:06","date_gmt":"2026-03-08T14:05:06","guid":{"rendered":"https:\/\/easytopspot.com\/a-propos-2\/"},"modified":"2026-03-08T14:05:06","modified_gmt":"2026-03-08T14:05:06","slug":"a-propos","status":"publish","type":"page","link":"https:\/\/easytopspot.com\/fr\/a-propos\/","title":{"rendered":"\u00c0 propos"},"content":{"rendered":"<div class=\"fp\">\n<h1>\u00c0 propos d&#8217;EasyTopSpot<\/h1>\n<p>EasyTopSpot est un site ind\u00e9pendant de tests et comparatifs de produits. Nous testons de vrais produits en conditions r\u00e9elles et publions des avis honn\u00eates et impartiaux pour vous aider \u00e0 faire les bons choix d&#8217;achat.<\/p>\n<p>Notre \u00e9quipe \u00e9ditoriale utilise des protocoles de test standardis\u00e9s pour chaque cat\u00e9gorie de produits. Nous \u00e9valuons les produits sur la performance, le rapport qualit\u00e9-prix, la facilit\u00e9 d&#8217;utilisation et la fiabilit\u00e9.<\/p>\n<h2>Comment nous gagnons de l&#8217;argent<\/h2>\n<p>Nous percevons des commissions d&#8217;affiliation lorsque vous achetez des produits via nos liens. Cela n&#8217;influence jamais nos avis ou classements \u2014 si un produit est mauvais, nous le disons, quelle que soit la relation d&#8217;affiliation.<\/p>\n<h2>Contact<\/h2>\n<p>Questions ou commentaires ? \u00c9crivez-nous \u00e0 <strong>contact@easytopspot.com<\/strong><\/p>\n<\/div>\n","protected":false},"excerpt":{"rendered":"<p>\u00c0 propos d&#8217;EasyTopSpot EasyTopSpot est un site ind\u00e9pendant de tests et comparatifs de produits. Nous testons de vrais produits en conditions r\u00e9elles et publions des avis honn\u00eates et impartiaux pour &#8230; <a title=\"\u00c0 propos\" class=\"read-more\" href=\"https:\/\/easytopspot.com\/fr\/a-propos\/\" aria-label=\"Read more about \u00c0 propos\">Read More \u2192<\/a><\/p>\n","protected":false},"author":3,"featured_media":0,"parent":0,"menu_order":0,"comment_status":"closed","ping_status":"closed","template":"","meta":{"footnotes":""},"class_list":["post-1417","page","type-page","status-publish"],"_links":{"self":[{"href":"https:\/\/easytopspot.com\/fr\/wp-json\/wp\/v2\/pages\/1417","targetHints":{"allow":["GET"]}}],"collection":[{"href":"https:\/\/easytopspot.com\/fr\/wp-json\/wp\/v2\/pages"}],"about":[{"href":"https:\/\/easytopspot.com\/fr\/wp-json\/wp\/v2\/types\/page"}],"author":[{"embeddable":true,"href":"https:\/\/easytopspot.com\/fr\/wp-json\/wp\/v2\/users\/3"}],"replies":[{"embeddable":true,"href":"https:\/\/easytopspot.com\/fr\/wp-json\/wp\/v2\/comments?post=1417"}],"version-history":[{"count":0,"href":"https:\/\/easytopspot.com\/fr\/wp-json\/wp\/v2\/pages\/1417\/revisions"}],"wp:attachment":[{"href":"https:\/\/easytopspot.com\/fr\/wp-json\/wp\/v2\/media?parent=1417"}],"curies":[{"name":"wp","href":"https:\/\/api.w.org\/{rel}","templated":true}]}}