{"id":1441,"date":"2026-03-08T14:05:13","date_gmt":"2026-03-08T14:05:13","guid":{"rendered":"https:\/\/easytopspot.com\/politique-de-confidentialite-2\/"},"modified":"2026-03-08T14:05:13","modified_gmt":"2026-03-08T14:05:13","slug":"politique-de-confidentialite","status":"publish","type":"page","link":"https:\/\/easytopspot.com\/fr\/politique-de-confidentialite\/","title":{"rendered":"Politique de Confidentialit\u00e9"},"content":{"rendered":"<div class=\"fp\">\n<h1>Politique de Confidentialit\u00e9<\/h1>\n<p><em>Derni\u00e8re mise \u00e0 jour : Mars 2026<\/em><\/p>\n<h2>Donn\u00e9es collect\u00e9es<\/h2>\n<p>Nous collectons des donn\u00e9es anonymes via des cookies et outils d&#8217;analyse pour am\u00e9liorer notre site. Nous ne collectons pas d&#8217;informations personnelles sauf si vous les fournissez volontairement (formulaire de contact).<\/p>\n<h2>Cookies<\/h2>\n<p>Nous utilisons des cookies essentiels pour le fonctionnement du site et des cookies analytiques (Google Analytics) pour comprendre le trafic. Vous pouvez d\u00e9sactiver les cookies dans les param\u00e8tres de votre navigateur.<\/p>\n<h2>Liens affili\u00e9s<\/h2>\n<p>Notre site contient des liens affili\u00e9s. Lorsque vous cliquez sur ces liens, le marchand peut placer des cookies sur votre appareil. Ceux-ci sont r\u00e9gis par la politique de confidentialit\u00e9 du marchand.<\/p>\n<h2>Vos droits<\/h2>\n<p>Vous pouvez demander l&#8217;acc\u00e8s, la correction ou la suppression de toute donn\u00e9e personnelle. Contactez-nous \u00e0 contact@easytopspot.com.<\/p>\n<\/div>\n","protected":false},"excerpt":{"rendered":"<p>Politique de Confidentialit\u00e9 Derni\u00e8re mise \u00e0 jour : Mars 2026 Donn\u00e9es collect\u00e9es Nous collectons des donn\u00e9es anonymes via des cookies et outils d&#8217;analyse pour am\u00e9liorer notre site. Nous ne collectons &#8230; <a title=\"Politique de Confidentialit\u00e9\" class=\"read-more\" href=\"https:\/\/easytopspot.com\/fr\/politique-de-confidentialite\/\" aria-label=\"Read more about Politique de Confidentialit\u00e9\">Read More \u2192<\/a><\/p>\n","protected":false},"author":3,"featured_media":0,"parent":0,"menu_order":0,"comment_status":"closed","ping_status":"closed","template":"","meta":{"footnotes":""},"class_list":["post-1441","page","type-page","status-publish"],"_links":{"self":[{"href":"https:\/\/easytopspot.com\/fr\/wp-json\/wp\/v2\/pages\/1441","targetHints":{"allow":["GET"]}}],"collection":[{"href":"https:\/\/easytopspot.com\/fr\/wp-json\/wp\/v2\/pages"}],"about":[{"href":"https:\/\/easytopspot.com\/fr\/wp-json\/wp\/v2\/types\/page"}],"author":[{"embeddable":true,"href":"https:\/\/easytopspot.com\/fr\/wp-json\/wp\/v2\/users\/3"}],"replies":[{"embeddable":true,"href":"https:\/\/easytopspot.com\/fr\/wp-json\/wp\/v2\/comments?post=1441"}],"version-history":[{"count":0,"href":"https:\/\/easytopspot.com\/fr\/wp-json\/wp\/v2\/pages\/1441\/revisions"}],"wp:attachment":[{"href":"https:\/\/easytopspot.com\/fr\/wp-json\/wp\/v2\/media?parent=1441"}],"curies":[{"name":"wp","href":"https:\/\/api.w.org\/{rel}","templated":true}]}}