{"id":1465,"date":"2026-03-08T14:05:20","date_gmt":"2026-03-08T14:05:20","guid":{"rendered":"https:\/\/easytopspot.com\/contact-fr-2\/"},"modified":"2026-03-08T14:05:20","modified_gmt":"2026-03-08T14:05:20","slug":"contact-fr","status":"publish","type":"page","link":"https:\/\/easytopspot.com\/fr\/contact-fr\/","title":{"rendered":"Contact"},"content":{"rendered":"<div class=\"fp\">\n<h1>Nous Contacter<\/h1>\n<p>Une question sur un test, une suggestion de produit ou une demande professionnelle ? Nous serions ravis de vous entendre.<\/p>\n<p><strong>Email :<\/strong> contact@easytopspot.com<\/p>\n<p><strong>D\u00e9lai de r\u00e9ponse :<\/strong> Nous r\u00e9pondons g\u00e9n\u00e9ralement sous 48 heures.<\/p>\n<h2>Demandes professionnelles<\/h2>\n<p>Pour les demandes de publicit\u00e9, sponsoring ou partenariat, veuillez envoyer un email \u00e0 <strong>business@easytopspot.com<\/strong><\/p>\n<\/div>\n","protected":false},"excerpt":{"rendered":"<p>Nous Contacter Une question sur un test, une suggestion de produit ou une demande professionnelle ? Nous serions ravis de vous entendre. Email : contact@easytopspot.com D\u00e9lai de r\u00e9ponse : Nous &#8230; <a title=\"Contact\" class=\"read-more\" href=\"https:\/\/easytopspot.com\/fr\/contact-fr\/\" aria-label=\"Read more about Contact\">Read More \u2192<\/a><\/p>\n","protected":false},"author":3,"featured_media":0,"parent":0,"menu_order":0,"comment_status":"closed","ping_status":"closed","template":"","meta":{"footnotes":""},"class_list":["post-1465","page","type-page","status-publish"],"_links":{"self":[{"href":"https:\/\/easytopspot.com\/fr\/wp-json\/wp\/v2\/pages\/1465","targetHints":{"allow":["GET"]}}],"collection":[{"href":"https:\/\/easytopspot.com\/fr\/wp-json\/wp\/v2\/pages"}],"about":[{"href":"https:\/\/easytopspot.com\/fr\/wp-json\/wp\/v2\/types\/page"}],"author":[{"embeddable":true,"href":"https:\/\/easytopspot.com\/fr\/wp-json\/wp\/v2\/users\/3"}],"replies":[{"embeddable":true,"href":"https:\/\/easytopspot.com\/fr\/wp-json\/wp\/v2\/comments?post=1465"}],"version-history":[{"count":0,"href":"https:\/\/easytopspot.com\/fr\/wp-json\/wp\/v2\/pages\/1465\/revisions"}],"wp:attachment":[{"href":"https:\/\/easytopspot.com\/fr\/wp-json\/wp\/v2\/media?parent=1465"}],"curies":[{"name":"wp","href":"https:\/\/api.w.org\/{rel}","templated":true}]}}