{"id":1489,"date":"2026-03-08T14:05:27","date_gmt":"2026-03-08T14:05:27","guid":{"rendered":"https:\/\/easytopspot.com\/conditions-utilisation-2\/"},"modified":"2026-03-08T14:05:27","modified_gmt":"2026-03-08T14:05:27","slug":"conditions-utilisation","status":"publish","type":"page","link":"https:\/\/easytopspot.com\/fr\/conditions-utilisation\/","title":{"rendered":"Conditions d&#8217;utilisation"},"content":{"rendered":"<div class=\"fp\">\n<h1>Conditions d&#8217;Utilisation<\/h1>\n<p><em>Derni\u00e8re mise \u00e0 jour : Mars 2026<\/em><\/p>\n<h2>Avertissement<\/h2>\n<p>Le contenu d&#8217;EasyTopSpot est fourni \u00e0 titre informatif uniquement. Bien que nous nous efforcions d&#8217;\u00eatre pr\u00e9cis, nous ne garantissons pas l&#8217;exhaustivit\u00e9 ou la fiabilit\u00e9 des informations publi\u00e9es.<\/p>\n<h2>Divulgation d&#8217;affiliation<\/h2>\n<p>EasyTopSpot participe \u00e0 des programmes d&#8217;affiliation. Nous percevons des commissions sur les achats effectu\u00e9s via nos liens. Cela n&#8217;affecte pas le prix que vous payez ni notre ind\u00e9pendance \u00e9ditoriale.<\/p>\n<h2>Propri\u00e9t\u00e9 intellectuelle<\/h2>\n<p>Tout le contenu, le design et le code de ce site sont la propri\u00e9t\u00e9 d&#8217;EasyTopSpot. La reproduction sans autorisation est interdite.<\/p>\n<h2>Limitation de responsabilit\u00e9<\/h2>\n<p>EasyTopSpot ne saurait \u00eatre tenu responsable des d\u00e9cisions prises sur la base de notre contenu.<\/p>\n<\/div>\n","protected":false},"excerpt":{"rendered":"<p>Conditions d&#8217;Utilisation Derni\u00e8re mise \u00e0 jour : Mars 2026 Avertissement Le contenu d&#8217;EasyTopSpot est fourni \u00e0 titre informatif uniquement. Bien que nous nous efforcions d&#8217;\u00eatre pr\u00e9cis, nous ne garantissons pas &#8230; <a title=\"Conditions d&#8217;utilisation\" class=\"read-more\" href=\"https:\/\/easytopspot.com\/fr\/conditions-utilisation\/\" aria-label=\"Read more about Conditions d&#8217;utilisation\">Read More \u2192<\/a><\/p>\n","protected":false},"author":3,"featured_media":0,"parent":0,"menu_order":0,"comment_status":"closed","ping_status":"closed","template":"","meta":{"footnotes":""},"class_list":["post-1489","page","type-page","status-publish"],"_links":{"self":[{"href":"https:\/\/easytopspot.com\/fr\/wp-json\/wp\/v2\/pages\/1489","targetHints":{"allow":["GET"]}}],"collection":[{"href":"https:\/\/easytopspot.com\/fr\/wp-json\/wp\/v2\/pages"}],"about":[{"href":"https:\/\/easytopspot.com\/fr\/wp-json\/wp\/v2\/types\/page"}],"author":[{"embeddable":true,"href":"https:\/\/easytopspot.com\/fr\/wp-json\/wp\/v2\/users\/3"}],"replies":[{"embeddable":true,"href":"https:\/\/easytopspot.com\/fr\/wp-json\/wp\/v2\/comments?post=1489"}],"version-history":[{"count":0,"href":"https:\/\/easytopspot.com\/fr\/wp-json\/wp\/v2\/pages\/1489\/revisions"}],"wp:attachment":[{"href":"https:\/\/easytopspot.com\/fr\/wp-json\/wp\/v2\/media?parent=1489"}],"curies":[{"name":"wp","href":"https:\/\/api.w.org\/{rel}","templated":true}]}}