{"id":27,"date":"2026-03-06T16:59:44","date_gmt":"2026-03-06T16:59:44","guid":{"rendered":"https:\/\/easytopspot.com\/home-fr\/"},"modified":"2026-03-07T23:47:03","modified_gmt":"2026-03-07T23:47:03","slug":"accueil","status":"publish","type":"page","link":"https:\/\/easytopspot.com\/fr\/accueil\/","title":{"rendered":"EasyTopSpot \u2014 Avis d&#8217;Experts et Comparatifs"},"content":{"rendered":"<div class=\"ets-hp\">\n<div class=\"ets-hp-hero\">\n<h1>Tests ind\u00e9pendants et fiables<\/h1>\n<p>Nous testons, comparons et classons les produits pour vous aider \u00e0 faire les meilleurs choix.<\/p>\n<\/div>\n<div class=\"ets-hp-section\">\n<h2>Explorer par cat\u00e9gorie<\/h2>\n<div class=\"ets-hp-cats\"><a href=\"\/fr\/category\/tech\/\" class=\"ets-hp-cat\"><svg xmlns=\"http:\/\/www.w3.org\/2000\/svg\" width=\"28\" height=\"28\" viewBox=\"0 0 24 24\" fill=\"none\" stroke=\"#2563eb\" stroke-width=\"2\" stroke-linecap=\"round\" stroke-linejoin=\"round\"><rect x=\"2\" y=\"3\" width=\"20\" height=\"14\" rx=\"2\" ry=\"2\"\/><line x1=\"8\" y1=\"21\" x2=\"16\" y2=\"21\"\/><line x1=\"12\" y1=\"17\" x2=\"12\" y2=\"21\"\/><\/svg><span>Tech<\/span><\/a><a href=\"\/fr\/category\/finance\/\" class=\"ets-hp-cat\"><svg xmlns=\"http:\/\/www.w3.org\/2000\/svg\" width=\"28\" height=\"28\" viewBox=\"0 0 24 24\" fill=\"none\" stroke=\"#2563eb\" stroke-width=\"2\" stroke-linecap=\"round\" stroke-linejoin=\"round\"><line x1=\"12\" y1=\"1\" x2=\"12\" y2=\"23\"\/><path d=\"M17 5H9.5a3.5 3.5 0 0 0 0 7h5a3.5 3.5 0 0 1 0 7H6\"\/><\/svg><span>Finance<\/span><\/a><a href=\"\/fr\/category\/marketing\/\" class=\"ets-hp-cat\"><svg xmlns=\"http:\/\/www.w3.org\/2000\/svg\" width=\"28\" height=\"28\" viewBox=\"0 0 24 24\" fill=\"none\" stroke=\"#2563eb\" stroke-width=\"2\" stroke-linecap=\"round\" stroke-linejoin=\"round\"><polyline points=\"22 12 18 12 15 21 9 3 6 12 2 12\"\/><\/svg><span>Marketing<\/span><\/a><a href=\"\/fr\/category\/health\/\" class=\"ets-hp-cat\"><svg xmlns=\"http:\/\/www.w3.org\/2000\/svg\" width=\"28\" height=\"28\" viewBox=\"0 0 24 24\" fill=\"none\" stroke=\"#2563eb\" stroke-width=\"2\" stroke-linecap=\"round\" stroke-linejoin=\"round\"><path d=\"M20.84 4.61a5.5 5.5 0 0 0-7.78 0L12 5.67l-1.06-1.06a5.5 5.5 0 0 0-7.78 7.78l1.06 1.06L12 21.23l7.78-7.78 1.06-1.06a5.5 5.5 0 0 0 0-7.78z\"\/><\/svg><span>Sant\u00e9<\/span><\/a><a href=\"\/fr\/category\/vpn-security\/\" class=\"ets-hp-cat\"><svg xmlns=\"http:\/\/www.w3.org\/2000\/svg\" width=\"28\" height=\"28\" viewBox=\"0 0 24 24\" fill=\"none\" stroke=\"#2563eb\" stroke-width=\"2\" stroke-linecap=\"round\" stroke-linejoin=\"round\"><path d=\"M12 22s8-4 8-10V5l-8-3-8 3v7c0 6 8 10 8 10z\"\/><\/svg><span>VPN et S\u00e9curit\u00e9<\/span><\/a><\/div>\n<\/div>\n<div class=\"ets-hp-section\">\n<h2>Derniers articles<\/h2>\n<div class=\"ets-article-grid\"><a href=\"https:\/\/easytopspot.com\/fr\/hostinger-vs-siteground-2\/\" class=\"ets-article-card\"><div class=\"ets-card-img\"><img decoding=\"async\" src=\"https:\/\/easytopspot.com\/wp-content\/uploads\/2026\/03\/hero-hostinger-vs-siteground-300x168.jpg\" alt=\"Hostinger vs SiteGround 2026 : Quel h\u00e9bergeur m\u00e9rite vraiment votre argent ?\" loading=\"lazy\" width=\"400\" height=\"225\" \/><\/div><span class=\"ets-card-cat\">Tech<\/span><h3 class=\"ets-card-title\">Hostinger vs SiteGround 2026 : Quel h\u00e9bergeur m\u00e9rite vraiment votre argent ?<\/h3><p class=\"ets-card-excerpt\">Accueil &rsaquo; Tech &rsaquo; Hostinger vs SiteGround Hostinger vs SiteGround 2026 : Quel h\u00e9bergeur m\u00e9rite vraiment votre argent ? Nous&hellip;<\/p><\/a><a href=\"https:\/\/easytopspot.com\/fr\/meilleur-stockage-cloud-2026\/\" class=\"ets-article-card\"><div class=\"ets-card-img\"><img decoding=\"async\" src=\"https:\/\/easytopspot.com\/wp-content\/uploads\/2026\/03\/hero-cloud-storage-300x169.jpg\" alt=\"Meilleur Stockage Cloud 2026 : 7 Services Test\u00e9s pour la Vitesse, la S\u00e9curit\u00e9 et le Rapport Qualit\u00e9-Prix\" loading=\"lazy\" width=\"400\" height=\"225\" \/><\/div><span class=\"ets-card-cat\">Tech<\/span><h3 class=\"ets-card-title\">Meilleur Stockage Cloud 2026 : 7 Services Test\u00e9s pour la Vitesse, la S\u00e9curit\u00e9 et le Rapport Qualit\u00e9-Prix<\/h3><p class=\"ets-card-excerpt\">Accueil &rsaquo; Tech &rsaquo; Stockage Cloud Meilleur Stockage Cloud 2026 : 7 Services Test\u00e9s pour la Vitesse, la S\u00e9curit\u00e9 et&hellip;<\/p><\/a><a href=\"https:\/\/easytopspot.com\/fr\/comment-configurer-un-vpn\/\" class=\"ets-article-card\"><div class=\"ets-card-img\"><img decoding=\"async\" src=\"https:\/\/easytopspot.com\/wp-content\/uploads\/2026\/03\/hero-vpn-v2-300x168.jpg\" alt=\"Comment configurer un VPN sur n&#8217;importe quel appareil en 2026 : guide \u00e9tape par \u00e9tape\" loading=\"lazy\" width=\"400\" height=\"225\" \/><\/div><span class=\"ets-card-cat\">VPN et Securite<\/span><h3 class=\"ets-card-title\">Comment configurer un VPN sur n&#8217;importe quel appareil en 2026 : guide \u00e9tape par \u00e9tape<\/h3><p class=\"ets-card-excerpt\">Accueil &rsaquo; VPN &amp; S\u00e9curit\u00e9 &rsaquo; Comment configurer un VPN Comment configurer un VPN sur n&#8217;importe quel appareil en 2026&hellip;<\/p><\/a><a href=\"https:\/\/easytopspot.com\/fr\/nordvpn-vs-surfshark-comparaison\/\" class=\"ets-article-card\"><div class=\"ets-card-img\"><img decoding=\"async\" src=\"https:\/\/easytopspot.com\/wp-content\/uploads\/2026\/03\/hero-nordvpn-vs-surfshark-300x169.jpg\" alt=\"NordVPN vs Surfshark 2026 : Quel VPN est vraiment le meilleur ?\" loading=\"lazy\" width=\"400\" height=\"225\" \/><\/div><span class=\"ets-card-cat\">VPN et Securite<\/span><h3 class=\"ets-card-title\">NordVPN vs Surfshark 2026 : Quel VPN est vraiment le meilleur ?<\/h3><p class=\"ets-card-excerpt\">Accueil &rsaquo; VPN &amp; S\u00e9curit\u00e9 &rsaquo; NordVPN vs Surfshark NordVPN vs Surfshark 2026 : Quel VPN est vraiment le meilleur&hellip;<\/p><\/a><a href=\"https:\/\/easytopspot.com\/fr\/meilleures-plateformes-email-marketing\/\" class=\"ets-article-card\"><div class=\"ets-card-img\"><img decoding=\"async\" src=\"https:\/\/easytopspot.com\/wp-content\/uploads\/2026\/03\/hero-email-marketing-v2-300x168.jpg\" alt=\"Meilleures Plateformes d&#8217;Email Marketing 2026 : 7 Services Test\u00e9s en Fonctionnalit\u00e9s, D\u00e9livrabilit\u00e9 &amp; Rapport Qualit\u00e9-Prix\" loading=\"lazy\" width=\"400\" height=\"225\" \/><\/div><span class=\"ets-card-cat\">Marketing<\/span><h3 class=\"ets-card-title\">Meilleures Plateformes d&#8217;Email Marketing 2026 : 7 Services Test\u00e9s en Fonctionnalit\u00e9s, D\u00e9livrabilit\u00e9 &amp; Rapport Qualit\u00e9-Prix<\/h3><p class=\"ets-card-excerpt\">Accueil &rsaquo; Email Marketing &rsaquo; Plateformes Meilleures Plateformes d&#8217;Email Marketing 2026 : 7 Services Test\u00e9s en Fonctionnalit\u00e9s, D\u00e9livrabilit\u00e9 &amp; Rapport&hellip;<\/p><\/a><a href=\"https:\/\/easytopspot.com\/fr\/meilleurs-services-vpn\/\" class=\"ets-article-card\"><div class=\"ets-card-img\"><img decoding=\"async\" src=\"https:\/\/easytopspot.com\/wp-content\/uploads\/2026\/03\/hero-vpn-v2-300x168.jpg\" alt=\"Meilleurs Services VPN 2026 : 7 Fournisseurs Test\u00e9s pour la Vitesse, la Confidentialit\u00e9 et le Streaming\" loading=\"lazy\" width=\"400\" height=\"225\" \/><\/div><span class=\"ets-card-cat\">VPN et Securite<\/span><h3 class=\"ets-card-title\">Meilleurs Services VPN 2026 : 7 Fournisseurs Test\u00e9s pour la Vitesse, la Confidentialit\u00e9 et le Streaming<\/h3><p class=\"ets-card-excerpt\">Accueil &rsaquo; VPN et S\u00e9curit\u00e9 &rsaquo; Services VPN Meilleurs Services VPN 2026 : 7 Fournisseurs Test\u00e9s pour la Vitesse, la&hellip;<\/p><\/a><\/div><\/div>\n<\/div>\n","protected":false},"excerpt":{"rendered":"<p>Tests ind\u00e9pendants et fiables Nous testons, comparons et classons les produits pour vous aider \u00e0 faire les meilleurs choix. Explorer par cat\u00e9gorie TechFinanceMarketingSant\u00e9VPN et S\u00e9curit\u00e9 Derniers articles<\/p>\n","protected":false},"author":0,"featured_media":0,"parent":0,"menu_order":0,"comment_status":"closed","ping_status":"closed","template":"","meta":{"footnotes":""},"class_list":["post-27","page","type-page","status-publish","hentry"],"_links":{"self":[{"href":"https:\/\/easytopspot.com\/fr\/wp-json\/wp\/v2\/pages\/27","targetHints":{"allow":["GET"]}}],"collection":[{"href":"https:\/\/easytopspot.com\/fr\/wp-json\/wp\/v2\/pages"}],"about":[{"href":"https:\/\/easytopspot.com\/fr\/wp-json\/wp\/v2\/types\/page"}],"replies":[{"embeddable":true,"href":"https:\/\/easytopspot.com\/fr\/wp-json\/wp\/v2\/comments?post=27"}],"version-history":[{"count":5,"href":"https:\/\/easytopspot.com\/fr\/wp-json\/wp\/v2\/pages\/27\/revisions"}],"predecessor-version":[{"id":859,"href":"https:\/\/easytopspot.com\/fr\/wp-json\/wp\/v2\/pages\/27\/revisions\/859"}],"wp:attachment":[{"href":"https:\/\/easytopspot.com\/fr\/wp-json\/wp\/v2\/media?parent=27"}],"curies":[{"name":"wp","href":"https:\/\/api.w.org\/{rel}","templated":true}]}}