{"id":1433,"date":"2026-03-08T14:05:11","date_gmt":"2026-03-08T14:05:11","guid":{"rendered":"https:\/\/easytopspot.com\/o-nama\/"},"modified":"2026-03-08T14:05:11","modified_gmt":"2026-03-08T14:05:11","slug":"o-nama","status":"publish","type":"page","link":"https:\/\/easytopspot.com\/hr\/o-nama\/","title":{"rendered":"O Nama"},"content":{"rendered":"<div class=\"fp\">\n<h1>O EasyTopSpot<\/h1>\n<p>EasyTopSpot je neovisna web stranica za recenzije i usporedbe proizvoda. Testiramo stvarne proizvode u stvarnim uvjetima i objavljujemo iskrene, nepristrane recenzije.<\/p>\n<h2>Kako zara\u0111ujemo<\/h2>\n<p>Primamo affiliate provizije kada kupite proizvode putem na\u0161ih linkova. To nikada ne utje\u010de na na\u0161e recenzije.<\/p>\n<h2>Kontakt<\/h2>\n<p>Pitanja? Pi\u0161ite nam: <strong>contact@easytopspot.com<\/strong><\/p>\n<\/div>\n","protected":false},"excerpt":{"rendered":"<p>O EasyTopSpot EasyTopSpot je neovisna web stranica za recenzije i usporedbe proizvoda. Testiramo stvarne proizvode u stvarnim uvjetima i objavljujemo iskrene, nepristrane recenzije. Kako zara\u0111ujemo Primamo affiliate provizije kada kupite &#8230; <a title=\"O Nama\" class=\"read-more\" href=\"https:\/\/easytopspot.com\/hr\/o-nama\/\" aria-label=\"Read more about O Nama\">Read More \u2192<\/a><\/p>\n","protected":false},"author":3,"featured_media":0,"parent":0,"menu_order":0,"comment_status":"closed","ping_status":"closed","template":"","meta":{"footnotes":""},"class_list":["post-1433","page","type-page","status-publish"],"_links":{"self":[{"href":"https:\/\/easytopspot.com\/hr\/wp-json\/wp\/v2\/pages\/1433","targetHints":{"allow":["GET"]}}],"collection":[{"href":"https:\/\/easytopspot.com\/hr\/wp-json\/wp\/v2\/pages"}],"about":[{"href":"https:\/\/easytopspot.com\/hr\/wp-json\/wp\/v2\/types\/page"}],"author":[{"embeddable":true,"href":"https:\/\/easytopspot.com\/hr\/wp-json\/wp\/v2\/users\/3"}],"replies":[{"embeddable":true,"href":"https:\/\/easytopspot.com\/hr\/wp-json\/wp\/v2\/comments?post=1433"}],"version-history":[{"count":0,"href":"https:\/\/easytopspot.com\/hr\/wp-json\/wp\/v2\/pages\/1433\/revisions"}],"wp:attachment":[{"href":"https:\/\/easytopspot.com\/hr\/wp-json\/wp\/v2\/media?parent=1433"}],"curies":[{"name":"wp","href":"https:\/\/api.w.org\/{rel}","templated":true}]}}