{"id":1457,"date":"2026-03-08T14:05:18","date_gmt":"2026-03-08T14:05:18","guid":{"rendered":"https:\/\/easytopspot.com\/pravila-privatnosti\/"},"modified":"2026-03-08T14:05:18","modified_gmt":"2026-03-08T14:05:18","slug":"pravila-privatnosti","status":"publish","type":"page","link":"https:\/\/easytopspot.com\/hr\/pravila-privatnosti\/","title":{"rendered":"Pravila Privatnosti"},"content":{"rendered":"<div class=\"fp\">\n<h1>Pravila Privatnosti<\/h1>\n<p><em>Zadnje a\u017euriranje: O\u017eujak 2026<\/em><\/p>\n<p>Prikupljamo anonimne podatke o kori\u0161tenju putem kola\u010di\u0107a i analiti\u010dkih alata. Ne prikupljamo osobne podatke osim ako ih dobrovoljno ne pru\u017eite. Mo\u017eete zatra\u017eiti pristup, ispravak ili brisanje osobnih podataka. Kontakt: contact@easytopspot.com.<\/p>\n<\/div>\n","protected":false},"excerpt":{"rendered":"<p>Pravila Privatnosti Zadnje a\u017euriranje: O\u017eujak 2026 Prikupljamo anonimne podatke o kori\u0161tenju putem kola\u010di\u0107a i analiti\u010dkih alata. Ne prikupljamo osobne podatke osim ako ih dobrovoljno ne pru\u017eite. Mo\u017eete zatra\u017eiti pristup, ispravak &#8230; <a title=\"Pravila Privatnosti\" class=\"read-more\" href=\"https:\/\/easytopspot.com\/hr\/pravila-privatnosti\/\" aria-label=\"Read more about Pravila Privatnosti\">Read More \u2192<\/a><\/p>\n","protected":false},"author":3,"featured_media":0,"parent":0,"menu_order":0,"comment_status":"closed","ping_status":"closed","template":"","meta":{"footnotes":""},"class_list":["post-1457","page","type-page","status-publish"],"_links":{"self":[{"href":"https:\/\/easytopspot.com\/hr\/wp-json\/wp\/v2\/pages\/1457","targetHints":{"allow":["GET"]}}],"collection":[{"href":"https:\/\/easytopspot.com\/hr\/wp-json\/wp\/v2\/pages"}],"about":[{"href":"https:\/\/easytopspot.com\/hr\/wp-json\/wp\/v2\/types\/page"}],"author":[{"embeddable":true,"href":"https:\/\/easytopspot.com\/hr\/wp-json\/wp\/v2\/users\/3"}],"replies":[{"embeddable":true,"href":"https:\/\/easytopspot.com\/hr\/wp-json\/wp\/v2\/comments?post=1457"}],"version-history":[{"count":0,"href":"https:\/\/easytopspot.com\/hr\/wp-json\/wp\/v2\/pages\/1457\/revisions"}],"wp:attachment":[{"href":"https:\/\/easytopspot.com\/hr\/wp-json\/wp\/v2\/media?parent=1457"}],"curies":[{"name":"wp","href":"https:\/\/api.w.org\/{rel}","templated":true}]}}