{"id":1505,"date":"2026-03-08T14:05:36","date_gmt":"2026-03-08T14:05:36","guid":{"rendered":"https:\/\/easytopspot.com\/uvjeti-koristenja\/"},"modified":"2026-03-08T14:05:36","modified_gmt":"2026-03-08T14:05:36","slug":"uvjeti-koristenja","status":"publish","type":"page","link":"https:\/\/easytopspot.com\/hr\/uvjeti-koristenja\/","title":{"rendered":"Uvjeti Kori\u0161tenja"},"content":{"rendered":"<div class=\"fp\">\n<h1>Uvjeti Kori\u0161tenja<\/h1>\n<p><em>Zadnje a\u017euriranje: O\u017eujak 2026<\/em><\/p>\n<p>Sadr\u017eaj EasyTopSpota je isklju\u010divo informativan. Sudjelujemo u affiliate programima. Sav sadr\u017eaj i dizajn vlasni\u0161tvo su EasyTopSpota.<\/p>\n<\/div>\n","protected":false},"excerpt":{"rendered":"<p>Uvjeti Kori\u0161tenja Zadnje a\u017euriranje: O\u017eujak 2026 Sadr\u017eaj EasyTopSpota je isklju\u010divo informativan. Sudjelujemo u affiliate programima. Sav sadr\u017eaj i dizajn vlasni\u0161tvo su EasyTopSpota.<\/p>\n","protected":false},"author":3,"featured_media":0,"parent":0,"menu_order":0,"comment_status":"closed","ping_status":"closed","template":"","meta":{"footnotes":""},"class_list":["post-1505","page","type-page","status-publish"],"_links":{"self":[{"href":"https:\/\/easytopspot.com\/hr\/wp-json\/wp\/v2\/pages\/1505","targetHints":{"allow":["GET"]}}],"collection":[{"href":"https:\/\/easytopspot.com\/hr\/wp-json\/wp\/v2\/pages"}],"about":[{"href":"https:\/\/easytopspot.com\/hr\/wp-json\/wp\/v2\/types\/page"}],"author":[{"embeddable":true,"href":"https:\/\/easytopspot.com\/hr\/wp-json\/wp\/v2\/users\/3"}],"replies":[{"embeddable":true,"href":"https:\/\/easytopspot.com\/hr\/wp-json\/wp\/v2\/comments?post=1505"}],"version-history":[{"count":0,"href":"https:\/\/easytopspot.com\/hr\/wp-json\/wp\/v2\/pages\/1505\/revisions"}],"wp:attachment":[{"href":"https:\/\/easytopspot.com\/hr\/wp-json\/wp\/v2\/media?parent=1505"}],"curies":[{"name":"wp","href":"https:\/\/api.w.org\/{rel}","templated":true}]}}