{"id":43,"date":"2026-03-06T16:59:44","date_gmt":"2026-03-06T16:59:44","guid":{"rendered":"https:\/\/easytopspot.com\/home-hr\/"},"modified":"2026-03-07T23:47:16","modified_gmt":"2026-03-07T23:47:16","slug":"pocetna","status":"publish","type":"page","link":"https:\/\/easytopspot.com\/hr\/pocetna\/","title":{"rendered":"EasyTopSpot \u2014 Stru\u010dne Recenzije i Usporedbe"},"content":{"rendered":"<div class=\"ets-hp\">\n<div class=\"ets-hp-hero\">\n<h1>Neovisne recenzije kojima mo\u017eete vjerovati<\/h1>\n<p>Testiramo, uspore\u0111ujemo i rangiramo proizvode.<\/p>\n<\/div>\n<div class=\"ets-hp-section\">\n<h2>Istra\u017ei po kategoriji<\/h2>\n<div class=\"ets-hp-cats\"><a href=\"\/hr\/category\/tech\/\" class=\"ets-hp-cat\"><svg xmlns=\"http:\/\/www.w3.org\/2000\/svg\" width=\"28\" height=\"28\" viewBox=\"0 0 24 24\" fill=\"none\" stroke=\"#2563eb\" stroke-width=\"2\" stroke-linecap=\"round\" stroke-linejoin=\"round\"><rect x=\"2\" y=\"3\" width=\"20\" height=\"14\" rx=\"2\" ry=\"2\"\/><line x1=\"8\" y1=\"21\" x2=\"16\" y2=\"21\"\/><line x1=\"12\" y1=\"17\" x2=\"12\" y2=\"21\"\/><\/svg><span>Tehnologija<\/span><\/a><a href=\"\/hr\/category\/finance\/\" class=\"ets-hp-cat\"><svg xmlns=\"http:\/\/www.w3.org\/2000\/svg\" width=\"28\" height=\"28\" viewBox=\"0 0 24 24\" fill=\"none\" stroke=\"#2563eb\" stroke-width=\"2\" stroke-linecap=\"round\" stroke-linejoin=\"round\"><line x1=\"12\" y1=\"1\" x2=\"12\" y2=\"23\"\/><path d=\"M17 5H9.5a3.5 3.5 0 0 0 0 7h5a3.5 3.5 0 0 1 0 7H6\"\/><\/svg><span>Financije<\/span><\/a><a href=\"\/hr\/category\/marketing\/\" class=\"ets-hp-cat\"><svg xmlns=\"http:\/\/www.w3.org\/2000\/svg\" width=\"28\" height=\"28\" viewBox=\"0 0 24 24\" fill=\"none\" stroke=\"#2563eb\" stroke-width=\"2\" stroke-linecap=\"round\" stroke-linejoin=\"round\"><polyline points=\"22 12 18 12 15 21 9 3 6 12 2 12\"\/><\/svg><span>Marketing<\/span><\/a><a href=\"\/hr\/category\/health\/\" class=\"ets-hp-cat\"><svg xmlns=\"http:\/\/www.w3.org\/2000\/svg\" width=\"28\" height=\"28\" viewBox=\"0 0 24 24\" fill=\"none\" stroke=\"#2563eb\" stroke-width=\"2\" stroke-linecap=\"round\" stroke-linejoin=\"round\"><path d=\"M20.84 4.61a5.5 5.5 0 0 0-7.78 0L12 5.67l-1.06-1.06a5.5 5.5 0 0 0-7.78 7.78l1.06 1.06L12 21.23l7.78-7.78 1.06-1.06a5.5 5.5 0 0 0 0-7.78z\"\/><\/svg><span>Zdravlje<\/span><\/a><a href=\"\/hr\/category\/vpn-security\/\" class=\"ets-hp-cat\"><svg xmlns=\"http:\/\/www.w3.org\/2000\/svg\" width=\"28\" height=\"28\" viewBox=\"0 0 24 24\" fill=\"none\" stroke=\"#2563eb\" stroke-width=\"2\" stroke-linecap=\"round\" stroke-linejoin=\"round\"><path d=\"M12 22s8-4 8-10V5l-8-3-8 3v7c0 6 8 10 8 10z\"\/><\/svg><span>VPN i Sigurnost<\/span><\/a><\/div>\n<\/div>\n<div class=\"ets-hp-section\">\n<h2>Najnoviji \u010dlanci<\/h2>\n<div class=\"ets-article-grid\"><a href=\"https:\/\/easytopspot.com\/hr\/hostinger-vs-siteground-usporedba\/\" class=\"ets-article-card\"><div class=\"ets-card-img\"><img decoding=\"async\" src=\"https:\/\/easytopspot.com\/wp-content\/uploads\/2026\/03\/hero-hostinger-vs-siteground-300x168.jpg\" alt=\"Hostinger vs SiteGround 2026: Koji web hosting zaista vrijedi va\u0161eg novca?\" loading=\"lazy\" width=\"400\" height=\"225\" \/><\/div><span class=\"ets-card-cat\">Tech<\/span><h3 class=\"ets-card-title\">Hostinger vs SiteGround 2026: Koji web hosting zaista vrijedi va\u0161eg novca?<\/h3><p class=\"ets-card-excerpt\">Po\u010detna &rsaquo; Tehnologija &rsaquo; Hostinger vs SiteGround Hostinger vs SiteGround 2026: Koji web hosting zaista vrijedi va\u0161eg novca? Testirali smo&hellip;<\/p><\/a><a href=\"https:\/\/easytopspot.com\/hr\/najbolja-pohrana-u-oblaku-2026\/\" class=\"ets-article-card\"><div class=\"ets-card-img\"><img decoding=\"async\" src=\"https:\/\/easytopspot.com\/wp-content\/uploads\/2026\/03\/hero-cloud-storage-300x169.jpg\" alt=\"Najbolja pohrana u oblaku 2026: 7 usluga testiranih za brzinu, sigurnost i vrijednost\" loading=\"lazy\" width=\"400\" height=\"225\" \/><\/div><span class=\"ets-card-cat\">Tech<\/span><h3 class=\"ets-card-title\">Najbolja pohrana u oblaku 2026: 7 usluga testiranih za brzinu, sigurnost i vrijednost<\/h3><p class=\"ets-card-excerpt\">Po\u010detna &rsaquo; Tehnologija &rsaquo; Pohrana u oblaku Najbolja pohrana u oblaku 2026: 7 usluga testiranih za brzinu, sigurnost i vrijednost&hellip;<\/p><\/a><a href=\"https:\/\/easytopspot.com\/hr\/kako-postaviti-vpn\/\" class=\"ets-article-card\"><div class=\"ets-card-img\"><img decoding=\"async\" src=\"https:\/\/easytopspot.com\/wp-content\/uploads\/2026\/03\/hero-vpn-v2-300x168.jpg\" alt=\"Kako postaviti VPN na bilo kojem ure\u0111aju u 2026.: Korak po korak vodi\u010d\" loading=\"lazy\" width=\"400\" height=\"225\" \/><\/div><span class=\"ets-card-cat\">VPN i Sigurnost<\/span><h3 class=\"ets-card-title\">Kako postaviti VPN na bilo kojem ure\u0111aju u 2026.: Korak po korak vodi\u010d<\/h3><p class=\"ets-card-excerpt\">Po\u010detna &rsaquo; VPN i sigurnost &rsaquo; Kako postaviti VPN Kako postaviti VPN na bilo kojem ure\u0111aju u 2026.: Korak po&hellip;<\/p><\/a><a href=\"https:\/\/easytopspot.com\/hr\/nordvpn-vs-surfshark-usporedba\/\" class=\"ets-article-card\"><div class=\"ets-card-img\"><img decoding=\"async\" src=\"https:\/\/easytopspot.com\/wp-content\/uploads\/2026\/03\/hero-nordvpn-vs-surfshark-300x169.jpg\" alt=\"NordVPN vs Surfshark 2026: Koji je VPN zapravo bolji?\" loading=\"lazy\" width=\"400\" height=\"225\" \/><\/div><span class=\"ets-card-cat\">VPN i Sigurnost<\/span><h3 class=\"ets-card-title\">NordVPN vs Surfshark 2026: Koji je VPN zapravo bolji?<\/h3><p class=\"ets-card-excerpt\">Po\u010detna &rsaquo; VPN i sigurnost &rsaquo; NordVPN vs Surfshark NordVPN vs Surfshark 2026: Koji je VPN zapravo bolji? Testirali smo&hellip;<\/p><\/a><a href=\"https:\/\/easytopspot.com\/hr\/najbolje-platforme-za-email-marketing\/\" class=\"ets-article-card\"><div class=\"ets-card-img\"><img decoding=\"async\" src=\"https:\/\/easytopspot.com\/wp-content\/uploads\/2026\/03\/hero-email-marketing-v2-300x168.jpg\" alt=\"Najbolje platforme za email marketing 2026: 7 servisa testiranih po zna\u010dajkama, isporu\u010divosti i cijeni\" loading=\"lazy\" width=\"400\" height=\"225\" \/><\/div><span class=\"ets-card-cat\">Marketing<\/span><h3 class=\"ets-card-title\">Najbolje platforme za email marketing 2026: 7 servisa testiranih po zna\u010dajkama, isporu\u010divosti i cijeni<\/h3><p class=\"ets-card-excerpt\">Po\u010detna &rsaquo; Email Marketing &rsaquo; Platforme Najbolje platforme za email marketing 2026: 7 servisa testiranih po zna\u010dajkama, isporu\u010divosti i cijeni&hellip;<\/p><\/a><a href=\"https:\/\/easytopspot.com\/hr\/najbolje-vpn-usluge\/\" class=\"ets-article-card\"><div class=\"ets-card-img\"><img decoding=\"async\" src=\"https:\/\/easytopspot.com\/wp-content\/uploads\/2026\/03\/hero-vpn-v2-300x168.jpg\" alt=\"Najbolje VPN Usluge 2026: 7 Davatelja Testiranih za Brzinu, Privatnost &amp; Streaming\" loading=\"lazy\" width=\"400\" height=\"225\" \/><\/div><span class=\"ets-card-cat\">VPN i Sigurnost<\/span><h3 class=\"ets-card-title\">Najbolje VPN Usluge 2026: 7 Davatelja Testiranih za Brzinu, Privatnost &amp; Streaming<\/h3><p class=\"ets-card-excerpt\">Po\u010detna &rsaquo; VPN &amp; Sigurnost &rsaquo; VPN Usluge Najbolje VPN Usluge 2026: 7 Davatelja Testiranih za Brzinu, Privatnost &amp; Streaming&hellip;<\/p><\/a><\/div><\/div>\n<\/div>\n","protected":false},"excerpt":{"rendered":"<p>Neovisne recenzije kojima mo\u017eete vjerovati Testiramo, uspore\u0111ujemo i rangiramo proizvode. Istra\u017ei po kategoriji TehnologijaFinancijeMarketingZdravljeVPN i Sigurnost Najnoviji \u010dlanci<\/p>\n","protected":false},"author":0,"featured_media":0,"parent":0,"menu_order":0,"comment_status":"closed","ping_status":"closed","template":"","meta":{"footnotes":""},"class_list":["post-43","page","type-page","status-publish","hentry"],"_links":{"self":[{"href":"https:\/\/easytopspot.com\/hr\/wp-json\/wp\/v2\/pages\/43","targetHints":{"allow":["GET"]}}],"collection":[{"href":"https:\/\/easytopspot.com\/hr\/wp-json\/wp\/v2\/pages"}],"about":[{"href":"https:\/\/easytopspot.com\/hr\/wp-json\/wp\/v2\/types\/page"}],"replies":[{"embeddable":true,"href":"https:\/\/easytopspot.com\/hr\/wp-json\/wp\/v2\/comments?post=43"}],"version-history":[{"count":5,"href":"https:\/\/easytopspot.com\/hr\/wp-json\/wp\/v2\/pages\/43\/revisions"}],"predecessor-version":[{"id":875,"href":"https:\/\/easytopspot.com\/hr\/wp-json\/wp\/v2\/pages\/43\/revisions\/875"}],"wp:attachment":[{"href":"https:\/\/easytopspot.com\/hr\/wp-json\/wp\/v2\/media?parent=43"}],"curies":[{"name":"wp","href":"https:\/\/api.w.org\/{rel}","templated":true}]}}