{"id":1430,"date":"2026-03-08T14:05:10","date_gmt":"2026-03-08T14:05:10","guid":{"rendered":"https:\/\/easytopspot.com\/rolunk\/"},"modified":"2026-03-08T14:05:10","modified_gmt":"2026-03-08T14:05:10","slug":"rolunk","status":"publish","type":"page","link":"https:\/\/easytopspot.com\/hu\/rolunk\/","title":{"rendered":"R\u00f3lunk"},"content":{"rendered":"<div class=\"fp\">\n<h1>Az EasyTopSpotr\u00f3l<\/h1>\n<p>Az EasyTopSpot egy f\u00fcggetlen term\u00e9ktesztel\u0151 \u00e9s \u00f6sszehasonl\u00edt\u00f3 weboldal. Val\u00f3di term\u00e9keket tesztel\u00fcnk val\u00f3s k\u00f6r\u00fclm\u00e9nyek k\u00f6z\u00f6tt, \u00e9s \u0151szinte, elfogulatlan v\u00e9lem\u00e9nyeket tesz\u00fcnk k\u00f6zz\u00e9.<\/p>\n<h2>Hogyan keres\u00fcnk p\u00e9nzt<\/h2>\n<p>Affiliate jutal\u00e9kokat kapunk, amikor linkjeinken kereszt\u00fcl v\u00e1s\u00e1rol term\u00e9keket. Ez soha nem befoly\u00e1solja v\u00e9lem\u00e9nyeinket.<\/p>\n<h2>Kapcsolat<\/h2>\n<p>K\u00e9rd\u00e9sei vannak? \u00cdrjon nek\u00fcnk: <strong>contact@easytopspot.com<\/strong><\/p>\n<\/div>\n","protected":false},"excerpt":{"rendered":"<p>Az EasyTopSpotr\u00f3l Az EasyTopSpot egy f\u00fcggetlen term\u00e9ktesztel\u0151 \u00e9s \u00f6sszehasonl\u00edt\u00f3 weboldal. Val\u00f3di term\u00e9keket tesztel\u00fcnk val\u00f3s k\u00f6r\u00fclm\u00e9nyek k\u00f6z\u00f6tt, \u00e9s \u0151szinte, elfogulatlan v\u00e9lem\u00e9nyeket tesz\u00fcnk k\u00f6zz\u00e9. Hogyan keres\u00fcnk p\u00e9nzt Affiliate jutal\u00e9kokat kapunk, amikor linkjeinken &#8230; <a title=\"R\u00f3lunk\" class=\"read-more\" href=\"https:\/\/easytopspot.com\/hu\/rolunk\/\" aria-label=\"Read more about R\u00f3lunk\">Read More \u2192<\/a><\/p>\n","protected":false},"author":3,"featured_media":0,"parent":0,"menu_order":0,"comment_status":"closed","ping_status":"closed","template":"","meta":{"footnotes":""},"class_list":["post-1430","page","type-page","status-publish"],"_links":{"self":[{"href":"https:\/\/easytopspot.com\/hu\/wp-json\/wp\/v2\/pages\/1430","targetHints":{"allow":["GET"]}}],"collection":[{"href":"https:\/\/easytopspot.com\/hu\/wp-json\/wp\/v2\/pages"}],"about":[{"href":"https:\/\/easytopspot.com\/hu\/wp-json\/wp\/v2\/types\/page"}],"author":[{"embeddable":true,"href":"https:\/\/easytopspot.com\/hu\/wp-json\/wp\/v2\/users\/3"}],"replies":[{"embeddable":true,"href":"https:\/\/easytopspot.com\/hu\/wp-json\/wp\/v2\/comments?post=1430"}],"version-history":[{"count":0,"href":"https:\/\/easytopspot.com\/hu\/wp-json\/wp\/v2\/pages\/1430\/revisions"}],"wp:attachment":[{"href":"https:\/\/easytopspot.com\/hu\/wp-json\/wp\/v2\/media?parent=1430"}],"curies":[{"name":"wp","href":"https:\/\/api.w.org\/{rel}","templated":true}]}}