{"id":1454,"date":"2026-03-08T14:05:17","date_gmt":"2026-03-08T14:05:17","guid":{"rendered":"https:\/\/easytopspot.com\/adatvedelmi-iranyelv\/"},"modified":"2026-03-08T14:05:17","modified_gmt":"2026-03-08T14:05:17","slug":"adatvedelmi-iranyelv","status":"publish","type":"page","link":"https:\/\/easytopspot.com\/hu\/adatvedelmi-iranyelv\/","title":{"rendered":"Adatv\u00e9delmi Ir\u00e1nyelvek"},"content":{"rendered":"<div class=\"fp\">\n<h1>Adatv\u00e9delmi Ir\u00e1nyelvek<\/h1>\n<p><em>Utols\u00f3 friss\u00edt\u00e9s: 2026. m\u00e1rcius<\/em><\/p>\n<p>Anonim haszn\u00e1lati adatokat gy\u0171jt\u00fcnk s\u00fctik \u00e9s elemz\u0151eszk\u00f6z\u00f6k seg\u00edts\u00e9g\u00e9vel. Nem gy\u0171jt\u00fcnk szem\u00e9lyes adatokat, kiv\u00e9ve, ha \u00f6nk\u00e9nt megadja azokat. K\u00e9rheti szem\u00e9lyes adataihoz val\u00f3 hozz\u00e1f\u00e9r\u00e9st, jav\u00edt\u00e1st vagy t\u00f6rl\u00e9st. Kapcsolat: contact@easytopspot.com.<\/p>\n<\/div>\n","protected":false},"excerpt":{"rendered":"<p>Adatv\u00e9delmi Ir\u00e1nyelvek Utols\u00f3 friss\u00edt\u00e9s: 2026. m\u00e1rcius Anonim haszn\u00e1lati adatokat gy\u0171jt\u00fcnk s\u00fctik \u00e9s elemz\u0151eszk\u00f6z\u00f6k seg\u00edts\u00e9g\u00e9vel. Nem gy\u0171jt\u00fcnk szem\u00e9lyes adatokat, kiv\u00e9ve, ha \u00f6nk\u00e9nt megadja azokat. K\u00e9rheti szem\u00e9lyes adataihoz val\u00f3 hozz\u00e1f\u00e9r\u00e9st, jav\u00edt\u00e1st vagy &#8230; <a title=\"Adatv\u00e9delmi Ir\u00e1nyelvek\" class=\"read-more\" href=\"https:\/\/easytopspot.com\/hu\/adatvedelmi-iranyelv\/\" aria-label=\"Read more about Adatv\u00e9delmi Ir\u00e1nyelvek\">Read More \u2192<\/a><\/p>\n","protected":false},"author":3,"featured_media":0,"parent":0,"menu_order":0,"comment_status":"closed","ping_status":"closed","template":"","meta":{"footnotes":""},"class_list":["post-1454","page","type-page","status-publish"],"_links":{"self":[{"href":"https:\/\/easytopspot.com\/hu\/wp-json\/wp\/v2\/pages\/1454","targetHints":{"allow":["GET"]}}],"collection":[{"href":"https:\/\/easytopspot.com\/hu\/wp-json\/wp\/v2\/pages"}],"about":[{"href":"https:\/\/easytopspot.com\/hu\/wp-json\/wp\/v2\/types\/page"}],"author":[{"embeddable":true,"href":"https:\/\/easytopspot.com\/hu\/wp-json\/wp\/v2\/users\/3"}],"replies":[{"embeddable":true,"href":"https:\/\/easytopspot.com\/hu\/wp-json\/wp\/v2\/comments?post=1454"}],"version-history":[{"count":0,"href":"https:\/\/easytopspot.com\/hu\/wp-json\/wp\/v2\/pages\/1454\/revisions"}],"wp:attachment":[{"href":"https:\/\/easytopspot.com\/hu\/wp-json\/wp\/v2\/media?parent=1454"}],"curies":[{"name":"wp","href":"https:\/\/api.w.org\/{rel}","templated":true}]}}