{"id":1478,"date":"2026-03-08T14:05:24","date_gmt":"2026-03-08T14:05:24","guid":{"rendered":"https:\/\/easytopspot.com\/kapcsolat\/"},"modified":"2026-03-08T14:05:24","modified_gmt":"2026-03-08T14:05:24","slug":"kapcsolat","status":"publish","type":"page","link":"https:\/\/easytopspot.com\/hu\/kapcsolat\/","title":{"rendered":"Kapcsolat"},"content":{"rendered":"<div class=\"fp\">\n<h1>Kapcsolat<\/h1>\n<p>Van k\u00e9rd\u00e9se egy v\u00e9lem\u00e9nyr\u0151l, term\u00e9kjavaslata vagy \u00fczleti megkeres\u00e9se? Sz\u00edvesen hallan\u00e1nk \u00d6nt\u0151l.<\/p>\n<p><strong>Email:<\/strong> contact@easytopspot.com<\/p>\n<p><strong>V\u00e1laszid\u0151:<\/strong> \u00c1ltal\u00e1ban 48 \u00f3r\u00e1n bel\u00fcl v\u00e1laszolunk.<\/p>\n<\/div>\n","protected":false},"excerpt":{"rendered":"<p>Kapcsolat Van k\u00e9rd\u00e9se egy v\u00e9lem\u00e9nyr\u0151l, term\u00e9kjavaslata vagy \u00fczleti megkeres\u00e9se? Sz\u00edvesen hallan\u00e1nk \u00d6nt\u0151l. Email: contact@easytopspot.com V\u00e1laszid\u0151: \u00c1ltal\u00e1ban 48 \u00f3r\u00e1n bel\u00fcl v\u00e1laszolunk.<\/p>\n","protected":false},"author":3,"featured_media":0,"parent":0,"menu_order":0,"comment_status":"closed","ping_status":"closed","template":"","meta":{"footnotes":""},"class_list":["post-1478","page","type-page","status-publish"],"_links":{"self":[{"href":"https:\/\/easytopspot.com\/hu\/wp-json\/wp\/v2\/pages\/1478","targetHints":{"allow":["GET"]}}],"collection":[{"href":"https:\/\/easytopspot.com\/hu\/wp-json\/wp\/v2\/pages"}],"about":[{"href":"https:\/\/easytopspot.com\/hu\/wp-json\/wp\/v2\/types\/page"}],"author":[{"embeddable":true,"href":"https:\/\/easytopspot.com\/hu\/wp-json\/wp\/v2\/users\/3"}],"replies":[{"embeddable":true,"href":"https:\/\/easytopspot.com\/hu\/wp-json\/wp\/v2\/comments?post=1478"}],"version-history":[{"count":0,"href":"https:\/\/easytopspot.com\/hu\/wp-json\/wp\/v2\/pages\/1478\/revisions"}],"wp:attachment":[{"href":"https:\/\/easytopspot.com\/hu\/wp-json\/wp\/v2\/media?parent=1478"}],"curies":[{"name":"wp","href":"https:\/\/api.w.org\/{rel}","templated":true}]}}