{"id":1502,"date":"2026-03-08T14:05:35","date_gmt":"2026-03-08T14:05:35","guid":{"rendered":"https:\/\/easytopspot.com\/felhasznalasi-feltetelek\/"},"modified":"2026-03-08T14:05:35","modified_gmt":"2026-03-08T14:05:35","slug":"felhasznalasi-feltetelek","status":"publish","type":"page","link":"https:\/\/easytopspot.com\/hu\/felhasznalasi-feltetelek\/","title":{"rendered":"Felhaszn\u00e1l\u00e1si Felt\u00e9telek"},"content":{"rendered":"<div class=\"fp\">\n<h1>Felhaszn\u00e1l\u00e1si Felt\u00e9telek<\/h1>\n<p><em>Utols\u00f3 friss\u00edt\u00e9s: 2026. m\u00e1rcius<\/em><\/p>\n<p>Az EasyTopSpot tartalma kiz\u00e1r\u00f3lag t\u00e1j\u00e9koztat\u00f3 jelleg\u0171. Partners\u00e9gi programokban vesz\u00fcnk r\u00e9szt. Minden tartalom \u00e9s diz\u00e1jn az EasyTopSpot tulajdona.<\/p>\n<\/div>\n","protected":false},"excerpt":{"rendered":"<p>Felhaszn\u00e1l\u00e1si Felt\u00e9telek Utols\u00f3 friss\u00edt\u00e9s: 2026. m\u00e1rcius Az EasyTopSpot tartalma kiz\u00e1r\u00f3lag t\u00e1j\u00e9koztat\u00f3 jelleg\u0171. Partners\u00e9gi programokban vesz\u00fcnk r\u00e9szt. Minden tartalom \u00e9s diz\u00e1jn az EasyTopSpot tulajdona.<\/p>\n","protected":false},"author":3,"featured_media":0,"parent":0,"menu_order":0,"comment_status":"closed","ping_status":"closed","template":"","meta":{"footnotes":""},"class_list":["post-1502","page","type-page","status-publish"],"_links":{"self":[{"href":"https:\/\/easytopspot.com\/hu\/wp-json\/wp\/v2\/pages\/1502","targetHints":{"allow":["GET"]}}],"collection":[{"href":"https:\/\/easytopspot.com\/hu\/wp-json\/wp\/v2\/pages"}],"about":[{"href":"https:\/\/easytopspot.com\/hu\/wp-json\/wp\/v2\/types\/page"}],"author":[{"embeddable":true,"href":"https:\/\/easytopspot.com\/hu\/wp-json\/wp\/v2\/users\/3"}],"replies":[{"embeddable":true,"href":"https:\/\/easytopspot.com\/hu\/wp-json\/wp\/v2\/comments?post=1502"}],"version-history":[{"count":0,"href":"https:\/\/easytopspot.com\/hu\/wp-json\/wp\/v2\/pages\/1502\/revisions"}],"wp:attachment":[{"href":"https:\/\/easytopspot.com\/hu\/wp-json\/wp\/v2\/media?parent=1502"}],"curies":[{"name":"wp","href":"https:\/\/api.w.org\/{rel}","templated":true}]}}