{"id":40,"date":"2026-03-06T16:59:44","date_gmt":"2026-03-06T16:59:44","guid":{"rendered":"https:\/\/easytopspot.com\/home-hu\/"},"modified":"2026-03-07T23:47:13","modified_gmt":"2026-03-07T23:47:13","slug":"fooldal","status":"publish","type":"page","link":"https:\/\/easytopspot.com\/hu\/fooldal\/","title":{"rendered":"EasyTopSpot \u2014 Szak\u00e9rt\u0151i V\u00e9lem\u00e9nyek \u00e9s \u00d6sszehasonl\u00edt\u00e1sok"},"content":{"rendered":"<div class=\"ets-hp\">\n<div class=\"ets-hp-hero\">\n<h1>Megb\u00edzhat\u00f3 f\u00fcggetlen tesztek<\/h1>\n<p>Tesztelj\u00fck, \u00f6sszehasonl\u00edtjuk \u00e9s rangsoroljuk a term\u00e9keket.<\/p>\n<\/div>\n<div class=\"ets-hp-section\">\n<h2>B\u00f6ng\u00e9sz\u00e9s kateg\u00f3ri\u00e1k szerint<\/h2>\n<div class=\"ets-hp-cats\"><a href=\"\/hu\/category\/tech\/\" class=\"ets-hp-cat\"><svg xmlns=\"http:\/\/www.w3.org\/2000\/svg\" width=\"28\" height=\"28\" viewBox=\"0 0 24 24\" fill=\"none\" stroke=\"#2563eb\" stroke-width=\"2\" stroke-linecap=\"round\" stroke-linejoin=\"round\"><rect x=\"2\" y=\"3\" width=\"20\" height=\"14\" rx=\"2\" ry=\"2\"\/><line x1=\"8\" y1=\"21\" x2=\"16\" y2=\"21\"\/><line x1=\"12\" y1=\"17\" x2=\"12\" y2=\"21\"\/><\/svg><span>Technol\u00f3gia<\/span><\/a><a href=\"\/hu\/category\/finance\/\" class=\"ets-hp-cat\"><svg xmlns=\"http:\/\/www.w3.org\/2000\/svg\" width=\"28\" height=\"28\" viewBox=\"0 0 24 24\" fill=\"none\" stroke=\"#2563eb\" stroke-width=\"2\" stroke-linecap=\"round\" stroke-linejoin=\"round\"><line x1=\"12\" y1=\"1\" x2=\"12\" y2=\"23\"\/><path d=\"M17 5H9.5a3.5 3.5 0 0 0 0 7h5a3.5 3.5 0 0 1 0 7H6\"\/><\/svg><span>P\u00e9nz\u00fcgy<\/span><\/a><a href=\"\/hu\/category\/marketing\/\" class=\"ets-hp-cat\"><svg xmlns=\"http:\/\/www.w3.org\/2000\/svg\" width=\"28\" height=\"28\" viewBox=\"0 0 24 24\" fill=\"none\" stroke=\"#2563eb\" stroke-width=\"2\" stroke-linecap=\"round\" stroke-linejoin=\"round\"><polyline points=\"22 12 18 12 15 21 9 3 6 12 2 12\"\/><\/svg><span>Marketing<\/span><\/a><a href=\"\/hu\/category\/health\/\" class=\"ets-hp-cat\"><svg xmlns=\"http:\/\/www.w3.org\/2000\/svg\" width=\"28\" height=\"28\" viewBox=\"0 0 24 24\" fill=\"none\" stroke=\"#2563eb\" stroke-width=\"2\" stroke-linecap=\"round\" stroke-linejoin=\"round\"><path d=\"M20.84 4.61a5.5 5.5 0 0 0-7.78 0L12 5.67l-1.06-1.06a5.5 5.5 0 0 0-7.78 7.78l1.06 1.06L12 21.23l7.78-7.78 1.06-1.06a5.5 5.5 0 0 0 0-7.78z\"\/><\/svg><span>Eg\u00e9szs\u00e9g<\/span><\/a><a href=\"\/hu\/category\/vpn-security\/\" class=\"ets-hp-cat\"><svg xmlns=\"http:\/\/www.w3.org\/2000\/svg\" width=\"28\" height=\"28\" viewBox=\"0 0 24 24\" fill=\"none\" stroke=\"#2563eb\" stroke-width=\"2\" stroke-linecap=\"round\" stroke-linejoin=\"round\"><path d=\"M12 22s8-4 8-10V5l-8-3-8 3v7c0 6 8 10 8 10z\"\/><\/svg><span>VPN \u00e9s Biztons\u00e1g<\/span><\/a><\/div>\n<\/div>\n<div class=\"ets-hp-section\">\n<h2>Leg\u00fajabb cikkek<\/h2>\n<div class=\"ets-article-grid\"><a href=\"https:\/\/easytopspot.com\/hu\/hostinger-vs-siteground-osszehasonlitas\/\" class=\"ets-article-card\"><div class=\"ets-card-img\"><img decoding=\"async\" src=\"https:\/\/easytopspot.com\/wp-content\/uploads\/2026\/03\/hero-hostinger-vs-siteground-300x168.jpg\" alt=\"Hostinger vs SiteGround 2026: Melyik webt\u00e1rhely \u00e9ri meg igaz\u00e1n a p\u00e9nz\u00e9t?\" loading=\"lazy\" width=\"400\" height=\"225\" \/><\/div><span class=\"ets-card-cat\">Tech<\/span><h3 class=\"ets-card-title\">Hostinger vs SiteGround 2026: Melyik webt\u00e1rhely \u00e9ri meg igaz\u00e1n a p\u00e9nz\u00e9t?<\/h3><p class=\"ets-card-excerpt\">Kezd\u0151lap &rsaquo; Technol\u00f3gia &rsaquo; Hostinger vs SiteGround Hostinger vs SiteGround 2026: Melyik webt\u00e1rhely \u00e9ri meg igaz\u00e1n a p\u00e9nz\u00e9t? Mindk\u00e9t t\u00e1rhelyszolg\u00e1ltat\u00f3t&hellip;<\/p><\/a><a href=\"https:\/\/easytopspot.com\/hu\/legjobb-felhotalas-2026\/\" class=\"ets-article-card\"><div class=\"ets-card-img\"><img decoding=\"async\" src=\"https:\/\/easytopspot.com\/wp-content\/uploads\/2026\/03\/hero-cloud-storage-300x169.jpg\" alt=\"Legjobb felh\u0151t\u00e1rhely 2026: 7 szolg\u00e1ltat\u00e1s tesztelve sebess\u00e9g, biztons\u00e1g \u00e9s \u00e1r-\u00e9rt\u00e9k ar\u00e1ny szempontj\u00e1b\u00f3l\" loading=\"lazy\" width=\"400\" height=\"225\" \/><\/div><span class=\"ets-card-cat\">Tech<\/span><h3 class=\"ets-card-title\">Legjobb felh\u0151t\u00e1rhely 2026: 7 szolg\u00e1ltat\u00e1s tesztelve sebess\u00e9g, biztons\u00e1g \u00e9s \u00e1r-\u00e9rt\u00e9k ar\u00e1ny szempontj\u00e1b\u00f3l<\/h3><p class=\"ets-card-excerpt\">Kezd\u0151lap &rsaquo; Technol\u00f3gia &rsaquo; Felh\u0151t\u00e1rhely Legjobb felh\u0151t\u00e1rhely 2026: 7 szolg\u00e1ltat\u00e1s tesztelve sebess\u00e9g, biztons\u00e1g \u00e9s \u00e1r-\u00e9rt\u00e9k ar\u00e1ny szempontj\u00e1b\u00f3l T\u00f6bb mint 50&hellip;<\/p><\/a><a href=\"https:\/\/easytopspot.com\/hu\/vpn-beallitasa\/\" class=\"ets-article-card\"><div class=\"ets-card-img\"><img decoding=\"async\" src=\"https:\/\/easytopspot.com\/wp-content\/uploads\/2026\/03\/hero-vpn-v2-300x168.jpg\" alt=\"VPN be\u00e1ll\u00edt\u00e1sa b\u00e1rmilyen eszk\u00f6z\u00f6n 2026-ban: L\u00e9p\u00e9sr\u0151l l\u00e9p\u00e9sre \u00fatmutat\u00f3\" loading=\"lazy\" width=\"400\" height=\"225\" \/><\/div><span class=\"ets-card-cat\">VPN es Biztonsag<\/span><h3 class=\"ets-card-title\">VPN be\u00e1ll\u00edt\u00e1sa b\u00e1rmilyen eszk\u00f6z\u00f6n 2026-ban: L\u00e9p\u00e9sr\u0151l l\u00e9p\u00e9sre \u00fatmutat\u00f3<\/h3><p class=\"ets-card-excerpt\">F\u0151oldal &rsaquo; VPN \u00e9s biztons\u00e1g &rsaquo; VPN be\u00e1ll\u00edt\u00e1sa VPN be\u00e1ll\u00edt\u00e1sa b\u00e1rmilyen eszk\u00f6z\u00f6n 2026-ban: L\u00e9p\u00e9sr\u0151l l\u00e9p\u00e9sre \u00fatmutat\u00f3 Windows, Mac, iPhone, Android,&hellip;<\/p><\/a><a href=\"https:\/\/easytopspot.com\/hu\/legjobb-email-marketing-platformok\/\" class=\"ets-article-card\"><div class=\"ets-card-img\"><img decoding=\"async\" src=\"https:\/\/easytopspot.com\/wp-content\/uploads\/2026\/03\/hero-email-marketing-v2-300x168.jpg\" alt=\"Legjobb e-mail marketing platformok 2026: 7 szolg\u00e1ltat\u00e1s tesztelve funkci\u00f3k, k\u00e9zbes\u00edthet\u0151s\u00e9g \u00e9s \u00e1r-\u00e9rt\u00e9k ar\u00e1ny alapj\u00e1n\" loading=\"lazy\" width=\"400\" height=\"225\" \/><\/div><span class=\"ets-card-cat\">Marketing<\/span><h3 class=\"ets-card-title\">Legjobb e-mail marketing platformok 2026: 7 szolg\u00e1ltat\u00e1s tesztelve funkci\u00f3k, k\u00e9zbes\u00edthet\u0151s\u00e9g \u00e9s \u00e1r-\u00e9rt\u00e9k ar\u00e1ny alapj\u00e1n<\/h3><p class=\"ets-card-excerpt\">F\u0151oldal &rsaquo; E-mail marketing &rsaquo; Platformok Legjobb e-mail marketing platformok 2026: 7 szolg\u00e1ltat\u00e1s tesztelve funkci\u00f3k, k\u00e9zbes\u00edthet\u0151s\u00e9g \u00e9s \u00e1r-\u00e9rt\u00e9k ar\u00e1ny alapj\u00e1n&hellip;<\/p><\/a><a href=\"https:\/\/easytopspot.com\/hu\/legjobb-vpn-szolgaltatasok\/\" class=\"ets-article-card\"><div class=\"ets-card-img\"><img decoding=\"async\" src=\"https:\/\/easytopspot.com\/wp-content\/uploads\/2026\/03\/hero-vpn-v2-300x168.jpg\" alt=\"A legjobb VPN szolg\u00e1ltat\u00e1sok 2026: 7 szolg\u00e1ltat\u00f3 tesztelve sebess\u00e9g, adatv\u00e9delem \u00e9s streaming szempontj\u00e1b\u00f3l\" loading=\"lazy\" width=\"400\" height=\"225\" \/><\/div><span class=\"ets-card-cat\">VPN es Biztonsag<\/span><h3 class=\"ets-card-title\">A legjobb VPN szolg\u00e1ltat\u00e1sok 2026: 7 szolg\u00e1ltat\u00f3 tesztelve sebess\u00e9g, adatv\u00e9delem \u00e9s streaming szempontj\u00e1b\u00f3l<\/h3><p class=\"ets-card-excerpt\">Kezd\u0151lap &rsaquo; VPN \u00e9s biztons\u00e1g &rsaquo; VPN szolg\u00e1ltat\u00e1sok A legjobb VPN szolg\u00e1ltat\u00e1sok 2026: 7 szolg\u00e1ltat\u00f3 tesztelve sebess\u00e9g, adatv\u00e9delem \u00e9s streaming&hellip;<\/p><\/a><a href=\"https:\/\/easytopspot.com\/hu\/legjobb-jelszok%d0%b5zelok\/\" class=\"ets-article-card\"><div class=\"ets-card-img\"><img decoding=\"async\" src=\"https:\/\/easytopspot.com\/wp-content\/uploads\/2026\/03\/hero-password-managers-v2-300x168.jpg\" alt=\"Legjobb jelsz\u00f3kezel\u0151k 2026: 7 alkalmaz\u00e1s tesztelve biztons\u00e1g \u00e9s k\u00f6nny\u0171 haszn\u00e1lat szempontj\u00e1b\u00f3l\" loading=\"lazy\" width=\"400\" height=\"225\" \/><\/div><span class=\"ets-card-cat\">Uncategorized<\/span><h3 class=\"ets-card-title\">Legjobb jelsz\u00f3kezel\u0151k 2026: 7 alkalmaz\u00e1s tesztelve biztons\u00e1g \u00e9s k\u00f6nny\u0171 haszn\u00e1lat szempontj\u00e1b\u00f3l<\/h3><p class=\"ets-card-excerpt\">Kezd\u0151lap &rsaquo; Szoftver &rsaquo; Jelsz\u00f3kezel\u0151k Legjobb jelsz\u00f3kezel\u0151k 2026: 7 alkalmaz\u00e1s tesztelve biztons\u00e1g \u00e9s k\u00f6nny\u0171 haszn\u00e1lat szempontj\u00e1b\u00f3l 7 vezet\u0151 jelsz\u00f3kezel\u0151t tesztelt\u00fcnk&hellip;<\/p><\/a><\/div><\/div>\n<\/div>\n","protected":false},"excerpt":{"rendered":"<p>Megb\u00edzhat\u00f3 f\u00fcggetlen tesztek Tesztelj\u00fck, \u00f6sszehasonl\u00edtjuk \u00e9s rangsoroljuk a term\u00e9keket. B\u00f6ng\u00e9sz\u00e9s kateg\u00f3ri\u00e1k szerint Technol\u00f3giaP\u00e9nz\u00fcgyMarketingEg\u00e9szs\u00e9gVPN \u00e9s Biztons\u00e1g Leg\u00fajabb cikkek<\/p>\n","protected":false},"author":0,"featured_media":0,"parent":0,"menu_order":0,"comment_status":"closed","ping_status":"closed","template":"","meta":{"footnotes":""},"class_list":["post-40","page","type-page","status-publish","hentry"],"_links":{"self":[{"href":"https:\/\/easytopspot.com\/hu\/wp-json\/wp\/v2\/pages\/40","targetHints":{"allow":["GET"]}}],"collection":[{"href":"https:\/\/easytopspot.com\/hu\/wp-json\/wp\/v2\/pages"}],"about":[{"href":"https:\/\/easytopspot.com\/hu\/wp-json\/wp\/v2\/types\/page"}],"replies":[{"embeddable":true,"href":"https:\/\/easytopspot.com\/hu\/wp-json\/wp\/v2\/comments?post=40"}],"version-history":[{"count":5,"href":"https:\/\/easytopspot.com\/hu\/wp-json\/wp\/v2\/pages\/40\/revisions"}],"predecessor-version":[{"id":872,"href":"https:\/\/easytopspot.com\/hu\/wp-json\/wp\/v2\/pages\/40\/revisions\/872"}],"wp:attachment":[{"href":"https:\/\/easytopspot.com\/hu\/wp-json\/wp\/v2\/media?parent=40"}],"curies":[{"name":"wp","href":"https:\/\/api.w.org\/{rel}","templated":true}]}}