{"id":1424,"date":"2026-03-08T14:05:08","date_gmt":"2026-03-08T14:05:08","guid":{"rendered":"https:\/\/easytopspot.com\/om-oss-no\/"},"modified":"2026-03-08T14:05:08","modified_gmt":"2026-03-08T14:05:08","slug":"om-oss-no","status":"publish","type":"page","link":"https:\/\/easytopspot.com\/no\/om-oss-no\/","title":{"rendered":"Om Oss"},"content":{"rendered":"<div class=\"fp\">\n<h1>Om EasyTopSpot<\/h1>\n<p>EasyTopSpot er en uavhengig nettside for produkttester og sammenligninger. Vi tester ekte produkter under virkelige forhold og publiserer \u00e6rlige, upartiske anmeldelser.<\/p>\n<h2>Hvordan vi tjener penger<\/h2>\n<p>Vi mottar affiliate-provisjoner n\u00e5r du kj\u00f8per produkter via v\u00e5re lenker. Dette p\u00e5virker aldri v\u00e5re anmeldelser.<\/p>\n<h2>Kontakt<\/h2>\n<p>Sp\u00f8rsm\u00e5l? Send oss e-post p\u00e5 <strong>contact@easytopspot.com<\/strong><\/p>\n<\/div>\n","protected":false},"excerpt":{"rendered":"<p>Om EasyTopSpot EasyTopSpot er en uavhengig nettside for produkttester og sammenligninger. Vi tester ekte produkter under virkelige forhold og publiserer \u00e6rlige, upartiske anmeldelser. Hvordan vi tjener penger Vi mottar affiliate-provisjoner &#8230; <a title=\"Om Oss\" class=\"read-more\" href=\"https:\/\/easytopspot.com\/no\/om-oss-no\/\" aria-label=\"Read more about Om Oss\">Read More \u2192<\/a><\/p>\n","protected":false},"author":3,"featured_media":0,"parent":0,"menu_order":0,"comment_status":"closed","ping_status":"closed","template":"","meta":{"footnotes":""},"class_list":["post-1424","page","type-page","status-publish"],"_links":{"self":[{"href":"https:\/\/easytopspot.com\/no\/wp-json\/wp\/v2\/pages\/1424","targetHints":{"allow":["GET"]}}],"collection":[{"href":"https:\/\/easytopspot.com\/no\/wp-json\/wp\/v2\/pages"}],"about":[{"href":"https:\/\/easytopspot.com\/no\/wp-json\/wp\/v2\/types\/page"}],"author":[{"embeddable":true,"href":"https:\/\/easytopspot.com\/no\/wp-json\/wp\/v2\/users\/3"}],"replies":[{"embeddable":true,"href":"https:\/\/easytopspot.com\/no\/wp-json\/wp\/v2\/comments?post=1424"}],"version-history":[{"count":0,"href":"https:\/\/easytopspot.com\/no\/wp-json\/wp\/v2\/pages\/1424\/revisions"}],"wp:attachment":[{"href":"https:\/\/easytopspot.com\/no\/wp-json\/wp\/v2\/media?parent=1424"}],"curies":[{"name":"wp","href":"https:\/\/api.w.org\/{rel}","templated":true}]}}