{"id":1472,"date":"2026-03-08T14:05:22","date_gmt":"2026-03-08T14:05:22","guid":{"rendered":"https:\/\/easytopspot.com\/kontakt-no\/"},"modified":"2026-03-08T14:05:22","modified_gmt":"2026-03-08T14:05:22","slug":"kontakt-no","status":"publish","type":"page","link":"https:\/\/easytopspot.com\/no\/kontakt-no\/","title":{"rendered":"Kontakt"},"content":{"rendered":"<div class=\"fp\">\n<h1>Kontakt<\/h1>\n<p>Har du et sp\u00f8rsm\u00e5l om en anmeldelse, produktforslag eller forretningshenvendelse? Vi vil gjerne h\u00f8re fra deg.<\/p>\n<p><strong>E-post:<\/strong> contact@easytopspot.com<\/p>\n<p><strong>Svartid:<\/strong> Vi svarer vanligvis innen 48 timer.<\/p>\n<\/div>\n","protected":false},"excerpt":{"rendered":"<p>Kontakt Har du et sp\u00f8rsm\u00e5l om en anmeldelse, produktforslag eller forretningshenvendelse? Vi vil gjerne h\u00f8re fra deg. E-post: contact@easytopspot.com Svartid: Vi svarer vanligvis innen 48 timer.<\/p>\n","protected":false},"author":3,"featured_media":0,"parent":0,"menu_order":0,"comment_status":"closed","ping_status":"closed","template":"","meta":{"footnotes":""},"class_list":["post-1472","page","type-page","status-publish"],"_links":{"self":[{"href":"https:\/\/easytopspot.com\/no\/wp-json\/wp\/v2\/pages\/1472","targetHints":{"allow":["GET"]}}],"collection":[{"href":"https:\/\/easytopspot.com\/no\/wp-json\/wp\/v2\/pages"}],"about":[{"href":"https:\/\/easytopspot.com\/no\/wp-json\/wp\/v2\/types\/page"}],"author":[{"embeddable":true,"href":"https:\/\/easytopspot.com\/no\/wp-json\/wp\/v2\/users\/3"}],"replies":[{"embeddable":true,"href":"https:\/\/easytopspot.com\/no\/wp-json\/wp\/v2\/comments?post=1472"}],"version-history":[{"count":0,"href":"https:\/\/easytopspot.com\/no\/wp-json\/wp\/v2\/pages\/1472\/revisions"}],"wp:attachment":[{"href":"https:\/\/easytopspot.com\/no\/wp-json\/wp\/v2\/media?parent=1472"}],"curies":[{"name":"wp","href":"https:\/\/api.w.org\/{rel}","templated":true}]}}