{"id":1496,"date":"2026-03-08T14:05:29","date_gmt":"2026-03-08T14:05:29","guid":{"rendered":"https:\/\/easytopspot.com\/bruksvilkar\/"},"modified":"2026-03-08T14:05:29","modified_gmt":"2026-03-08T14:05:29","slug":"bruksvilkar","status":"publish","type":"page","link":"https:\/\/easytopspot.com\/no\/bruksvilkar\/","title":{"rendered":"Bruksvilk\u00e5r"},"content":{"rendered":"<div class=\"fp\">\n<h1>Bruksvilk\u00e5r<\/h1>\n<p><em>Sist oppdatert: Mars 2026<\/em><\/p>\n<p>Innholdet p\u00e5 EasyTopSpot er kun informativt. Vi deltar i tilknyttede programmer. Alt innhold og design tilh\u00f8rer EasyTopSpot.<\/p>\n<\/div>\n","protected":false},"excerpt":{"rendered":"<p>Bruksvilk\u00e5r Sist oppdatert: Mars 2026 Innholdet p\u00e5 EasyTopSpot er kun informativt. Vi deltar i tilknyttede programmer. Alt innhold og design tilh\u00f8rer EasyTopSpot.<\/p>\n","protected":false},"author":3,"featured_media":0,"parent":0,"menu_order":0,"comment_status":"closed","ping_status":"closed","template":"","meta":{"footnotes":""},"class_list":["post-1496","page","type-page","status-publish"],"_links":{"self":[{"href":"https:\/\/easytopspot.com\/no\/wp-json\/wp\/v2\/pages\/1496","targetHints":{"allow":["GET"]}}],"collection":[{"href":"https:\/\/easytopspot.com\/no\/wp-json\/wp\/v2\/pages"}],"about":[{"href":"https:\/\/easytopspot.com\/no\/wp-json\/wp\/v2\/types\/page"}],"author":[{"embeddable":true,"href":"https:\/\/easytopspot.com\/no\/wp-json\/wp\/v2\/users\/3"}],"replies":[{"embeddable":true,"href":"https:\/\/easytopspot.com\/no\/wp-json\/wp\/v2\/comments?post=1496"}],"version-history":[{"count":0,"href":"https:\/\/easytopspot.com\/no\/wp-json\/wp\/v2\/pages\/1496\/revisions"}],"wp:attachment":[{"href":"https:\/\/easytopspot.com\/no\/wp-json\/wp\/v2\/media?parent=1496"}],"curies":[{"name":"wp","href":"https:\/\/api.w.org\/{rel}","templated":true}]}}