{"id":34,"date":"2026-03-06T16:59:44","date_gmt":"2026-03-06T16:59:44","guid":{"rendered":"https:\/\/easytopspot.com\/home-nb\/"},"modified":"2026-03-07T23:47:08","modified_gmt":"2026-03-07T23:47:08","slug":"hjem-no","status":"publish","type":"page","link":"https:\/\/easytopspot.com\/no\/hjem-no\/","title":{"rendered":"EasyTopSpot \u2014 Ekspertanmeldelser og Sammenligninger"},"content":{"rendered":"<div class=\"ets-hp\">\n<div class=\"ets-hp-hero\">\n<h1>Uavhengige tester du kan stole p\u00e5<\/h1>\n<p>Vi tester, sammenligner og rangerer produkter.<\/p>\n<\/div>\n<div class=\"ets-hp-section\">\n<h2>Utforsk etter kategori<\/h2>\n<div class=\"ets-hp-cats\"><a href=\"\/no\/category\/tech\/\" class=\"ets-hp-cat\"><svg xmlns=\"http:\/\/www.w3.org\/2000\/svg\" width=\"28\" height=\"28\" viewBox=\"0 0 24 24\" fill=\"none\" stroke=\"#2563eb\" stroke-width=\"2\" stroke-linecap=\"round\" stroke-linejoin=\"round\"><rect x=\"2\" y=\"3\" width=\"20\" height=\"14\" rx=\"2\" ry=\"2\"\/><line x1=\"8\" y1=\"21\" x2=\"16\" y2=\"21\"\/><line x1=\"12\" y1=\"17\" x2=\"12\" y2=\"21\"\/><\/svg><span>Teknologi<\/span><\/a><a href=\"\/no\/category\/finance\/\" class=\"ets-hp-cat\"><svg xmlns=\"http:\/\/www.w3.org\/2000\/svg\" width=\"28\" height=\"28\" viewBox=\"0 0 24 24\" fill=\"none\" stroke=\"#2563eb\" stroke-width=\"2\" stroke-linecap=\"round\" stroke-linejoin=\"round\"><line x1=\"12\" y1=\"1\" x2=\"12\" y2=\"23\"\/><path d=\"M17 5H9.5a3.5 3.5 0 0 0 0 7h5a3.5 3.5 0 0 1 0 7H6\"\/><\/svg><span>\u00d8konomi<\/span><\/a><a href=\"\/no\/category\/marketing\/\" class=\"ets-hp-cat\"><svg xmlns=\"http:\/\/www.w3.org\/2000\/svg\" width=\"28\" height=\"28\" viewBox=\"0 0 24 24\" fill=\"none\" stroke=\"#2563eb\" stroke-width=\"2\" stroke-linecap=\"round\" stroke-linejoin=\"round\"><polyline points=\"22 12 18 12 15 21 9 3 6 12 2 12\"\/><\/svg><span>Markedsf\u00f8ring<\/span><\/a><a href=\"\/no\/category\/health\/\" class=\"ets-hp-cat\"><svg xmlns=\"http:\/\/www.w3.org\/2000\/svg\" width=\"28\" height=\"28\" viewBox=\"0 0 24 24\" fill=\"none\" stroke=\"#2563eb\" stroke-width=\"2\" stroke-linecap=\"round\" stroke-linejoin=\"round\"><path d=\"M20.84 4.61a5.5 5.5 0 0 0-7.78 0L12 5.67l-1.06-1.06a5.5 5.5 0 0 0-7.78 7.78l1.06 1.06L12 21.23l7.78-7.78 1.06-1.06a5.5 5.5 0 0 0 0-7.78z\"\/><\/svg><span>Helse<\/span><\/a><a href=\"\/no\/category\/vpn-security\/\" class=\"ets-hp-cat\"><svg xmlns=\"http:\/\/www.w3.org\/2000\/svg\" width=\"28\" height=\"28\" viewBox=\"0 0 24 24\" fill=\"none\" stroke=\"#2563eb\" stroke-width=\"2\" stroke-linecap=\"round\" stroke-linejoin=\"round\"><path d=\"M12 22s8-4 8-10V5l-8-3-8 3v7c0 6 8 10 8 10z\"\/><\/svg><span>VPN og Sikkerhet<\/span><\/a><\/div>\n<\/div>\n<div class=\"ets-hp-section\">\n<h2>Siste artikler<\/h2>\n<div class=\"ets-article-grid\"><a href=\"https:\/\/easytopspot.com\/no\/hostinger-vs-siteground-sammenligning\/\" class=\"ets-article-card\"><div class=\"ets-card-img\"><img decoding=\"async\" src=\"https:\/\/easytopspot.com\/wp-content\/uploads\/2026\/03\/hero-hostinger-vs-siteground-300x168.jpg\" alt=\"Hostinger vs SiteGround 2026: Hvilket Webhotell Er Faktisk Verdt Pengene?\" loading=\"lazy\" width=\"400\" height=\"225\" \/><\/div><span class=\"ets-card-cat\">Tech<\/span><h3 class=\"ets-card-title\">Hostinger vs SiteGround 2026: Hvilket Webhotell Er Faktisk Verdt Pengene?<\/h3><p class=\"ets-card-excerpt\">Hjem &rsaquo; Teknologi &rsaquo; Hostinger vs SiteGround Hostinger vs SiteGround 2026: Hvilket Webhotell Er Faktisk Verdt Pengene? Vi testet begge&hellip;<\/p><\/a><a href=\"https:\/\/easytopspot.com\/no\/beste-skylagring-2026\/\" class=\"ets-article-card\"><div class=\"ets-card-img\"><img decoding=\"async\" src=\"https:\/\/easytopspot.com\/wp-content\/uploads\/2026\/03\/hero-cloud-storage-300x169.jpg\" alt=\"Beste skylagring 2026: 7 tjenester testet for hastighet, sikkerhet og verdi\" loading=\"lazy\" width=\"400\" height=\"225\" \/><\/div><span class=\"ets-card-cat\">Tech<\/span><h3 class=\"ets-card-title\">Beste skylagring 2026: 7 tjenester testet for hastighet, sikkerhet og verdi<\/h3><p class=\"ets-card-excerpt\">Hjem &rsaquo; Teknologi &rsaquo; Skylagring Beste skylagring 2026: 7 tjenester testet for hastighet, sikkerhet og verdi Vi lastet opp over&hellip;<\/p><\/a><a href=\"https:\/\/easytopspot.com\/no\/beste-e-postmarkedsforingsplattformer\/\" class=\"ets-article-card\"><div class=\"ets-card-img\"><img decoding=\"async\" src=\"https:\/\/easytopspot.com\/wp-content\/uploads\/2026\/03\/hero-email-marketing-v2-300x168.jpg\" alt=\"Beste e-postmarkedsf\u00f8ringsplattformer 2026: 7 tjenester testet for funksjoner, leveringsevne og verdi\" loading=\"lazy\" width=\"400\" height=\"225\" \/><\/div><span class=\"ets-card-cat\">Marketing<\/span><h3 class=\"ets-card-title\">Beste e-postmarkedsf\u00f8ringsplattformer 2026: 7 tjenester testet for funksjoner, leveringsevne og verdi<\/h3><p class=\"ets-card-excerpt\">Hjem &rsaquo; E-postmarkedsf\u00f8ring &rsaquo; Plattformer Beste e-postmarkedsf\u00f8ringsplattformer 2026: 7 tjenester testet for funksjoner, leveringsevne og verdi Vi testet 7 e-postmarkedsf\u00f8ringsplattformer&hellip;<\/p><\/a><a href=\"https:\/\/easytopspot.com\/no\/beste-vpn-tjenester\/\" class=\"ets-article-card\"><div class=\"ets-card-img\"><img decoding=\"async\" src=\"https:\/\/easytopspot.com\/wp-content\/uploads\/2026\/03\/hero-vpn-v2-300x168.jpg\" alt=\"Beste VPN-tjenester 2026: 7 leverand\u00f8rer testet for hastighet, personvern og streaming\" loading=\"lazy\" width=\"400\" height=\"225\" \/><\/div><span class=\"ets-card-cat\">VPN og Sikkerhet<\/span><h3 class=\"ets-card-title\">Beste VPN-tjenester 2026: 7 leverand\u00f8rer testet for hastighet, personvern og streaming<\/h3><p class=\"ets-card-excerpt\">Hjem &rsaquo; VPN &amp; Sikkerhet &rsaquo; VPN-tjenester Beste VPN-tjenester 2026: 7 leverand\u00f8rer testet for hastighet, personvern og streaming Vi testet&hellip;<\/p><\/a><a href=\"https:\/\/easytopspot.com\/no\/beste-passordbehandlere\/\" class=\"ets-article-card\"><div class=\"ets-card-img\"><img decoding=\"async\" src=\"https:\/\/easytopspot.com\/wp-content\/uploads\/2026\/03\/hero-password-managers-v2-300x168.jpg\" alt=\"Beste Passordbehandlere 2026: 7 Apper Testet for Sikkerhet og Brukervennlighet\" loading=\"lazy\" width=\"400\" height=\"225\" \/><\/div><span class=\"ets-card-cat\">Uncategorized<\/span><h3 class=\"ets-card-title\">Beste Passordbehandlere 2026: 7 Apper Testet for Sikkerhet og Brukervennlighet<\/h3><p class=\"ets-card-excerpt\">Hjem &rsaquo; Programvare &rsaquo; Passordbehandlere Beste Passordbehandlere 2026: 7 Apper Testet for Sikkerhet og Brukervennlighet Vi testet 7 ledende passordbehandlere&hellip;<\/p><\/a><a href=\"https:\/\/easytopspot.com\/no\/beste-webhotell\/\" class=\"ets-article-card\"><div class=\"ets-card-img\"><img decoding=\"async\" src=\"https:\/\/easytopspot.com\/wp-content\/uploads\/2026\/03\/hero-web-hosting-v2-300x168.jpg\" alt=\"Beste Webhotell 2026: 8 Leverand\u00f8rer Testet og Sammenlignet\" loading=\"lazy\" width=\"400\" height=\"225\" \/><\/div><span class=\"ets-card-cat\">Internet<\/span><h3 class=\"ets-card-title\">Beste Webhotell 2026: 8 Leverand\u00f8rer Testet og Sammenlignet<\/h3><p class=\"ets-card-excerpt\">Hjem &rsaquo; Internett &rsaquo; Webhotell Beste Webhotell 2026: 8 Leverand\u00f8rer Testet og Sammenlignet Vi har brukt 3 m\u00e5neder p\u00e5 \u00e5&hellip;<\/p><\/a><\/div><\/div>\n<\/div>\n","protected":false},"excerpt":{"rendered":"<p>Uavhengige tester du kan stole p\u00e5 Vi tester, sammenligner og rangerer produkter. Utforsk etter kategori Teknologi\u00d8konomiMarkedsf\u00f8ringHelseVPN og Sikkerhet Siste artikler<\/p>\n","protected":false},"author":0,"featured_media":0,"parent":0,"menu_order":0,"comment_status":"closed","ping_status":"closed","template":"","meta":{"footnotes":""},"class_list":["post-34","page","type-page","status-publish","hentry"],"_links":{"self":[{"href":"https:\/\/easytopspot.com\/no\/wp-json\/wp\/v2\/pages\/34","targetHints":{"allow":["GET"]}}],"collection":[{"href":"https:\/\/easytopspot.com\/no\/wp-json\/wp\/v2\/pages"}],"about":[{"href":"https:\/\/easytopspot.com\/no\/wp-json\/wp\/v2\/types\/page"}],"replies":[{"embeddable":true,"href":"https:\/\/easytopspot.com\/no\/wp-json\/wp\/v2\/comments?post=34"}],"version-history":[{"count":5,"href":"https:\/\/easytopspot.com\/no\/wp-json\/wp\/v2\/pages\/34\/revisions"}],"predecessor-version":[{"id":866,"href":"https:\/\/easytopspot.com\/no\/wp-json\/wp\/v2\/pages\/34\/revisions\/866"}],"wp:attachment":[{"href":"https:\/\/easytopspot.com\/no\/wp-json\/wp\/v2\/media?parent=34"}],"curies":[{"name":"wp","href":"https:\/\/api.w.org\/{rel}","templated":true}]}}