{"id":1428,"date":"2026-03-08T14:05:09","date_gmt":"2026-03-08T14:05:09","guid":{"rendered":"https:\/\/easytopspot.com\/o-nas-2\/"},"modified":"2026-03-08T14:05:09","modified_gmt":"2026-03-08T14:05:09","slug":"o-nas","status":"publish","type":"page","link":"https:\/\/easytopspot.com\/pl\/o-nas\/","title":{"rendered":"O Nas"},"content":{"rendered":"<div class=\"fp\">\n<h1>O EasyTopSpot<\/h1>\n<p>EasyTopSpot to niezale\u017cna strona z recenzjami i por\u00f3wnaniami produkt\u00f3w. Testujemy prawdziwe produkty w rzeczywistych warunkach i publikujemy uczciwe, bezstronne opinie.<\/p>\n<h2>Jak zarabiamy<\/h2>\n<p>Otrzymujemy prowizje partnerskie, gdy kupujesz produkty przez nasze linki. To nigdy nie wp\u0142ywa na nasze recenzje.<\/p>\n<h2>Kontakt<\/h2>\n<p>Pytania? Napisz do nas: <strong>contact@easytopspot.com<\/strong><\/p>\n<\/div>\n","protected":false},"excerpt":{"rendered":"<p>O EasyTopSpot EasyTopSpot to niezale\u017cna strona z recenzjami i por\u00f3wnaniami produkt\u00f3w. Testujemy prawdziwe produkty w rzeczywistych warunkach i publikujemy uczciwe, bezstronne opinie. Jak zarabiamy Otrzymujemy prowizje partnerskie, gdy kupujesz produkty &#8230; <a title=\"O Nas\" class=\"read-more\" href=\"https:\/\/easytopspot.com\/pl\/o-nas\/\" aria-label=\"Read more about O Nas\">Read More \u2192<\/a><\/p>\n","protected":false},"author":3,"featured_media":0,"parent":0,"menu_order":0,"comment_status":"closed","ping_status":"closed","template":"","meta":{"footnotes":""},"class_list":["post-1428","page","type-page","status-publish"],"_links":{"self":[{"href":"https:\/\/easytopspot.com\/pl\/wp-json\/wp\/v2\/pages\/1428","targetHints":{"allow":["GET"]}}],"collection":[{"href":"https:\/\/easytopspot.com\/pl\/wp-json\/wp\/v2\/pages"}],"about":[{"href":"https:\/\/easytopspot.com\/pl\/wp-json\/wp\/v2\/types\/page"}],"author":[{"embeddable":true,"href":"https:\/\/easytopspot.com\/pl\/wp-json\/wp\/v2\/users\/3"}],"replies":[{"embeddable":true,"href":"https:\/\/easytopspot.com\/pl\/wp-json\/wp\/v2\/comments?post=1428"}],"version-history":[{"count":0,"href":"https:\/\/easytopspot.com\/pl\/wp-json\/wp\/v2\/pages\/1428\/revisions"}],"wp:attachment":[{"href":"https:\/\/easytopspot.com\/pl\/wp-json\/wp\/v2\/media?parent=1428"}],"curies":[{"name":"wp","href":"https:\/\/api.w.org\/{rel}","templated":true}]}}