{"id":1452,"date":"2026-03-08T14:05:16","date_gmt":"2026-03-08T14:05:16","guid":{"rendered":"https:\/\/easytopspot.com\/polityka-prywatnosci\/"},"modified":"2026-03-08T14:05:16","modified_gmt":"2026-03-08T14:05:16","slug":"polityka-prywatnosci","status":"publish","type":"page","link":"https:\/\/easytopspot.com\/pl\/polityka-prywatnosci\/","title":{"rendered":"Polityka Prywatno\u015bci"},"content":{"rendered":"<div class=\"fp\">\n<h1>Polityka Prywatno\u015bci<\/h1>\n<p><em>Ostatnia aktualizacja: Marzec 2026<\/em><\/p>\n<p>Zbieramy anonimowe dane o u\u017cytkowaniu za po\u015brednictwem plik\u00f3w cookie i narz\u0119dzi analitycznych. Nie zbieramy danych osobowych, chyba \u017ce zostan\u0105 podane dobrowolnie. Mo\u017cesz za\u017c\u0105da\u0107 dost\u0119pu, poprawienia lub usuni\u0119cia swoich danych osobowych. Kontakt: contact@easytopspot.com.<\/p>\n<\/div>\n","protected":false},"excerpt":{"rendered":"<p>Polityka Prywatno\u015bci Ostatnia aktualizacja: Marzec 2026 Zbieramy anonimowe dane o u\u017cytkowaniu za po\u015brednictwem plik\u00f3w cookie i narz\u0119dzi analitycznych. Nie zbieramy danych osobowych, chyba \u017ce zostan\u0105 podane dobrowolnie. Mo\u017cesz za\u017c\u0105da\u0107 dost\u0119pu, &#8230; <a title=\"Polityka Prywatno\u015bci\" class=\"read-more\" href=\"https:\/\/easytopspot.com\/pl\/polityka-prywatnosci\/\" aria-label=\"Read more about Polityka Prywatno\u015bci\">Read More \u2192<\/a><\/p>\n","protected":false},"author":3,"featured_media":0,"parent":0,"menu_order":0,"comment_status":"closed","ping_status":"closed","template":"","meta":{"footnotes":""},"class_list":["post-1452","page","type-page","status-publish"],"_links":{"self":[{"href":"https:\/\/easytopspot.com\/pl\/wp-json\/wp\/v2\/pages\/1452","targetHints":{"allow":["GET"]}}],"collection":[{"href":"https:\/\/easytopspot.com\/pl\/wp-json\/wp\/v2\/pages"}],"about":[{"href":"https:\/\/easytopspot.com\/pl\/wp-json\/wp\/v2\/types\/page"}],"author":[{"embeddable":true,"href":"https:\/\/easytopspot.com\/pl\/wp-json\/wp\/v2\/users\/3"}],"replies":[{"embeddable":true,"href":"https:\/\/easytopspot.com\/pl\/wp-json\/wp\/v2\/comments?post=1452"}],"version-history":[{"count":0,"href":"https:\/\/easytopspot.com\/pl\/wp-json\/wp\/v2\/pages\/1452\/revisions"}],"wp:attachment":[{"href":"https:\/\/easytopspot.com\/pl\/wp-json\/wp\/v2\/media?parent=1452"}],"curies":[{"name":"wp","href":"https:\/\/api.w.org\/{rel}","templated":true}]}}