{"id":1476,"date":"2026-03-08T14:05:23","date_gmt":"2026-03-08T14:05:23","guid":{"rendered":"https:\/\/easytopspot.com\/kontakt-pl\/"},"modified":"2026-03-08T14:05:23","modified_gmt":"2026-03-08T14:05:23","slug":"kontakt-pl","status":"publish","type":"page","link":"https:\/\/easytopspot.com\/pl\/kontakt-pl\/","title":{"rendered":"Kontakt"},"content":{"rendered":"<div class=\"fp\">\n<h1>Kontakt<\/h1>\n<p>Masz pytanie dotycz\u0105ce recenzji, sugesti\u0119 produktow\u0105 lub zapytanie biznesowe? Ch\u0119tnie us\u0142yszymy od Ciebie.<\/p>\n<p><strong>Email:<\/strong> contact@easytopspot.com<\/p>\n<p><strong>Czas odpowiedzi:<\/strong> Odpowiadamy zazwyczaj w ci\u0105gu 48 godzin.<\/p>\n<\/div>\n","protected":false},"excerpt":{"rendered":"<p>Kontakt Masz pytanie dotycz\u0105ce recenzji, sugesti\u0119 produktow\u0105 lub zapytanie biznesowe? Ch\u0119tnie us\u0142yszymy od Ciebie. Email: contact@easytopspot.com Czas odpowiedzi: Odpowiadamy zazwyczaj w ci\u0105gu 48 godzin.<\/p>\n","protected":false},"author":3,"featured_media":0,"parent":0,"menu_order":0,"comment_status":"closed","ping_status":"closed","template":"","meta":{"footnotes":""},"class_list":["post-1476","page","type-page","status-publish"],"_links":{"self":[{"href":"https:\/\/easytopspot.com\/pl\/wp-json\/wp\/v2\/pages\/1476","targetHints":{"allow":["GET"]}}],"collection":[{"href":"https:\/\/easytopspot.com\/pl\/wp-json\/wp\/v2\/pages"}],"about":[{"href":"https:\/\/easytopspot.com\/pl\/wp-json\/wp\/v2\/types\/page"}],"author":[{"embeddable":true,"href":"https:\/\/easytopspot.com\/pl\/wp-json\/wp\/v2\/users\/3"}],"replies":[{"embeddable":true,"href":"https:\/\/easytopspot.com\/pl\/wp-json\/wp\/v2\/comments?post=1476"}],"version-history":[{"count":0,"href":"https:\/\/easytopspot.com\/pl\/wp-json\/wp\/v2\/pages\/1476\/revisions"}],"wp:attachment":[{"href":"https:\/\/easytopspot.com\/pl\/wp-json\/wp\/v2\/media?parent=1476"}],"curies":[{"name":"wp","href":"https:\/\/api.w.org\/{rel}","templated":true}]}}