{"id":1500,"date":"2026-03-08T14:05:35","date_gmt":"2026-03-08T14:05:35","guid":{"rendered":"https:\/\/easytopspot.com\/warunki-uzytkowania\/"},"modified":"2026-03-08T14:05:35","modified_gmt":"2026-03-08T14:05:35","slug":"warunki-uzytkowania","status":"publish","type":"page","link":"https:\/\/easytopspot.com\/pl\/warunki-uzytkowania\/","title":{"rendered":"Warunki U\u017cytkowania"},"content":{"rendered":"<div class=\"fp\">\n<h1>Warunki U\u017cytkowania<\/h1>\n<p><em>Ostatnia aktualizacja: Marzec 2026<\/em><\/p>\n<p>Tre\u015bci na EasyTopSpot maj\u0105 charakter wy\u0142\u0105cznie informacyjny. Uczestniczymy w programach partnerskich. Wszystkie tre\u015bci i projekt stanowi\u0105 w\u0142asno\u015b\u0107 EasyTopSpot.<\/p>\n<\/div>\n","protected":false},"excerpt":{"rendered":"<p>Warunki U\u017cytkowania Ostatnia aktualizacja: Marzec 2026 Tre\u015bci na EasyTopSpot maj\u0105 charakter wy\u0142\u0105cznie informacyjny. Uczestniczymy w programach partnerskich. Wszystkie tre\u015bci i projekt stanowi\u0105 w\u0142asno\u015b\u0107 EasyTopSpot.<\/p>\n","protected":false},"author":3,"featured_media":0,"parent":0,"menu_order":0,"comment_status":"closed","ping_status":"closed","template":"","meta":{"footnotes":""},"class_list":["post-1500","page","type-page","status-publish"],"_links":{"self":[{"href":"https:\/\/easytopspot.com\/pl\/wp-json\/wp\/v2\/pages\/1500","targetHints":{"allow":["GET"]}}],"collection":[{"href":"https:\/\/easytopspot.com\/pl\/wp-json\/wp\/v2\/pages"}],"about":[{"href":"https:\/\/easytopspot.com\/pl\/wp-json\/wp\/v2\/types\/page"}],"author":[{"embeddable":true,"href":"https:\/\/easytopspot.com\/pl\/wp-json\/wp\/v2\/users\/3"}],"replies":[{"embeddable":true,"href":"https:\/\/easytopspot.com\/pl\/wp-json\/wp\/v2\/comments?post=1500"}],"version-history":[{"count":0,"href":"https:\/\/easytopspot.com\/pl\/wp-json\/wp\/v2\/pages\/1500\/revisions"}],"wp:attachment":[{"href":"https:\/\/easytopspot.com\/pl\/wp-json\/wp\/v2\/media?parent=1500"}],"curies":[{"name":"wp","href":"https:\/\/api.w.org\/{rel}","templated":true}]}}