{"id":38,"date":"2026-03-06T16:59:44","date_gmt":"2026-03-06T16:59:44","guid":{"rendered":"https:\/\/easytopspot.com\/home-pl\/"},"modified":"2026-03-07T23:47:11","modified_gmt":"2026-03-07T23:47:11","slug":"strona-glowna","status":"publish","type":"page","link":"https:\/\/easytopspot.com\/pl\/strona-glowna\/","title":{"rendered":"EasyTopSpot \u2014 Eksperckie Recenzje i Por\u00f3wnania"},"content":{"rendered":"<div class=\"ets-hp\">\n<div class=\"ets-hp-hero\">\n<h1>Niezale\u017cne recenzje, kt\u00f3rym mo\u017cesz zaufa\u0107<\/h1>\n<p>Testujemy, por\u00f3wnujemy i klasyfikujemy produkty.<\/p>\n<\/div>\n<div class=\"ets-hp-section\">\n<h2>Przegl\u0105daj wed\u0142ug kategorii<\/h2>\n<div class=\"ets-hp-cats\"><a href=\"\/pl\/category\/tech\/\" class=\"ets-hp-cat\"><svg xmlns=\"http:\/\/www.w3.org\/2000\/svg\" width=\"28\" height=\"28\" viewBox=\"0 0 24 24\" fill=\"none\" stroke=\"#2563eb\" stroke-width=\"2\" stroke-linecap=\"round\" stroke-linejoin=\"round\"><rect x=\"2\" y=\"3\" width=\"20\" height=\"14\" rx=\"2\" ry=\"2\"\/><line x1=\"8\" y1=\"21\" x2=\"16\" y2=\"21\"\/><line x1=\"12\" y1=\"17\" x2=\"12\" y2=\"21\"\/><\/svg><span>Technologia<\/span><\/a><a href=\"\/pl\/category\/finance\/\" class=\"ets-hp-cat\"><svg xmlns=\"http:\/\/www.w3.org\/2000\/svg\" width=\"28\" height=\"28\" viewBox=\"0 0 24 24\" fill=\"none\" stroke=\"#2563eb\" stroke-width=\"2\" stroke-linecap=\"round\" stroke-linejoin=\"round\"><line x1=\"12\" y1=\"1\" x2=\"12\" y2=\"23\"\/><path d=\"M17 5H9.5a3.5 3.5 0 0 0 0 7h5a3.5 3.5 0 0 1 0 7H6\"\/><\/svg><span>Finanse<\/span><\/a><a href=\"\/pl\/category\/marketing\/\" class=\"ets-hp-cat\"><svg xmlns=\"http:\/\/www.w3.org\/2000\/svg\" width=\"28\" height=\"28\" viewBox=\"0 0 24 24\" fill=\"none\" stroke=\"#2563eb\" stroke-width=\"2\" stroke-linecap=\"round\" stroke-linejoin=\"round\"><polyline points=\"22 12 18 12 15 21 9 3 6 12 2 12\"\/><\/svg><span>Marketing<\/span><\/a><a href=\"\/pl\/category\/health\/\" class=\"ets-hp-cat\"><svg xmlns=\"http:\/\/www.w3.org\/2000\/svg\" width=\"28\" height=\"28\" viewBox=\"0 0 24 24\" fill=\"none\" stroke=\"#2563eb\" stroke-width=\"2\" stroke-linecap=\"round\" stroke-linejoin=\"round\"><path d=\"M20.84 4.61a5.5 5.5 0 0 0-7.78 0L12 5.67l-1.06-1.06a5.5 5.5 0 0 0-7.78 7.78l1.06 1.06L12 21.23l7.78-7.78 1.06-1.06a5.5 5.5 0 0 0 0-7.78z\"\/><\/svg><span>Zdrowie<\/span><\/a><a href=\"\/pl\/category\/vpn-security\/\" class=\"ets-hp-cat\"><svg xmlns=\"http:\/\/www.w3.org\/2000\/svg\" width=\"28\" height=\"28\" viewBox=\"0 0 24 24\" fill=\"none\" stroke=\"#2563eb\" stroke-width=\"2\" stroke-linecap=\"round\" stroke-linejoin=\"round\"><path d=\"M12 22s8-4 8-10V5l-8-3-8 3v7c0 6 8 10 8 10z\"\/><\/svg><span>VPN i Bezpiecze\u0144stwo<\/span><\/a><\/div>\n<\/div>\n<div class=\"ets-hp-section\">\n<h2>Najnowsze artyku\u0142y<\/h2>\n<div class=\"ets-article-grid\"><a href=\"https:\/\/easytopspot.com\/pl\/hostinger-vs-siteground-porownanie\/\" class=\"ets-article-card\"><div class=\"ets-card-img\"><img decoding=\"async\" src=\"https:\/\/easytopspot.com\/wp-content\/uploads\/2026\/03\/hero-hostinger-vs-siteground-300x168.jpg\" alt=\"Hostinger vs SiteGround 2026: Kt\u00f3ry Hosting Naprawd\u0119 Jest Wart Swoich Pieni\u0119dzy?\" loading=\"lazy\" width=\"400\" height=\"225\" \/><\/div><span class=\"ets-card-cat\">Tech<\/span><h3 class=\"ets-card-title\">Hostinger vs SiteGround 2026: Kt\u00f3ry Hosting Naprawd\u0119 Jest Wart Swoich Pieni\u0119dzy?<\/h3><p class=\"ets-card-excerpt\">Strona g\u0142\u00f3wna &rsaquo; Technologia &rsaquo; Hostinger vs SiteGround Hostinger vs SiteGround 2026: Kt\u00f3ry Hosting Naprawd\u0119 Jest Wart Swoich Pieni\u0119dzy? Przetestowali\u015bmy&hellip;<\/p><\/a><a href=\"https:\/\/easytopspot.com\/pl\/najlepsze-chmury-danych-2026\/\" class=\"ets-article-card\"><div class=\"ets-card-img\"><img decoding=\"async\" src=\"https:\/\/easytopspot.com\/wp-content\/uploads\/2026\/03\/hero-cloud-storage-300x169.jpg\" alt=\"Najlepsza chmura danych 2026: 7 us\u0142ug przetestowanych pod k\u0105tem szybko\u015bci, bezpiecze\u0144stwa i ceny\" loading=\"lazy\" width=\"400\" height=\"225\" \/><\/div><span class=\"ets-card-cat\">Tech<\/span><h3 class=\"ets-card-title\">Najlepsza chmura danych 2026: 7 us\u0142ug przetestowanych pod k\u0105tem szybko\u015bci, bezpiecze\u0144stwa i ceny<\/h3><p class=\"ets-card-excerpt\">Strona g\u0142\u00f3wna &rsaquo; Technologia &rsaquo; Chmura danych Najlepsza chmura danych 2026: 7 us\u0142ug przetestowanych pod k\u0105tem szybko\u015bci, bezpiecze\u0144stwa i ceny&hellip;<\/p><\/a><a href=\"https:\/\/easytopspot.com\/pl\/jak-skonfigurowac-vpn\/\" class=\"ets-article-card\"><div class=\"ets-card-img\"><img decoding=\"async\" src=\"https:\/\/easytopspot.com\/wp-content\/uploads\/2026\/03\/hero-vpn-v2-300x168.jpg\" alt=\"Jak skonfigurowa\u0107 VPN na ka\u017cdym urz\u0105dzeniu w 2026: przewodnik krok po kroku\" loading=\"lazy\" width=\"400\" height=\"225\" \/><\/div><span class=\"ets-card-cat\">VPN i Bezpieczenstwo<\/span><h3 class=\"ets-card-title\">Jak skonfigurowa\u0107 VPN na ka\u017cdym urz\u0105dzeniu w 2026: przewodnik krok po kroku<\/h3><p class=\"ets-card-excerpt\">Strona g\u0142\u00f3wna &rsaquo; VPN i Bezpiecze\u0144stwo &rsaquo; Jak skonfigurowa\u0107 VPN Jak skonfigurowa\u0107 VPN na ka\u017cdym urz\u0105dzeniu w 2026: przewodnik krok&hellip;<\/p><\/a><a href=\"https:\/\/easytopspot.com\/pl\/nordvpn-vs-surfshark-porownanie\/\" class=\"ets-article-card\"><div class=\"ets-card-img\"><img decoding=\"async\" src=\"https:\/\/easytopspot.com\/wp-content\/uploads\/2026\/03\/hero-nordvpn-vs-surfshark-300x169.jpg\" alt=\"NordVPN vs Surfshark 2026: Kt\u00f3ry VPN jest naprawd\u0119 lepszy?\" loading=\"lazy\" width=\"400\" height=\"225\" \/><\/div><span class=\"ets-card-cat\">VPN i Bezpieczenstwo<\/span><h3 class=\"ets-card-title\">NordVPN vs Surfshark 2026: Kt\u00f3ry VPN jest naprawd\u0119 lepszy?<\/h3><p class=\"ets-card-excerpt\">Strona g\u0142\u00f3wna &rsaquo; VPN i Bezpiecze\u0144stwo &rsaquo; NordVPN vs Surfshark NordVPN vs Surfshark 2026: Kt\u00f3ry VPN jest naprawd\u0119 lepszy? Przetestowali\u015bmy&hellip;<\/p><\/a><a href=\"https:\/\/easytopspot.com\/pl\/najlepsze-platformy-email-marketingowe\/\" class=\"ets-article-card\"><div class=\"ets-card-img\"><img decoding=\"async\" src=\"https:\/\/easytopspot.com\/wp-content\/uploads\/2026\/03\/hero-email-marketing-v2-300x168.jpg\" alt=\"Najlepsze Platformy Email Marketingowe 2026: 7 Serwis\u00f3w Przetestowanych pod K\u0105tem Funkcji, Dostarczalno\u015bci i Ceny\" loading=\"lazy\" width=\"400\" height=\"225\" \/><\/div><span class=\"ets-card-cat\">Marketing<\/span><h3 class=\"ets-card-title\">Najlepsze Platformy Email Marketingowe 2026: 7 Serwis\u00f3w Przetestowanych pod K\u0105tem Funkcji, Dostarczalno\u015bci i Ceny<\/h3><p class=\"ets-card-excerpt\">Strona g\u0142\u00f3wna &rsaquo; Email Marketing &rsaquo; Platformy Najlepsze Platformy Email Marketingowe 2026: 7 Serwis\u00f3w Przetestowanych pod K\u0105tem Funkcji, Dostarczalno\u015bci i&hellip;<\/p><\/a><a href=\"https:\/\/easytopspot.com\/pl\/najlepsze-uslugi-vpn\/\" class=\"ets-article-card\"><div class=\"ets-card-img\"><img decoding=\"async\" src=\"https:\/\/easytopspot.com\/wp-content\/uploads\/2026\/03\/hero-vpn-v2-300x168.jpg\" alt=\"Najlepsze us\u0142ugi VPN 2026: 7 dostawc\u00f3w przetestowanych pod k\u0105tem szybko\u015bci, prywatno\u015bci i streamingu\" loading=\"lazy\" width=\"400\" height=\"225\" \/><\/div><span class=\"ets-card-cat\">VPN i Bezpieczenstwo<\/span><h3 class=\"ets-card-title\">Najlepsze us\u0142ugi VPN 2026: 7 dostawc\u00f3w przetestowanych pod k\u0105tem szybko\u015bci, prywatno\u015bci i streamingu<\/h3><p class=\"ets-card-excerpt\">Strona g\u0142\u00f3wna &rsaquo; VPN i bezpiecze\u0144stwo &rsaquo; Us\u0142ugi VPN Najlepsze us\u0142ugi VPN 2026: 7 dostawc\u00f3w przetestowanych pod k\u0105tem szybko\u015bci, prywatno\u015bci&hellip;<\/p><\/a><\/div><\/div>\n<\/div>\n","protected":false},"excerpt":{"rendered":"<p>Niezale\u017cne recenzje, kt\u00f3rym mo\u017cesz zaufa\u0107 Testujemy, por\u00f3wnujemy i klasyfikujemy produkty. Przegl\u0105daj wed\u0142ug kategorii TechnologiaFinanseMarketingZdrowieVPN i Bezpiecze\u0144stwo Najnowsze artyku\u0142y<\/p>\n","protected":false},"author":0,"featured_media":0,"parent":0,"menu_order":0,"comment_status":"closed","ping_status":"closed","template":"","meta":{"footnotes":""},"class_list":["post-38","page","type-page","status-publish","hentry"],"_links":{"self":[{"href":"https:\/\/easytopspot.com\/pl\/wp-json\/wp\/v2\/pages\/38","targetHints":{"allow":["GET"]}}],"collection":[{"href":"https:\/\/easytopspot.com\/pl\/wp-json\/wp\/v2\/pages"}],"about":[{"href":"https:\/\/easytopspot.com\/pl\/wp-json\/wp\/v2\/types\/page"}],"replies":[{"embeddable":true,"href":"https:\/\/easytopspot.com\/pl\/wp-json\/wp\/v2\/comments?post=38"}],"version-history":[{"count":5,"href":"https:\/\/easytopspot.com\/pl\/wp-json\/wp\/v2\/pages\/38\/revisions"}],"predecessor-version":[{"id":870,"href":"https:\/\/easytopspot.com\/pl\/wp-json\/wp\/v2\/pages\/38\/revisions\/870"}],"wp:attachment":[{"href":"https:\/\/easytopspot.com\/pl\/wp-json\/wp\/v2\/media?parent=38"}],"curies":[{"name":"wp","href":"https:\/\/api.w.org\/{rel}","templated":true}]}}