{"id":1421,"date":"2026-03-08T14:05:07","date_gmt":"2026-03-08T14:05:07","guid":{"rendered":"https:\/\/easytopspot.com\/sobre-nos\/"},"modified":"2026-03-08T14:05:07","modified_gmt":"2026-03-08T14:05:07","slug":"sobre-nos","status":"publish","type":"page","link":"https:\/\/easytopspot.com\/pt-br\/sobre-nos\/","title":{"rendered":"Sobre N\u00f3s"},"content":{"rendered":"<div class=\"fp\">\n<h1>Sobre a EasyTopSpot<\/h1>\n<p>EasyTopSpot \u00e9 um site independente de an\u00e1lises e comparativos de produtos. Testamos produtos reais em condi\u00e7\u00f5es reais e publicamos opini\u00f5es honestas e imparciais para ajud\u00e1-lo a tomar melhores decis\u00f5es de compra.<\/p>\n<p>Nossa equipe editorial usa protocolos de teste padronizados para cada categoria de produto. Avaliamos desempenho, custo-benef\u00edcio, facilidade de uso e confiabilidade.<\/p>\n<h2>Como ganhamos dinheiro<\/h2>\n<p>Recebemos comiss\u00f5es de afiliados quando voc\u00ea compra produtos atrav\u00e9s de nossos links. Isso nunca influencia nossas avalia\u00e7\u00f5es ou rankings.<\/p>\n<h2>Contato<\/h2>\n<p>D\u00favidas? Escreva para <strong>contact@easytopspot.com<\/strong><\/p>\n<\/div>\n","protected":false},"excerpt":{"rendered":"<p>Sobre a EasyTopSpot EasyTopSpot \u00e9 um site independente de an\u00e1lises e comparativos de produtos. Testamos produtos reais em condi\u00e7\u00f5es reais e publicamos opini\u00f5es honestas e imparciais para ajud\u00e1-lo a tomar &#8230; <a title=\"Sobre N\u00f3s\" class=\"read-more\" href=\"https:\/\/easytopspot.com\/pt-br\/sobre-nos\/\" aria-label=\"Read more about Sobre N\u00f3s\">Read More \u2192<\/a><\/p>\n","protected":false},"author":3,"featured_media":0,"parent":0,"menu_order":0,"comment_status":"closed","ping_status":"closed","template":"","meta":{"footnotes":""},"class_list":["post-1421","page","type-page","status-publish"],"_links":{"self":[{"href":"https:\/\/easytopspot.com\/pt-br\/wp-json\/wp\/v2\/pages\/1421","targetHints":{"allow":["GET"]}}],"collection":[{"href":"https:\/\/easytopspot.com\/pt-br\/wp-json\/wp\/v2\/pages"}],"about":[{"href":"https:\/\/easytopspot.com\/pt-br\/wp-json\/wp\/v2\/types\/page"}],"author":[{"embeddable":true,"href":"https:\/\/easytopspot.com\/pt-br\/wp-json\/wp\/v2\/users\/3"}],"replies":[{"embeddable":true,"href":"https:\/\/easytopspot.com\/pt-br\/wp-json\/wp\/v2\/comments?post=1421"}],"version-history":[{"count":0,"href":"https:\/\/easytopspot.com\/pt-br\/wp-json\/wp\/v2\/pages\/1421\/revisions"}],"wp:attachment":[{"href":"https:\/\/easytopspot.com\/pt-br\/wp-json\/wp\/v2\/media?parent=1421"}],"curies":[{"name":"wp","href":"https:\/\/api.w.org\/{rel}","templated":true}]}}