{"id":1445,"date":"2026-03-08T14:05:14","date_gmt":"2026-03-08T14:05:14","guid":{"rendered":"https:\/\/easytopspot.com\/politica-de-privacidade\/"},"modified":"2026-03-08T14:05:14","modified_gmt":"2026-03-08T14:05:14","slug":"politica-de-privacidade","status":"publish","type":"page","link":"https:\/\/easytopspot.com\/pt-br\/politica-de-privacidade\/","title":{"rendered":"Pol\u00edtica de Privacidade"},"content":{"rendered":"<div class=\"fp\">\n<h1>Pol\u00edtica de Privacidade<\/h1>\n<p><em>\u00daltima atualiza\u00e7\u00e3o: Mar\u00e7o 2026<\/em><\/p>\n<h2>Dados coletados<\/h2>\n<p>Coletamos dados an\u00f4nimos por meio de cookies e ferramentas de an\u00e1lise. N\u00e3o coletamos informa\u00e7\u00f5es pessoais a menos que voc\u00ea as forne\u00e7a voluntariamente.<\/p>\n<h2>Cookies<\/h2>\n<p>Usamos cookies essenciais e anal\u00edticos (Google Analytics). Voc\u00ea pode desativar os cookies nas configura\u00e7\u00f5es do seu navegador.<\/p>\n<h2>Links de afiliados<\/h2>\n<p>Nosso site cont\u00e9m links de afiliados regidos pelas pol\u00edticas de privacidade dos comerciantes.<\/p>\n<h2>Seus direitos<\/h2>\n<p>Voc\u00ea pode solicitar acesso, corre\u00e7\u00e3o ou exclus\u00e3o de seus dados pessoais. Contato: contact@easytopspot.com.<\/p>\n<\/div>\n","protected":false},"excerpt":{"rendered":"<p>Pol\u00edtica de Privacidade \u00daltima atualiza\u00e7\u00e3o: Mar\u00e7o 2026 Dados coletados Coletamos dados an\u00f4nimos por meio de cookies e ferramentas de an\u00e1lise. N\u00e3o coletamos informa\u00e7\u00f5es pessoais a menos que voc\u00ea as forne\u00e7a &#8230; <a title=\"Pol\u00edtica de Privacidade\" class=\"read-more\" href=\"https:\/\/easytopspot.com\/pt-br\/politica-de-privacidade\/\" aria-label=\"Read more about Pol\u00edtica de Privacidade\">Read More \u2192<\/a><\/p>\n","protected":false},"author":3,"featured_media":0,"parent":0,"menu_order":0,"comment_status":"closed","ping_status":"closed","template":"","meta":{"footnotes":""},"class_list":["post-1445","page","type-page","status-publish"],"_links":{"self":[{"href":"https:\/\/easytopspot.com\/pt-br\/wp-json\/wp\/v2\/pages\/1445","targetHints":{"allow":["GET"]}}],"collection":[{"href":"https:\/\/easytopspot.com\/pt-br\/wp-json\/wp\/v2\/pages"}],"about":[{"href":"https:\/\/easytopspot.com\/pt-br\/wp-json\/wp\/v2\/types\/page"}],"author":[{"embeddable":true,"href":"https:\/\/easytopspot.com\/pt-br\/wp-json\/wp\/v2\/users\/3"}],"replies":[{"embeddable":true,"href":"https:\/\/easytopspot.com\/pt-br\/wp-json\/wp\/v2\/comments?post=1445"}],"version-history":[{"count":0,"href":"https:\/\/easytopspot.com\/pt-br\/wp-json\/wp\/v2\/pages\/1445\/revisions"}],"wp:attachment":[{"href":"https:\/\/easytopspot.com\/pt-br\/wp-json\/wp\/v2\/media?parent=1445"}],"curies":[{"name":"wp","href":"https:\/\/api.w.org\/{rel}","templated":true}]}}