{"id":1469,"date":"2026-03-08T14:05:21","date_gmt":"2026-03-08T14:05:21","guid":{"rendered":"https:\/\/easytopspot.com\/contato\/"},"modified":"2026-03-08T14:05:21","modified_gmt":"2026-03-08T14:05:21","slug":"contato","status":"publish","type":"page","link":"https:\/\/easytopspot.com\/pt-br\/contato\/","title":{"rendered":"Contato"},"content":{"rendered":"<div class=\"fp\">\n<h1>Contato<\/h1>\n<p>Tem uma pergunta sobre uma an\u00e1lise, sugest\u00e3o de produto ou consulta comercial? Adorar\u00edamos ouvir de voc\u00ea.<\/p>\n<p><strong>Email:<\/strong> contact@easytopspot.com<\/p>\n<p><strong>Tempo de resposta:<\/strong> Respondemos geralmente em 48 horas.<\/p>\n<\/div>\n","protected":false},"excerpt":{"rendered":"<p>Contato Tem uma pergunta sobre uma an\u00e1lise, sugest\u00e3o de produto ou consulta comercial? Adorar\u00edamos ouvir de voc\u00ea. Email: contact@easytopspot.com Tempo de resposta: Respondemos geralmente em 48 horas.<\/p>\n","protected":false},"author":3,"featured_media":0,"parent":0,"menu_order":0,"comment_status":"closed","ping_status":"closed","template":"","meta":{"footnotes":""},"class_list":["post-1469","page","type-page","status-publish"],"_links":{"self":[{"href":"https:\/\/easytopspot.com\/pt-br\/wp-json\/wp\/v2\/pages\/1469","targetHints":{"allow":["GET"]}}],"collection":[{"href":"https:\/\/easytopspot.com\/pt-br\/wp-json\/wp\/v2\/pages"}],"about":[{"href":"https:\/\/easytopspot.com\/pt-br\/wp-json\/wp\/v2\/types\/page"}],"author":[{"embeddable":true,"href":"https:\/\/easytopspot.com\/pt-br\/wp-json\/wp\/v2\/users\/3"}],"replies":[{"embeddable":true,"href":"https:\/\/easytopspot.com\/pt-br\/wp-json\/wp\/v2\/comments?post=1469"}],"version-history":[{"count":0,"href":"https:\/\/easytopspot.com\/pt-br\/wp-json\/wp\/v2\/pages\/1469\/revisions"}],"wp:attachment":[{"href":"https:\/\/easytopspot.com\/pt-br\/wp-json\/wp\/v2\/media?parent=1469"}],"curies":[{"name":"wp","href":"https:\/\/api.w.org\/{rel}","templated":true}]}}