{"id":1493,"date":"2026-03-08T14:05:28","date_gmt":"2026-03-08T14:05:28","guid":{"rendered":"https:\/\/easytopspot.com\/termos-de-uso\/"},"modified":"2026-03-08T14:05:28","modified_gmt":"2026-03-08T14:05:28","slug":"termos-de-uso","status":"publish","type":"page","link":"https:\/\/easytopspot.com\/pt-br\/termos-de-uso\/","title":{"rendered":"Termos de Uso"},"content":{"rendered":"<div class=\"fp\">\n<h1>Termos de Uso<\/h1>\n<p><em>\u00daltima atualiza\u00e7\u00e3o: Mar\u00e7o 2026<\/em><\/p>\n<p>O conte\u00fado do EasyTopSpot \u00e9 apenas informativo. Participamos de programas de afiliados e recebemos comiss\u00f5es por compras feitas atrav\u00e9s de nossos links. N\u00e3o nos responsabilizamos por decis\u00f5es tomadas com base em nosso conte\u00fado. Todo conte\u00fado e design \u00e9 propriedade do EasyTopSpot.<\/p>\n<\/div>\n","protected":false},"excerpt":{"rendered":"<p>Termos de Uso \u00daltima atualiza\u00e7\u00e3o: Mar\u00e7o 2026 O conte\u00fado do EasyTopSpot \u00e9 apenas informativo. Participamos de programas de afiliados e recebemos comiss\u00f5es por compras feitas atrav\u00e9s de nossos links. N\u00e3o &#8230; <a title=\"Termos de Uso\" class=\"read-more\" href=\"https:\/\/easytopspot.com\/pt-br\/termos-de-uso\/\" aria-label=\"Read more about Termos de Uso\">Read More \u2192<\/a><\/p>\n","protected":false},"author":3,"featured_media":0,"parent":0,"menu_order":0,"comment_status":"closed","ping_status":"closed","template":"","meta":{"footnotes":""},"class_list":["post-1493","page","type-page","status-publish"],"_links":{"self":[{"href":"https:\/\/easytopspot.com\/pt-br\/wp-json\/wp\/v2\/pages\/1493","targetHints":{"allow":["GET"]}}],"collection":[{"href":"https:\/\/easytopspot.com\/pt-br\/wp-json\/wp\/v2\/pages"}],"about":[{"href":"https:\/\/easytopspot.com\/pt-br\/wp-json\/wp\/v2\/types\/page"}],"author":[{"embeddable":true,"href":"https:\/\/easytopspot.com\/pt-br\/wp-json\/wp\/v2\/users\/3"}],"replies":[{"embeddable":true,"href":"https:\/\/easytopspot.com\/pt-br\/wp-json\/wp\/v2\/comments?post=1493"}],"version-history":[{"count":0,"href":"https:\/\/easytopspot.com\/pt-br\/wp-json\/wp\/v2\/pages\/1493\/revisions"}],"wp:attachment":[{"href":"https:\/\/easytopspot.com\/pt-br\/wp-json\/wp\/v2\/media?parent=1493"}],"curies":[{"name":"wp","href":"https:\/\/api.w.org\/{rel}","templated":true}]}}