{"id":31,"date":"2026-03-06T16:59:44","date_gmt":"2026-03-06T16:59:44","guid":{"rendered":"https:\/\/easytopspot.com\/home-pt-br\/"},"modified":"2026-03-07T23:47:06","modified_gmt":"2026-03-07T23:47:06","slug":"inicio-br","status":"publish","type":"page","link":"https:\/\/easytopspot.com\/pt-br\/inicio-br\/","title":{"rendered":"EasyTopSpot \u2014 An\u00e1lises e Comparativos"},"content":{"rendered":"<div class=\"ets-hp\">\n<div class=\"ets-hp-hero\">\n<h1>An\u00e1lises independentes e confi\u00e1veis<\/h1>\n<p>Testamos, comparamos e classificamos produtos para ajud\u00e1-lo a tomar melhores decis\u00f5es.<\/p>\n<\/div>\n<div class=\"ets-hp-section\">\n<h2>Explorar por categoria<\/h2>\n<div class=\"ets-hp-cats\"><a href=\"\/pt-br\/category\/tech\/\" class=\"ets-hp-cat\"><svg xmlns=\"http:\/\/www.w3.org\/2000\/svg\" width=\"28\" height=\"28\" viewBox=\"0 0 24 24\" fill=\"none\" stroke=\"#2563eb\" stroke-width=\"2\" stroke-linecap=\"round\" stroke-linejoin=\"round\"><rect x=\"2\" y=\"3\" width=\"20\" height=\"14\" rx=\"2\" ry=\"2\"\/><line x1=\"8\" y1=\"21\" x2=\"16\" y2=\"21\"\/><line x1=\"12\" y1=\"17\" x2=\"12\" y2=\"21\"\/><\/svg><span>Tecnologia<\/span><\/a><a href=\"\/pt-br\/category\/finance\/\" class=\"ets-hp-cat\"><svg xmlns=\"http:\/\/www.w3.org\/2000\/svg\" width=\"28\" height=\"28\" viewBox=\"0 0 24 24\" fill=\"none\" stroke=\"#2563eb\" stroke-width=\"2\" stroke-linecap=\"round\" stroke-linejoin=\"round\"><line x1=\"12\" y1=\"1\" x2=\"12\" y2=\"23\"\/><path d=\"M17 5H9.5a3.5 3.5 0 0 0 0 7h5a3.5 3.5 0 0 1 0 7H6\"\/><\/svg><span>Finan\u00e7as<\/span><\/a><a href=\"\/pt-br\/category\/marketing\/\" class=\"ets-hp-cat\"><svg xmlns=\"http:\/\/www.w3.org\/2000\/svg\" width=\"28\" height=\"28\" viewBox=\"0 0 24 24\" fill=\"none\" stroke=\"#2563eb\" stroke-width=\"2\" stroke-linecap=\"round\" stroke-linejoin=\"round\"><polyline points=\"22 12 18 12 15 21 9 3 6 12 2 12\"\/><\/svg><span>Marketing<\/span><\/a><a href=\"\/pt-br\/category\/health\/\" class=\"ets-hp-cat\"><svg xmlns=\"http:\/\/www.w3.org\/2000\/svg\" width=\"28\" height=\"28\" viewBox=\"0 0 24 24\" fill=\"none\" stroke=\"#2563eb\" stroke-width=\"2\" stroke-linecap=\"round\" stroke-linejoin=\"round\"><path d=\"M20.84 4.61a5.5 5.5 0 0 0-7.78 0L12 5.67l-1.06-1.06a5.5 5.5 0 0 0-7.78 7.78l1.06 1.06L12 21.23l7.78-7.78 1.06-1.06a5.5 5.5 0 0 0 0-7.78z\"\/><\/svg><span>Sa\u00fade<\/span><\/a><a href=\"\/pt-br\/category\/vpn-security\/\" class=\"ets-hp-cat\"><svg xmlns=\"http:\/\/www.w3.org\/2000\/svg\" width=\"28\" height=\"28\" viewBox=\"0 0 24 24\" fill=\"none\" stroke=\"#2563eb\" stroke-width=\"2\" stroke-linecap=\"round\" stroke-linejoin=\"round\"><path d=\"M12 22s8-4 8-10V5l-8-3-8 3v7c0 6 8 10 8 10z\"\/><\/svg><span>VPN e Seguran\u00e7a<\/span><\/a><\/div>\n<\/div>\n<div class=\"ets-hp-section\">\n<h2>\u00daltimos artigos<\/h2>\n<div class=\"ets-article-grid\"><a href=\"https:\/\/easytopspot.com\/pt-br\/hostinger-vs-siteground-comparacao\/\" class=\"ets-article-card\"><div class=\"ets-card-img\"><img decoding=\"async\" src=\"https:\/\/easytopspot.com\/wp-content\/uploads\/2026\/03\/hero-hostinger-vs-siteground-300x168.jpg\" alt=\"Hostinger vs SiteGround 2026: Qual hospedagem realmente vale o seu dinheiro?\" loading=\"lazy\" width=\"400\" height=\"225\" \/><\/div><span class=\"ets-card-cat\">Tecnologia<\/span><h3 class=\"ets-card-title\">Hostinger vs SiteGround 2026: Qual hospedagem realmente vale o seu dinheiro?<\/h3><p class=\"ets-card-excerpt\">In\u00edcio &rsaquo; Tech &rsaquo; Hostinger vs SiteGround Hostinger vs SiteGround 2026: Qual hospedagem realmente vale o seu dinheiro? Testamos os&hellip;<\/p><\/a><a href=\"https:\/\/easytopspot.com\/pt-br\/melhor-armazenamento-nuvem-2026\/\" class=\"ets-article-card\"><div class=\"ets-card-img\"><img decoding=\"async\" src=\"https:\/\/easytopspot.com\/wp-content\/uploads\/2026\/03\/hero-cloud-storage-300x169.jpg\" alt=\"Melhor Armazenamento em Nuvem 2026: 7 Servi\u00e7os Testados em Velocidade, Seguran\u00e7a e Custo-Benef\u00edcio\" loading=\"lazy\" width=\"400\" height=\"225\" \/><\/div><span class=\"ets-card-cat\">Tecnologia<\/span><h3 class=\"ets-card-title\">Melhor Armazenamento em Nuvem 2026: 7 Servi\u00e7os Testados em Velocidade, Seguran\u00e7a e Custo-Benef\u00edcio<\/h3><p class=\"ets-card-excerpt\">In\u00edcio &rsaquo; Tecnologia &rsaquo; Armazenamento na Nuvem Melhor Armazenamento em Nuvem 2026: 7 Servi\u00e7os Testados em Velocidade, Seguran\u00e7a e Custo-Benef\u00edcio&hellip;<\/p><\/a><a href=\"https:\/\/easytopspot.com\/pt-br\/como-configurar-vpn\/\" class=\"ets-article-card\"><div class=\"ets-card-img\"><img decoding=\"async\" src=\"https:\/\/easytopspot.com\/wp-content\/uploads\/2026\/03\/hero-vpn-v2-300x168.jpg\" alt=\"Como configurar uma VPN em qualquer dispositivo em 2026: guia passo a passo\" loading=\"lazy\" width=\"400\" height=\"225\" \/><\/div><span class=\"ets-card-cat\">VPN e Seguranca<\/span><h3 class=\"ets-card-title\">Como configurar uma VPN em qualquer dispositivo em 2026: guia passo a passo<\/h3><p class=\"ets-card-excerpt\">In\u00edcio &rsaquo; VPN &amp; Seguran\u00e7a &rsaquo; Como configurar uma VPN Como configurar uma VPN em qualquer dispositivo em 2026: guia&hellip;<\/p><\/a><a href=\"https:\/\/easytopspot.com\/pt-br\/nordvpn-vs-surfshark-comparacao\/\" class=\"ets-article-card\"><div class=\"ets-card-img\"><img decoding=\"async\" src=\"https:\/\/easytopspot.com\/wp-content\/uploads\/2026\/03\/hero-nordvpn-vs-surfshark-300x169.jpg\" alt=\"NordVPN vs Surfshark 2026: Qual VPN \u00c9 Realmente Melhor?\" loading=\"lazy\" width=\"400\" height=\"225\" \/><\/div><span class=\"ets-card-cat\">VPN e Seguranca<\/span><h3 class=\"ets-card-title\">NordVPN vs Surfshark 2026: Qual VPN \u00c9 Realmente Melhor?<\/h3><p class=\"ets-card-excerpt\">In\u00edcio &rsaquo; VPN &amp; Seguran\u00e7a &rsaquo; NordVPN vs Surfshark NordVPN vs Surfshark 2026: Qual VPN \u00c9 Realmente Melhor? Testamos as&hellip;<\/p><\/a><a href=\"https:\/\/easytopspot.com\/pt-br\/melhores-plataformas-email-marketing\/\" class=\"ets-article-card\"><div class=\"ets-card-img\"><img decoding=\"async\" src=\"https:\/\/easytopspot.com\/wp-content\/uploads\/2026\/03\/hero-email-marketing-v2-300x168.jpg\" alt=\"Melhores Plataformas de Email Marketing 2026: 7 Servi\u00e7os Testados em Recursos, Entregabilidade e Custo-Benef\u00edcio\" loading=\"lazy\" width=\"400\" height=\"225\" \/><\/div><span class=\"ets-card-cat\">Marketing<\/span><h3 class=\"ets-card-title\">Melhores Plataformas de Email Marketing 2026: 7 Servi\u00e7os Testados em Recursos, Entregabilidade e Custo-Benef\u00edcio<\/h3><p class=\"ets-card-excerpt\">In\u00edcio &rsaquo; Email Marketing &rsaquo; Plataformas Melhores Plataformas de Email Marketing 2026: 7 Servi\u00e7os Testados em Recursos, Entregabilidade e Custo-Benef\u00edcio&hellip;<\/p><\/a><a href=\"https:\/\/easytopspot.com\/pt-br\/melhores-servicos-vpn\/\" class=\"ets-article-card\"><div class=\"ets-card-img\"><img decoding=\"async\" src=\"https:\/\/easytopspot.com\/wp-content\/uploads\/2026\/03\/hero-vpn-v2-300x168.jpg\" alt=\"Melhores Servi\u00e7os VPN 2026: 7 Provedores Testados para Velocidade, Privacidade e Streaming\" loading=\"lazy\" width=\"400\" height=\"225\" \/><\/div><span class=\"ets-card-cat\">VPN e Seguranca<\/span><h3 class=\"ets-card-title\">Melhores Servi\u00e7os VPN 2026: 7 Provedores Testados para Velocidade, Privacidade e Streaming<\/h3><p class=\"ets-card-excerpt\">In\u00edcio &rsaquo; VPN &amp; Seguran\u00e7a &rsaquo; Servi\u00e7os VPN Melhores Servi\u00e7os VPN 2026: 7 Provedores Testados para Velocidade, Privacidade e Streaming&hellip;<\/p><\/a><\/div><\/div>\n<\/div>\n","protected":false},"excerpt":{"rendered":"<p>An\u00e1lises independentes e confi\u00e1veis Testamos, comparamos e classificamos produtos para ajud\u00e1-lo a tomar melhores decis\u00f5es. Explorar por categoria TecnologiaFinan\u00e7asMarketingSa\u00fadeVPN e Seguran\u00e7a \u00daltimos artigos<\/p>\n","protected":false},"author":0,"featured_media":0,"parent":0,"menu_order":0,"comment_status":"closed","ping_status":"closed","template":"","meta":{"footnotes":""},"class_list":["post-31","page","type-page","status-publish","hentry"],"_links":{"self":[{"href":"https:\/\/easytopspot.com\/pt-br\/wp-json\/wp\/v2\/pages\/31","targetHints":{"allow":["GET"]}}],"collection":[{"href":"https:\/\/easytopspot.com\/pt-br\/wp-json\/wp\/v2\/pages"}],"about":[{"href":"https:\/\/easytopspot.com\/pt-br\/wp-json\/wp\/v2\/types\/page"}],"replies":[{"embeddable":true,"href":"https:\/\/easytopspot.com\/pt-br\/wp-json\/wp\/v2\/comments?post=31"}],"version-history":[{"count":5,"href":"https:\/\/easytopspot.com\/pt-br\/wp-json\/wp\/v2\/pages\/31\/revisions"}],"predecessor-version":[{"id":863,"href":"https:\/\/easytopspot.com\/pt-br\/wp-json\/wp\/v2\/pages\/31\/revisions\/863"}],"wp:attachment":[{"href":"https:\/\/easytopspot.com\/pt-br\/wp-json\/wp\/v2\/media?parent=31"}],"curies":[{"name":"wp","href":"https:\/\/api.w.org\/{rel}","templated":true}]}}