{"id":1477,"date":"2026-03-08T14:05:24","date_gmt":"2026-03-08T14:05:24","guid":{"rendered":"https:\/\/easytopspot.com\/contact-ro-2\/"},"modified":"2026-03-08T14:05:24","modified_gmt":"2026-03-08T14:05:24","slug":"contact-ro","status":"publish","type":"page","link":"https:\/\/easytopspot.com\/ro\/contact-ro\/","title":{"rendered":"Contact"},"content":{"rendered":"<div class=\"fp\">\n<h1>Contact<\/h1>\n<p>Ave\u021bi o \u00eentrebare despre o recenzie, o sugestie de produs sau o solicitare de afaceri? Ne-ar pl\u0103cea s\u0103 auzim de la dumneavoastr\u0103.<\/p>\n<p><strong>Email:<\/strong> contact@easytopspot.com<\/p>\n<p><strong>Timp de r\u0103spuns:<\/strong> R\u0103spundem de obicei \u00een 48 de ore.<\/p>\n<\/div>\n","protected":false},"excerpt":{"rendered":"<p>Contact Ave\u021bi o \u00eentrebare despre o recenzie, o sugestie de produs sau o solicitare de afaceri? Ne-ar pl\u0103cea s\u0103 auzim de la dumneavoastr\u0103. Email: contact@easytopspot.com Timp de r\u0103spuns: R\u0103spundem de &#8230; <a title=\"Contact\" class=\"read-more\" href=\"https:\/\/easytopspot.com\/ro\/contact-ro\/\" aria-label=\"Read more about Contact\">Read More \u2192<\/a><\/p>\n","protected":false},"author":3,"featured_media":0,"parent":0,"menu_order":0,"comment_status":"closed","ping_status":"closed","template":"","meta":{"footnotes":""},"class_list":["post-1477","page","type-page","status-publish"],"_links":{"self":[{"href":"https:\/\/easytopspot.com\/ro\/wp-json\/wp\/v2\/pages\/1477","targetHints":{"allow":["GET"]}}],"collection":[{"href":"https:\/\/easytopspot.com\/ro\/wp-json\/wp\/v2\/pages"}],"about":[{"href":"https:\/\/easytopspot.com\/ro\/wp-json\/wp\/v2\/types\/page"}],"author":[{"embeddable":true,"href":"https:\/\/easytopspot.com\/ro\/wp-json\/wp\/v2\/users\/3"}],"replies":[{"embeddable":true,"href":"https:\/\/easytopspot.com\/ro\/wp-json\/wp\/v2\/comments?post=1477"}],"version-history":[{"count":0,"href":"https:\/\/easytopspot.com\/ro\/wp-json\/wp\/v2\/pages\/1477\/revisions"}],"wp:attachment":[{"href":"https:\/\/easytopspot.com\/ro\/wp-json\/wp\/v2\/media?parent=1477"}],"curies":[{"name":"wp","href":"https:\/\/api.w.org\/{rel}","templated":true}]}}