{"id":39,"date":"2026-03-06T16:59:44","date_gmt":"2026-03-06T16:59:44","guid":{"rendered":"https:\/\/easytopspot.com\/home-ro\/"},"modified":"2026-03-07T23:47:12","modified_gmt":"2026-03-07T23:47:12","slug":"acasa","status":"publish","type":"page","link":"https:\/\/easytopspot.com\/ro\/acasa\/","title":{"rendered":"EasyTopSpot \u2014 Recenzii \u0219i Compara\u021bii de Exper\u021bi"},"content":{"rendered":"<div class=\"ets-hp\">\n<div class=\"ets-hp-hero\">\n<h1>Recenzii independente de \u00eencredere<\/h1>\n<p>Test\u0103m, compar\u0103m \u0219i clasific\u0103m produsele.<\/p>\n<\/div>\n<div class=\"ets-hp-section\">\n<h2>Exploreaz\u0103 pe categorii<\/h2>\n<div class=\"ets-hp-cats\"><a href=\"\/ro\/category\/tech\/\" class=\"ets-hp-cat\"><svg xmlns=\"http:\/\/www.w3.org\/2000\/svg\" width=\"28\" height=\"28\" viewBox=\"0 0 24 24\" fill=\"none\" stroke=\"#2563eb\" stroke-width=\"2\" stroke-linecap=\"round\" stroke-linejoin=\"round\"><rect x=\"2\" y=\"3\" width=\"20\" height=\"14\" rx=\"2\" ry=\"2\"\/><line x1=\"8\" y1=\"21\" x2=\"16\" y2=\"21\"\/><line x1=\"12\" y1=\"17\" x2=\"12\" y2=\"21\"\/><\/svg><span>Tehnologie<\/span><\/a><a href=\"\/ro\/category\/finance\/\" class=\"ets-hp-cat\"><svg xmlns=\"http:\/\/www.w3.org\/2000\/svg\" width=\"28\" height=\"28\" viewBox=\"0 0 24 24\" fill=\"none\" stroke=\"#2563eb\" stroke-width=\"2\" stroke-linecap=\"round\" stroke-linejoin=\"round\"><line x1=\"12\" y1=\"1\" x2=\"12\" y2=\"23\"\/><path d=\"M17 5H9.5a3.5 3.5 0 0 0 0 7h5a3.5 3.5 0 0 1 0 7H6\"\/><\/svg><span>Finan\u021be<\/span><\/a><a href=\"\/ro\/category\/marketing\/\" class=\"ets-hp-cat\"><svg xmlns=\"http:\/\/www.w3.org\/2000\/svg\" width=\"28\" height=\"28\" viewBox=\"0 0 24 24\" fill=\"none\" stroke=\"#2563eb\" stroke-width=\"2\" stroke-linecap=\"round\" stroke-linejoin=\"round\"><polyline points=\"22 12 18 12 15 21 9 3 6 12 2 12\"\/><\/svg><span>Marketing<\/span><\/a><a href=\"\/ro\/category\/health\/\" class=\"ets-hp-cat\"><svg xmlns=\"http:\/\/www.w3.org\/2000\/svg\" width=\"28\" height=\"28\" viewBox=\"0 0 24 24\" fill=\"none\" stroke=\"#2563eb\" stroke-width=\"2\" stroke-linecap=\"round\" stroke-linejoin=\"round\"><path d=\"M20.84 4.61a5.5 5.5 0 0 0-7.78 0L12 5.67l-1.06-1.06a5.5 5.5 0 0 0-7.78 7.78l1.06 1.06L12 21.23l7.78-7.78 1.06-1.06a5.5 5.5 0 0 0 0-7.78z\"\/><\/svg><span>S\u0103n\u0103tate<\/span><\/a><a href=\"\/ro\/category\/vpn-security\/\" class=\"ets-hp-cat\"><svg xmlns=\"http:\/\/www.w3.org\/2000\/svg\" width=\"28\" height=\"28\" viewBox=\"0 0 24 24\" fill=\"none\" stroke=\"#2563eb\" stroke-width=\"2\" stroke-linecap=\"round\" stroke-linejoin=\"round\"><path d=\"M12 22s8-4 8-10V5l-8-3-8 3v7c0 6 8 10 8 10z\"\/><\/svg><span>VPN \u0219i Securitate<\/span><\/a><\/div>\n<\/div>\n<div class=\"ets-hp-section\">\n<h2>Ultimele articole<\/h2>\n<div class=\"ets-article-grid\"><a href=\"https:\/\/easytopspot.com\/ro\/hostinger-vs-siteground-comparatie\/\" class=\"ets-article-card\"><div class=\"ets-card-img\"><img decoding=\"async\" src=\"https:\/\/easytopspot.com\/wp-content\/uploads\/2026\/03\/hero-hostinger-vs-siteground-300x168.jpg\" alt=\"Hostinger vs SiteGround 2026: Care g\u0103zduire web merit\u0103 cu adev\u0103rat banii?\" loading=\"lazy\" width=\"400\" height=\"225\" \/><\/div><span class=\"ets-card-cat\">Tech<\/span><h3 class=\"ets-card-title\">Hostinger vs SiteGround 2026: Care g\u0103zduire web merit\u0103 cu adev\u0103rat banii?<\/h3><p class=\"ets-card-excerpt\">Acas\u0103 &rsaquo; Tehnologie &rsaquo; Hostinger vs SiteGround Hostinger vs SiteGround 2026: Care g\u0103zduire web merit\u0103 cu adev\u0103rat banii? Am testat&hellip;<\/p><\/a><a href=\"https:\/\/easytopspot.com\/ro\/cel-mai-bun-stocare-cloud-2026\/\" class=\"ets-article-card\"><div class=\"ets-card-img\"><img decoding=\"async\" src=\"https:\/\/easytopspot.com\/wp-content\/uploads\/2026\/03\/hero-cloud-storage-300x169.jpg\" alt=\"Cel Mai Bun Stocare Cloud 2026: 7 Servicii Testate pentru Vitez\u0103, Securitate \u0219i Valoare\" loading=\"lazy\" width=\"400\" height=\"225\" \/><\/div><span class=\"ets-card-cat\">Tech<\/span><h3 class=\"ets-card-title\">Cel Mai Bun Stocare Cloud 2026: 7 Servicii Testate pentru Vitez\u0103, Securitate \u0219i Valoare<\/h3><p class=\"ets-card-excerpt\">Acas\u0103 &rsaquo; Tehnologie &rsaquo; Stocare Cloud Cel Mai Bun Stocare Cloud 2026: 7 Servicii Testate pentru Vitez\u0103, Securitate \u0219i Valoare&hellip;<\/p><\/a><a href=\"https:\/\/easytopspot.com\/ro\/cum-sa-configurezi-vpn\/\" class=\"ets-article-card\"><div class=\"ets-card-img\"><img decoding=\"async\" src=\"https:\/\/easytopspot.com\/wp-content\/uploads\/2026\/03\/hero-vpn-v2-300x168.jpg\" alt=\"Cum s\u0103 configurezi un VPN pe orice dispozitiv \u00een 2026: Ghid pas cu pas\" loading=\"lazy\" width=\"400\" height=\"225\" \/><\/div><span class=\"ets-card-cat\">VPN si Securitate<\/span><h3 class=\"ets-card-title\">Cum s\u0103 configurezi un VPN pe orice dispozitiv \u00een 2026: Ghid pas cu pas<\/h3><p class=\"ets-card-excerpt\">Acas\u0103 &rsaquo; VPN \u0219i securitate &rsaquo; Cum s\u0103 configurezi VPN Cum s\u0103 configurezi un VPN pe orice dispozitiv \u00een 2026:&hellip;<\/p><\/a><a href=\"https:\/\/easytopspot.com\/ro\/cele-mai-bune-platforme-email-marketing\/\" class=\"ets-article-card\"><div class=\"ets-card-img\"><img decoding=\"async\" src=\"https:\/\/easytopspot.com\/wp-content\/uploads\/2026\/03\/hero-email-marketing-v2-300x168.jpg\" alt=\"Cele Mai Bune Platforme de Email Marketing 2026: 7 Servicii Testate pentru Func\u021bionalit\u0103\u021bi, Livrabilitate \u0219i Raport Calitate-Pre\u021b\" loading=\"lazy\" width=\"400\" height=\"225\" \/><\/div><span class=\"ets-card-cat\">Marketing<\/span><h3 class=\"ets-card-title\">Cele Mai Bune Platforme de Email Marketing 2026: 7 Servicii Testate pentru Func\u021bionalit\u0103\u021bi, Livrabilitate \u0219i Raport Calitate-Pre\u021b<\/h3><p class=\"ets-card-excerpt\">Acas\u0103 &rsaquo; Email Marketing &rsaquo; Platforme Cele Mai Bune Platforme de Email Marketing 2026: 7 Servicii Testate pentru Func\u021bionalit\u0103\u021bi, Livrabilitate&hellip;<\/p><\/a><a href=\"https:\/\/easytopspot.com\/ro\/cele-mai-bune-servicii-vpn\/\" class=\"ets-article-card\"><div class=\"ets-card-img\"><img decoding=\"async\" src=\"https:\/\/easytopspot.com\/wp-content\/uploads\/2026\/03\/hero-vpn-v2-300x168.jpg\" alt=\"Cele mai bune servicii VPN 2026: 7 Furnizori Testa\u021bi pentru Vitez\u0103, Confiden\u021bialitate &amp; Streaming\" loading=\"lazy\" width=\"400\" height=\"225\" \/><\/div><span class=\"ets-card-cat\">VPN si Securitate<\/span><h3 class=\"ets-card-title\">Cele mai bune servicii VPN 2026: 7 Furnizori Testa\u021bi pentru Vitez\u0103, Confiden\u021bialitate &amp; Streaming<\/h3><p class=\"ets-card-excerpt\">Acas\u0103 &rsaquo; VPN &amp; Securitate &rsaquo; Servicii VPN Cele mai bune servicii VPN 2026: 7 Furnizori Testa\u021bi pentru Vitez\u0103, Confiden\u021bialitate&hellip;<\/p><\/a><a href=\"https:\/\/easytopspot.com\/ro\/cele-mai-bune-managere-parole\/\" class=\"ets-article-card\"><div class=\"ets-card-img\"><img decoding=\"async\" src=\"https:\/\/easytopspot.com\/wp-content\/uploads\/2026\/03\/hero-password-managers-v2-300x168.jpg\" alt=\"Cele mai bune managere de parole 2026: 7 aplica\u021bii testate pentru securitate \u0219i u\u0219urin\u021b\u0103 \u00een utilizare\" loading=\"lazy\" width=\"400\" height=\"225\" \/><\/div><span class=\"ets-card-cat\">Uncategorized<\/span><h3 class=\"ets-card-title\">Cele mai bune managere de parole 2026: 7 aplica\u021bii testate pentru securitate \u0219i u\u0219urin\u021b\u0103 \u00een utilizare<\/h3><p class=\"ets-card-excerpt\">Acas\u0103 &rsaquo; Software &rsaquo; Managere de parole Cele mai bune managere de parole 2026: 7 aplica\u021bii testate pentru securitate \u0219i&hellip;<\/p><\/a><\/div><\/div>\n<\/div>\n","protected":false},"excerpt":{"rendered":"<p>Recenzii independente de \u00eencredere Test\u0103m, compar\u0103m \u0219i clasific\u0103m produsele. Exploreaz\u0103 pe categorii TehnologieFinan\u021beMarketingS\u0103n\u0103tateVPN \u0219i Securitate Ultimele articole<\/p>\n","protected":false},"author":0,"featured_media":0,"parent":0,"menu_order":0,"comment_status":"closed","ping_status":"closed","template":"","meta":{"footnotes":""},"class_list":["post-39","page","type-page","status-publish","hentry"],"_links":{"self":[{"href":"https:\/\/easytopspot.com\/ro\/wp-json\/wp\/v2\/pages\/39","targetHints":{"allow":["GET"]}}],"collection":[{"href":"https:\/\/easytopspot.com\/ro\/wp-json\/wp\/v2\/pages"}],"about":[{"href":"https:\/\/easytopspot.com\/ro\/wp-json\/wp\/v2\/types\/page"}],"replies":[{"embeddable":true,"href":"https:\/\/easytopspot.com\/ro\/wp-json\/wp\/v2\/comments?post=39"}],"version-history":[{"count":5,"href":"https:\/\/easytopspot.com\/ro\/wp-json\/wp\/v2\/pages\/39\/revisions"}],"predecessor-version":[{"id":871,"href":"https:\/\/easytopspot.com\/ro\/wp-json\/wp\/v2\/pages\/39\/revisions\/871"}],"wp:attachment":[{"href":"https:\/\/easytopspot.com\/ro\/wp-json\/wp\/v2\/media?parent=39"}],"curies":[{"name":"wp","href":"https:\/\/api.w.org\/{rel}","templated":true}]}}