{"id":1435,"date":"2026-03-08T14:05:11","date_gmt":"2026-03-08T14:05:11","guid":{"rendered":"https:\/\/easytopspot.com\/o-nas-sk\/"},"modified":"2026-03-08T14:05:11","modified_gmt":"2026-03-08T14:05:11","slug":"o-nas-sk","status":"publish","type":"page","link":"https:\/\/easytopspot.com\/sk\/o-nas-sk\/","title":{"rendered":"O N\u00e1s"},"content":{"rendered":"<div class=\"fp\">\n<h1>O EasyTopSpot<\/h1>\n<p>EasyTopSpot je nez\u00e1visl\u00fd web s recenziami a porovnaniami produktov. Testujeme skuto\u010dn\u00e9 produkty v re\u00e1lnych podmienkach a publikujeme \u010destn\u00e9, nestrann\u00e9 recenzie.<\/p>\n<h2>Ako zar\u00e1bame<\/h2>\n<p>Dost\u00e1vame affiliate prov\u00edzie, ke\u010f nak\u00fapite produkty cez na\u0161e odkazy.<\/p>\n<h2>Kontakt<\/h2>\n<p>Ot\u00e1zky? Nap\u00ed\u0161te n\u00e1m: <strong>contact@easytopspot.com<\/strong><\/p>\n<\/div>\n","protected":false},"excerpt":{"rendered":"<p>O EasyTopSpot EasyTopSpot je nez\u00e1visl\u00fd web s recenziami a porovnaniami produktov. Testujeme skuto\u010dn\u00e9 produkty v re\u00e1lnych podmienkach a publikujeme \u010destn\u00e9, nestrann\u00e9 recenzie. Ako zar\u00e1bame Dost\u00e1vame affiliate prov\u00edzie, ke\u010f nak\u00fapite produkty &#8230; <a title=\"O N\u00e1s\" class=\"read-more\" href=\"https:\/\/easytopspot.com\/sk\/o-nas-sk\/\" aria-label=\"Read more about O N\u00e1s\">Read More \u2192<\/a><\/p>\n","protected":false},"author":3,"featured_media":0,"parent":0,"menu_order":0,"comment_status":"closed","ping_status":"closed","template":"","meta":{"footnotes":""},"class_list":["post-1435","page","type-page","status-publish"],"_links":{"self":[{"href":"https:\/\/easytopspot.com\/sk\/wp-json\/wp\/v2\/pages\/1435","targetHints":{"allow":["GET"]}}],"collection":[{"href":"https:\/\/easytopspot.com\/sk\/wp-json\/wp\/v2\/pages"}],"about":[{"href":"https:\/\/easytopspot.com\/sk\/wp-json\/wp\/v2\/types\/page"}],"author":[{"embeddable":true,"href":"https:\/\/easytopspot.com\/sk\/wp-json\/wp\/v2\/users\/3"}],"replies":[{"embeddable":true,"href":"https:\/\/easytopspot.com\/sk\/wp-json\/wp\/v2\/comments?post=1435"}],"version-history":[{"count":0,"href":"https:\/\/easytopspot.com\/sk\/wp-json\/wp\/v2\/pages\/1435\/revisions"}],"wp:attachment":[{"href":"https:\/\/easytopspot.com\/sk\/wp-json\/wp\/v2\/media?parent=1435"}],"curies":[{"name":"wp","href":"https:\/\/api.w.org\/{rel}","templated":true}]}}