{"id":1459,"date":"2026-03-08T14:05:18","date_gmt":"2026-03-08T14:05:18","guid":{"rendered":"https:\/\/easytopspot.com\/ochrana-sukromia\/"},"modified":"2026-03-08T14:05:18","modified_gmt":"2026-03-08T14:05:18","slug":"ochrana-sukromia","status":"publish","type":"page","link":"https:\/\/easytopspot.com\/sk\/ochrana-sukromia\/","title":{"rendered":"Ochrana S\u00fakromia"},"content":{"rendered":"<div class=\"fp\">\n<h1>Ochrana S\u00fakromia<\/h1>\n<p><em>Posledn\u00e1 aktualiz\u00e1cia: Marec 2026<\/em><\/p>\n<p>Zhroma\u017e\u010fujeme anonymn\u00e9 \u00fadaje o pou\u017e\u00edvan\u00ed prostredn\u00edctvom s\u00faborov cookie a analytick\u00fdch n\u00e1strojov. Nezhroma\u017e\u010fujeme osobn\u00e9 \u00fadaje, pokia\u013e ich dobrovo\u013ene neposkytnete. Kontakt: contact@easytopspot.com.<\/p>\n<\/div>\n","protected":false},"excerpt":{"rendered":"<p>Ochrana S\u00fakromia Posledn\u00e1 aktualiz\u00e1cia: Marec 2026 Zhroma\u017e\u010fujeme anonymn\u00e9 \u00fadaje o pou\u017e\u00edvan\u00ed prostredn\u00edctvom s\u00faborov cookie a analytick\u00fdch n\u00e1strojov. Nezhroma\u017e\u010fujeme osobn\u00e9 \u00fadaje, pokia\u013e ich dobrovo\u013ene neposkytnete. Kontakt: contact@easytopspot.com.<\/p>\n","protected":false},"author":3,"featured_media":0,"parent":0,"menu_order":0,"comment_status":"closed","ping_status":"closed","template":"","meta":{"footnotes":""},"class_list":["post-1459","page","type-page","status-publish"],"_links":{"self":[{"href":"https:\/\/easytopspot.com\/sk\/wp-json\/wp\/v2\/pages\/1459","targetHints":{"allow":["GET"]}}],"collection":[{"href":"https:\/\/easytopspot.com\/sk\/wp-json\/wp\/v2\/pages"}],"about":[{"href":"https:\/\/easytopspot.com\/sk\/wp-json\/wp\/v2\/types\/page"}],"author":[{"embeddable":true,"href":"https:\/\/easytopspot.com\/sk\/wp-json\/wp\/v2\/users\/3"}],"replies":[{"embeddable":true,"href":"https:\/\/easytopspot.com\/sk\/wp-json\/wp\/v2\/comments?post=1459"}],"version-history":[{"count":0,"href":"https:\/\/easytopspot.com\/sk\/wp-json\/wp\/v2\/pages\/1459\/revisions"}],"wp:attachment":[{"href":"https:\/\/easytopspot.com\/sk\/wp-json\/wp\/v2\/media?parent=1459"}],"curies":[{"name":"wp","href":"https:\/\/api.w.org\/{rel}","templated":true}]}}