{"id":1483,"date":"2026-03-08T14:05:26","date_gmt":"2026-03-08T14:05:26","guid":{"rendered":"https:\/\/easytopspot.com\/kontakt-sk\/"},"modified":"2026-03-08T14:05:26","modified_gmt":"2026-03-08T14:05:26","slug":"kontakt-sk","status":"publish","type":"page","link":"https:\/\/easytopspot.com\/sk\/kontakt-sk\/","title":{"rendered":"Kontakt"},"content":{"rendered":"<div class=\"fp\">\n<h1>Kontakt<\/h1>\n<p>M\u00e1te ot\u00e1zku k recenzii, n\u00e1vrh produktu alebo obchodn\u00fa po\u017eiadavku? Radi by sme od v\u00e1s po\u010duli.<\/p>\n<p><strong>Email:<\/strong> contact@easytopspot.com<\/p>\n<\/div>\n","protected":false},"excerpt":{"rendered":"<p>Kontakt M\u00e1te ot\u00e1zku k recenzii, n\u00e1vrh produktu alebo obchodn\u00fa po\u017eiadavku? Radi by sme od v\u00e1s po\u010duli. Email: contact@easytopspot.com<\/p>\n","protected":false},"author":3,"featured_media":0,"parent":0,"menu_order":0,"comment_status":"closed","ping_status":"closed","template":"","meta":{"footnotes":""},"class_list":["post-1483","page","type-page","status-publish"],"_links":{"self":[{"href":"https:\/\/easytopspot.com\/sk\/wp-json\/wp\/v2\/pages\/1483","targetHints":{"allow":["GET"]}}],"collection":[{"href":"https:\/\/easytopspot.com\/sk\/wp-json\/wp\/v2\/pages"}],"about":[{"href":"https:\/\/easytopspot.com\/sk\/wp-json\/wp\/v2\/types\/page"}],"author":[{"embeddable":true,"href":"https:\/\/easytopspot.com\/sk\/wp-json\/wp\/v2\/users\/3"}],"replies":[{"embeddable":true,"href":"https:\/\/easytopspot.com\/sk\/wp-json\/wp\/v2\/comments?post=1483"}],"version-history":[{"count":0,"href":"https:\/\/easytopspot.com\/sk\/wp-json\/wp\/v2\/pages\/1483\/revisions"}],"wp:attachment":[{"href":"https:\/\/easytopspot.com\/sk\/wp-json\/wp\/v2\/media?parent=1483"}],"curies":[{"name":"wp","href":"https:\/\/api.w.org\/{rel}","templated":true}]}}